{"id":5551,"date":"2019-05-20T11:29:12","date_gmt":"2019-05-20T08:29:12","guid":{"rendered":"http:\/\/test.garantikompozit.com\/?post_type=product&#038;p=5551"},"modified":"2019-08-20T11:10:05","modified_gmt":"2019-08-20T08:10:05","slug":"kolay-kurulan-tek-kisilik-cadir","status":"publish","type":"product","link":"https:\/\/www.garantikompozit.com\/tr\/urun\/kolay-kurulan-tek-kisilik-cadir\/","title":{"rendered":"Kolay Kurulan Tek Ki\u015filik \u00c7ad\u0131r"},"content":{"rendered":"<div class=\"fl w87 ml30 argePageTitle fl mt20\">\u00dcr\u00fcn \u00d6zellikleri<\/div>\n<div class=\"fl w100 productKeyFeatures\">\n<div class=\"fl w87 productKeyFeatureWrapper\">\n<ul>\n<li>Su ge\u00e7irmez<\/li>\n<li>Nefes alabilen<\/li>\n<li>Olduk\u00e7a hafif ve d\u00f6k\u00fcmc\u00fcl\u00fc\u011f\u00fc y\u00fcksek kuma\u015flardan imal edilmi\u015ftir.<\/li>\n<li>T\u00fcm aparatlar\u0131 k\u00fc\u00e7\u00fck bir \u00e7anta i\u00e7erisinde toplanmaktad\u0131r.<\/li>\n<\/ul>\n<\/div>\n<\/div>\n","protected":false},"excerpt":{"rendered":"<p>D\u0131\u015f kuma\u015f\u0131; %100 naylon, ripstop, hafif ve \u00e7ok yumu\u015fak tu\u015feye sahiptir. D\u0131\u015f kuma\u015f su iticilik ve su ge\u00e7irmezlik \u00f6zelli\u011fine sahip olup d\u00f6k\u00fcml\u00fcl\u00fck katsay\u0131s\u0131 olduk\u00e7a y\u00fcksektir.<\/p>\n","protected":false},"featured_media":5555,"template":"","meta":[],"class_list":["post-5551","product","type-product","status-publish","has-post-thumbnail","hentry","product_cat-cadir","product_cat-fonksiyonel-ic-ve-dis-giyim","product_cat-uyku-tulumlari-ve-cadirlar"],"_links":{"self":[{"href":"https:\/\/www.garantikompozit.com\/tr\/wp-json\/wp\/v2\/product\/5551","targetHints":{"allow":["GET"]}}],"collection":[{"href":"https:\/\/www.garantikompozit.com\/tr\/wp-json\/wp\/v2\/product"}],"about":[{"href":"https:\/\/www.garantikompozit.com\/tr\/wp-json\/wp\/v2\/types\/product"}],"wp:featuredmedia":[{"embeddable":true,"href":"https:\/\/www.garantikompozit.com\/tr\/wp-json\/wp\/v2\/media\/5555"}],"wp:attachment":[{"href":"https:\/\/www.garantikompozit.com\/tr\/wp-json\/wp\/v2\/media?parent=5551"}],"curies":[{"name":"wp","href":"https:\/\/api.w.org\/{rel}","templated":true}]}}