{"id":5546,"date":"2019-05-20T11:27:20","date_gmt":"2019-05-20T08:27:20","guid":{"rendered":"http:\/\/test.garantikompozit.com\/?post_type=product&#038;p=5546"},"modified":"2019-08-20T11:10:14","modified_gmt":"2019-08-20T08:10:14","slug":"kaz-tuyu-tulum","status":"publish","type":"product","link":"https:\/\/www.garantikompozit.com\/tr\/urun\/kaz-tuyu-tulum\/","title":{"rendered":"Kaz T\u00fcy\u00fc Tulum"},"content":{"rendered":"<div class=\"fl w87 ml30 argePageTitle fl mt20\">\u00dcr\u00fcn \u00d6zellikleri<\/div>\n<div class=\"fl w100 productKeyFeatures\">\n<div class=\"fl w87 productKeyFeatureWrapper\">\n<ul>\n<li>\u00a0Konfor s\u0131cakl\u0131k aral\u0131\u011f\u0131 : \u00a0 \u00a0 \u00a0 0 &#8211; (-10) \u00b0C<\/li>\n<li>\u00a0Konfor s\u0131cakl\u0131k aral\u0131\u011f\u0131 : \u00a0(-10) &#8211; (-15) \u00b0C<\/li>\n<li>\u00a0Konfor s\u0131cakl\u0131k aral\u0131\u011f\u0131 : \u00a0(-15) &#8211; (-30) \u00b0C<\/li>\n<li>\u00a0Konfor s\u0131cakl\u0131k aral\u0131\u011f\u0131 : \u00a0(-30) &#8211; (-45) \u00b0C<\/li>\n<\/ul>\n<\/div>\n<\/div>\n","protected":false},"excerpt":{"rendered":"<p>D\u0131\u015f kuma\u015f\u0131; %100 naylon, ripstop, hafif ve \u00e7ok yumu\u015fak tu\u015feye sahip olup d\u00f6k\u00fcml\u00fcl\u00fc\u011f\u00fc y\u00fcksektir.\u00a0 D\u0131\u015f kuma\u015f su iticilik ve su ge\u00e7irmezlik \u00f6zelli\u011fine sahip olup dayan\u0131kl\u0131l\u0131k ve konforu garanti eder. Kullan\u0131lan kaz t\u00fcy\u00fc dolgu malzemesi sayesinde olduk\u00e7a hafif olup so\u011fu\u011fa kar\u015f\u0131 koruma de\u011feri \u00e7ok y\u00fcksektir.<\/p>\n","protected":false},"featured_media":5550,"template":"","meta":[],"class_list":["post-5546","product","type-product","status-publish","has-post-thumbnail","hentry","product_cat-fonksiyonel-ic-ve-dis-giyim","product_cat-tulum","product_cat-uyku-tulumlari-ve-cadirlar"],"_links":{"self":[{"href":"https:\/\/www.garantikompozit.com\/tr\/wp-json\/wp\/v2\/product\/5546","targetHints":{"allow":["GET"]}}],"collection":[{"href":"https:\/\/www.garantikompozit.com\/tr\/wp-json\/wp\/v2\/product"}],"about":[{"href":"https:\/\/www.garantikompozit.com\/tr\/wp-json\/wp\/v2\/types\/product"}],"wp:featuredmedia":[{"embeddable":true,"href":"https:\/\/www.garantikompozit.com\/tr\/wp-json\/wp\/v2\/media\/5550"}],"wp:attachment":[{"href":"https:\/\/www.garantikompozit.com\/tr\/wp-json\/wp\/v2\/media?parent=5546"}],"curies":[{"name":"wp","href":"https:\/\/api.w.org\/{rel}","templated":true}]}}