{"id":5536,"date":"2019-05-20T11:19:14","date_gmt":"2019-05-20T08:19:14","guid":{"rendered":"http:\/\/test.garantikompozit.com\/?post_type=product&#038;p=5536"},"modified":"2019-08-20T11:10:31","modified_gmt":"2019-08-20T08:10:31","slug":"izolasyon-kiyafeti-30-derece","status":"publish","type":"product","link":"https:\/\/www.garantikompozit.com\/tr\/urun\/izolasyon-kiyafeti-30-derece\/","title":{"rendered":"\u0130zolasyon K\u0131yafeti -30 Derece"},"content":{"rendered":"<div class=\"fl w87 ml30 argePageTitle fl mt20\">\u00dcr\u00fcn \u00d6zellikleri<\/div>\n<div class=\"fl w100 productKeyFeatures\">\n<div class=\"fl w87 productKeyFeatureWrapper\">\n<ul>\n<li>\u00dcst beden \u0131s\u0131 yal\u0131t\u0131m elyaf\u0131 220g\/m2, termal direnci (Rct) 0,600 m2K\/Wdir.<\/li>\n<li>Alt beden \u0131s\u0131 yal\u0131t\u0131m elyaf\u0131 145g\/m2, termal direnci (Rct) 0,420 m2K\/Wdir.<\/li>\n<li>D\u0131\u015f kuma\u015f ePTFE membranl\u0131, Windstopper \u00f6zellikli, doku t\u00fcr\u00fc Rip-Stop olan, Nefes alabilirli\u011fi y\u00fcksek %100 polyester elyaftan \u00fcretilmi\u015ftir.<\/li>\n<li>Astar kuma\u015f\u0131 %100 polyamid elyaftan \u00fcretilmi\u015ftir.<\/li>\n<li>Omuz, dirsek ve koltuk alan\u0131nda Cordura takviye kuma\u015f\u0131 kullan\u0131lm\u0131\u015ft\u0131r.<\/li>\n<\/ul>\n<\/div>\n<\/div>\n","protected":false},"excerpt":{"rendered":"<p>\u0130zolasyon K\u0131yafeti; pantolon ve ceket olarak \u00fcretilmi\u015f olup -30 \u00b0C s\u0131cakl\u0131\u011fa kadar konfor s\u0131cakl\u0131\u011f\u0131 sa\u011flayacak \u0131s\u0131 yal\u0131t\u0131m\u0131na sahiptir. Alt beden beli saracak y\u00fckseklikte olup \u00fcr\u00fcn EN 342 standard\u0131na uygundur.<\/p>\n","protected":false},"featured_media":5540,"template":"","meta":[],"class_list":["post-5536","product","type-product","status-publish","has-post-thumbnail","hentry","product_cat-fonksiyonel-ic-ve-dis-giyim","product_cat-izolasyon-kiyafetler","product_cat-su-gecirmez-ve-nefes-alabilen-kiyafetler"],"_links":{"self":[{"href":"https:\/\/www.garantikompozit.com\/tr\/wp-json\/wp\/v2\/product\/5536","targetHints":{"allow":["GET"]}}],"collection":[{"href":"https:\/\/www.garantikompozit.com\/tr\/wp-json\/wp\/v2\/product"}],"about":[{"href":"https:\/\/www.garantikompozit.com\/tr\/wp-json\/wp\/v2\/types\/product"}],"wp:featuredmedia":[{"embeddable":true,"href":"https:\/\/www.garantikompozit.com\/tr\/wp-json\/wp\/v2\/media\/5540"}],"wp:attachment":[{"href":"https:\/\/www.garantikompozit.com\/tr\/wp-json\/wp\/v2\/media?parent=5536"}],"curies":[{"name":"wp","href":"https:\/\/api.w.org\/{rel}","templated":true}]}}