{"id":5531,"date":"2019-05-20T11:15:27","date_gmt":"2019-05-20T08:15:27","guid":{"rendered":"http:\/\/test.garantikompozit.com\/?post_type=product&#038;p=5531"},"modified":"2019-08-20T11:10:43","modified_gmt":"2019-08-20T08:10:43","slug":"izolasyon-kiyafeti","status":"publish","type":"product","link":"https:\/\/www.garantikompozit.com\/tr\/urun\/izolasyon-kiyafeti\/","title":{"rendered":"\u0130zolasyon K\u0131yafeti"},"content":{"rendered":"<div class=\"fl w87 ml30 argePageTitle fl mt20\">\u00dcr\u00fcn \u00d6zellikleri<\/div>\n<div class=\"fl w100 productKeyFeatures\">\n<div class=\"fl w87 productKeyFeatureWrapper\">\n<ul>\n<li>Is\u0131 yal\u0131t\u0131m elyaf\u0131 220 \u00b1 15 g\/m\u00b2<\/li>\n<li>Rct &gt; 0,500 m\u00b2K\/W<\/li>\n<\/ul>\n<\/div>\n<\/div>\n","protected":false},"excerpt":{"rendered":"<p>\u0130zolasyon K\u0131yafeti; pantolon ve ceket olarak \u00fcretilmi\u015f olup -20 \u00b0C s\u0131cakl\u0131\u011fa kadar konfor s\u0131cakl\u0131\u011f\u0131 sa\u011flayacak \u0131s\u0131 yal\u0131t\u0131m\u0131na sahiptir.<\/p>\n","protected":false},"featured_media":5535,"template":"","meta":[],"class_list":["post-5531","product","type-product","status-publish","has-post-thumbnail","hentry","product_cat-fonksiyonel-ic-ve-dis-giyim","product_cat-izolasyon-kiyafetler","product_cat-su-gecirmez-ve-nefes-alabilen-kiyafetler"],"_links":{"self":[{"href":"https:\/\/www.garantikompozit.com\/tr\/wp-json\/wp\/v2\/product\/5531","targetHints":{"allow":["GET"]}}],"collection":[{"href":"https:\/\/www.garantikompozit.com\/tr\/wp-json\/wp\/v2\/product"}],"about":[{"href":"https:\/\/www.garantikompozit.com\/tr\/wp-json\/wp\/v2\/types\/product"}],"wp:featuredmedia":[{"embeddable":true,"href":"https:\/\/www.garantikompozit.com\/tr\/wp-json\/wp\/v2\/media\/5535"}],"wp:attachment":[{"href":"https:\/\/www.garantikompozit.com\/tr\/wp-json\/wp\/v2\/media?parent=5531"}],"curies":[{"name":"wp","href":"https:\/\/api.w.org\/{rel}","templated":true}]}}