{"id":5526,"date":"2019-05-20T11:12:21","date_gmt":"2019-05-20T08:12:21","guid":{"rendered":"http:\/\/test.garantikompozit.com\/?post_type=product&#038;p=5526"},"modified":"2019-08-20T11:10:53","modified_gmt":"2019-08-20T08:10:53","slug":"softshell-mont","status":"publish","type":"product","link":"https:\/\/www.garantikompozit.com\/tr\/urun\/softshell-mont\/","title":{"rendered":"Softshell Mont"},"content":{"rendered":"<div class=\"fl w87 ml30 argePageTitle fl mt20\">\u00dcr\u00fcn \u00d6zellikleri<\/div>\n<div class=\"fl w100 productKeyFeatures\">\n<div class=\"fl w87 productKeyFeatureWrapper\">\n<ul>\n<li>D\u0131\u015f kuma\u015f Ret &lt; 15 m\u00b2Pa\/W, Rct &gt; 0,025 m\u00b2K\/W<\/li>\n<li>Su ge\u00e7irmezli\u011fi &gt; 10.000 mmss<\/li>\n<\/ul>\n<\/div>\n<\/div>\n","protected":false},"excerpt":{"rendered":"<p>\u00dcst Kuma\u015f\u0131 Polyamid veya polyester, ara katman fonksiyonel membran ve t\u00fcylendirilmi\u015f \u00f6rme i\u00e7 astar olmak \u00fczere 3 katman\u0131n laminasyonu ile elde edilmi\u015f d\u0131\u015f kuma\u015f kullan\u0131lm\u0131\u015ft\u0131r.<\/p>\n","protected":false},"featured_media":5530,"template":"","meta":[],"class_list":["post-5526","product","type-product","status-publish","has-post-thumbnail","hentry","product_cat-alternatif-uygulayabilecegimiz-kamuflajlar","product_cat-fonksiyonel-ic-ve-dis-giyim","product_cat-su-gecirmez-ve-nefes-alabilen-kiyafetler"],"_links":{"self":[{"href":"https:\/\/www.garantikompozit.com\/tr\/wp-json\/wp\/v2\/product\/5526","targetHints":{"allow":["GET"]}}],"collection":[{"href":"https:\/\/www.garantikompozit.com\/tr\/wp-json\/wp\/v2\/product"}],"about":[{"href":"https:\/\/www.garantikompozit.com\/tr\/wp-json\/wp\/v2\/types\/product"}],"wp:featuredmedia":[{"embeddable":true,"href":"https:\/\/www.garantikompozit.com\/tr\/wp-json\/wp\/v2\/media\/5530"}],"wp:attachment":[{"href":"https:\/\/www.garantikompozit.com\/tr\/wp-json\/wp\/v2\/media?parent=5526"}],"curies":[{"name":"wp","href":"https:\/\/api.w.org\/{rel}","templated":true}]}}