{"id":5521,"date":"2019-05-20T11:09:23","date_gmt":"2019-05-20T08:09:23","guid":{"rendered":"http:\/\/test.garantikompozit.com\/?post_type=product&#038;p=5521"},"modified":"2019-08-20T11:10:59","modified_gmt":"2019-08-20T08:10:59","slug":"mont","status":"publish","type":"product","link":"https:\/\/www.garantikompozit.com\/tr\/urun\/mont\/","title":{"rendered":"Mont"},"content":{"rendered":"<div class=\"fl w87 ml30 argePageTitle fl mt20\">\u00dcr\u00fcn \u00d6zellikleri<\/div>\n<div class=\"fl w100 productKeyFeatures\">\n<div class=\"fl w87 productKeyFeatureWrapper\">\n<ul>\n<li>D\u0131\u015f kuma\u015f Ret &lt; 10 m\u00b2Pa\/W<\/li>\n<li>Su ge\u00e7irmezli\u011fi &gt; 10.000 mmss<\/li>\n<\/ul>\n<\/div>\n<\/div>\n","protected":false},"excerpt":{"rendered":"<p>\u00dcst Kuma\u015f\u0131 Polyamid veya polyester, ara katman fonksiyonel membran\u00a0 olmak \u00fczere 2 katman\u0131n laminasyonu ile elde edilmi\u015f d\u0131\u015f kuma\u015f kullan\u0131larak su ge\u00e7irmezlik ve nefeslabilirlik sa\u011flanm\u0131\u015ft\u0131r. Diki\u015f yerleri 2 katl\u0131 kaynak band\u0131 ile kapat\u0131larak y\u00fcksek su ge\u00e7irmez \u00f6zelli\u011fi \u00fcr\u00fcn\u00fcn her yerinde muhafaza edilmektedir.<\/p>\n","protected":false},"featured_media":5525,"template":"","meta":[],"class_list":["post-5521","product","type-product","status-publish","has-post-thumbnail","hentry","product_cat-alternatif-uygulayabilecegimiz-kamuflajlar","product_cat-fonksiyonel-ic-ve-dis-giyim","product_cat-su-gecirmez-ve-nefes-alabilen-kiyafetler"],"_links":{"self":[{"href":"https:\/\/www.garantikompozit.com\/tr\/wp-json\/wp\/v2\/product\/5521","targetHints":{"allow":["GET"]}}],"collection":[{"href":"https:\/\/www.garantikompozit.com\/tr\/wp-json\/wp\/v2\/product"}],"about":[{"href":"https:\/\/www.garantikompozit.com\/tr\/wp-json\/wp\/v2\/types\/product"}],"wp:featuredmedia":[{"embeddable":true,"href":"https:\/\/www.garantikompozit.com\/tr\/wp-json\/wp\/v2\/media\/5525"}],"wp:attachment":[{"href":"https:\/\/www.garantikompozit.com\/tr\/wp-json\/wp\/v2\/media?parent=5521"}],"curies":[{"name":"wp","href":"https:\/\/api.w.org\/{rel}","templated":true}]}}