{"id":5508,"date":"2019-05-20T11:01:39","date_gmt":"2019-05-20T08:01:39","guid":{"rendered":"http:\/\/test.garantikompozit.com\/?post_type=product&#038;p=5508"},"modified":"2019-08-20T11:11:47","modified_gmt":"2019-08-20T08:11:47","slug":"parka","status":"publish","type":"product","link":"https:\/\/www.garantikompozit.com\/tr\/urun\/parka\/","title":{"rendered":"Parka"},"content":{"rendered":"<div class=\"fl w87 ml30 argePageTitle fl mt20\">\u00dcr\u00fcn \u00d6zellikleri<\/div>\n<div class=\"fl w100 productKeyFeatures\">\n<div class=\"fl w87 productKeyFeatureWrapper\">\n<ul>\n<li>D\u0131\u015f kuma\u015f Ret &lt; 13 m\u00b2Pa\/W<\/li>\n<li>Su ge\u00e7irmezli\u011fi &gt; 10.000 mmss<\/li>\n<\/ul>\n<\/div>\n<\/div>\n","protected":false},"excerpt":{"rendered":"<p>So\u011fuk \u0130klim Parkas\u0131; d\u0131\u015f ceket, i\u00e7 ceket ve kop\u015fondan olu\u015fmaktad\u0131r. \u00dcst Kuma\u015f\u0131 Polyamid veya polyester, ara katman fonksiyonel membran ve \u00e7\u00f6zg\u00fcl\u00fc \u00f6rme i\u00e7 astar olmak \u00fczere 3 katman\u0131n laminasyonu ile elde edilmi\u015ftir d\u0131\u015f kuma\u015f kullan\u0131lm\u0131\u015ft\u0131r. Diki\u015f yerleri 3 katl\u0131 kaynak band\u0131 ile kapat\u0131larak y\u00fcksek su ge\u00e7irmez \u00f6zelli\u011fi \u00fcr\u00fcn\u00fcn her yerinde muhafaza edilmektedir.<\/p>\n","protected":false},"featured_media":5509,"template":"","meta":[],"class_list":["post-5508","product","type-product","status-publish","has-post-thumbnail","hentry","product_cat-fonksiyonel-ic-ve-dis-giyim","product_cat-soguk-iklim-kiyafetleri","product_cat-su-gecirmez-ve-nefes-alabilen-kiyafetler"],"_links":{"self":[{"href":"https:\/\/www.garantikompozit.com\/tr\/wp-json\/wp\/v2\/product\/5508","targetHints":{"allow":["GET"]}}],"collection":[{"href":"https:\/\/www.garantikompozit.com\/tr\/wp-json\/wp\/v2\/product"}],"about":[{"href":"https:\/\/www.garantikompozit.com\/tr\/wp-json\/wp\/v2\/types\/product"}],"wp:featuredmedia":[{"embeddable":true,"href":"https:\/\/www.garantikompozit.com\/tr\/wp-json\/wp\/v2\/media\/5509"}],"wp:attachment":[{"href":"https:\/\/www.garantikompozit.com\/tr\/wp-json\/wp\/v2\/media?parent=5508"}],"curies":[{"name":"wp","href":"https:\/\/api.w.org\/{rel}","templated":true}]}}