{"id":5506,"date":"2020-12-28T12:40:40","date_gmt":"2020-12-28T09:40:40","guid":{"rendered":"http:\/\/test.garantikompozit.com\/?post_type=product&#038;p=5506"},"modified":"2021-04-15T11:54:58","modified_gmt":"2021-04-15T08:54:58","slug":"add-on-ek-koruyucu-zirhli-plaka","status":"publish","type":"product","link":"https:\/\/www.garantikompozit.com\/tr\/urun\/add-on-ek-koruyucu-zirhli-plaka\/","title":{"rendered":"Add-On Ek Koruyucu Z\u0131rhl\u0131 Plaka"},"content":{"rendered":"<div class=\"fl w87 ml30 argePageTitle fl mt20\">\u00dcr\u00fcn \u00d6zellikleri<\/div>\n<div class=\"fl w100 productKeyFeatures\">\n<div class=\"fl w87 productKeyFeatureWrapper\">\n<ul>\n<li><strong>\u00d6l\u00e7\u00fcler:<\/strong>\u00a0M \u2013 L \u2013 XL \u2013 XXL<\/li>\n<li><strong>Malzeme:<\/strong>\u00a0UHMWPE<\/li>\n<li><strong>NIJ Seviye III Balistik Mukavemet:<\/strong>\u00a07,62&#215;39 MSC<\/li>\n<li><strong>STANAG 2920 1,1g \u015earapnel V50 De\u011feri:<\/strong>\u00a0Min. 1000 m\/s<\/li>\n<li><strong>Renk Alternatifleri:<\/strong>\u00a0Black, Foliage Green, Tan<\/li>\n<li><strong>D\u0131\u015f Y\u00fczey Alanlar\u0131:<\/strong><br \/>\n\u00d6n Par\u00e7a (+\/- 5 cm\u00b2) : 350 &#8211; 430<br \/>\nArka Par\u00e7a (+\/- 5 cm\u00b2) : 380 &#8211; 525<\/li>\n<li><strong>A\u011f\u0131rl\u0131klar\u0131:<\/strong><br \/>\n\u00d6n Par\u00e7a (+\/- 5 g) : 435 &#8211; 500<br \/>\nArka Par\u00e7a (+\/- 5 g) : 475 &#8211; 600<\/li>\n<\/ul>\n<\/div>\n<\/div>\n","protected":false},"excerpt":{"rendered":"<p>Add-on Ek Koruyucu Z\u0131rhl\u0131 Plaka<\/p>\n","protected":false},"featured_media":14569,"template":"","meta":[],"class_list":["post-5506","product","type-product","status-publish","has-post-thumbnail","hentry","product_cat-balistik-koruyucu-basliklar-ve-aksesuarlar"],"_links":{"self":[{"href":"https:\/\/www.garantikompozit.com\/tr\/wp-json\/wp\/v2\/product\/5506","targetHints":{"allow":["GET"]}}],"collection":[{"href":"https:\/\/www.garantikompozit.com\/tr\/wp-json\/wp\/v2\/product"}],"about":[{"href":"https:\/\/www.garantikompozit.com\/tr\/wp-json\/wp\/v2\/types\/product"}],"wp:featuredmedia":[{"embeddable":true,"href":"https:\/\/www.garantikompozit.com\/tr\/wp-json\/wp\/v2\/media\/14569"}],"wp:attachment":[{"href":"https:\/\/www.garantikompozit.com\/tr\/wp-json\/wp\/v2\/media?parent=5506"}],"curies":[{"name":"wp","href":"https:\/\/api.w.org\/{rel}","templated":true}]}}