{"id":5502,"date":"2020-12-28T10:00:00","date_gmt":"2020-12-28T07:00:00","guid":{"rendered":"http:\/\/test.garantikompozit.com\/?post_type=product&#038;p=5502"},"modified":"2021-03-22T13:38:11","modified_gmt":"2021-03-22T10:38:11","slug":"agirlik-dengeleyicisi","status":"publish","type":"product","link":"https:\/\/www.garantikompozit.com\/tr\/urun\/agirlik-dengeleyicisi\/","title":{"rendered":"A\u011f\u0131rl\u0131k Dengeleyicisi"},"content":{"rendered":"<div class=\"fl w87 ml30 argePageTitle fl mt20\">\u00dcr\u00fcn \u00d6zellikleri<\/div>\n<div class=\"fl w100 productKeyFeatures\">\n<div class=\"fl w87 productKeyFeatureWrapper\">\n<ul>\n<li><strong>A\u011f\u0131rl\u0131k:<\/strong>\u00a070 g x 5 adet paslanmaz \u00e7elik \u00e7ubuk<\/li>\n<li><strong>\u00d6l\u00e7\u00fc (mm):<\/strong>\u00a0Geni\u015flik: 75, Y\u00fckseklik: 26, Uzunluk: 49<\/li>\n<li><strong>Birle\u015ftirme:<\/strong>\u00a0C\u0131rt band ile<\/li>\n<\/ul>\n<\/div>\n<\/div>\n","protected":false},"excerpt":{"rendered":"<p>A\u011f\u0131rl\u0131k Dengeleyicisi<\/p>\n","protected":false},"featured_media":5770,"template":"","meta":[],"class_list":["post-5502","product","type-product","status-publish","has-post-thumbnail","hentry","product_cat-balistik-koruyucu-aksesuarlar","product_cat-balistik-koruyucu-basliklar-ve-aksesuarlar"],"_links":{"self":[{"href":"https:\/\/www.garantikompozit.com\/tr\/wp-json\/wp\/v2\/product\/5502","targetHints":{"allow":["GET"]}}],"collection":[{"href":"https:\/\/www.garantikompozit.com\/tr\/wp-json\/wp\/v2\/product"}],"about":[{"href":"https:\/\/www.garantikompozit.com\/tr\/wp-json\/wp\/v2\/types\/product"}],"wp:featuredmedia":[{"embeddable":true,"href":"https:\/\/www.garantikompozit.com\/tr\/wp-json\/wp\/v2\/media\/5770"}],"wp:attachment":[{"href":"https:\/\/www.garantikompozit.com\/tr\/wp-json\/wp\/v2\/media?parent=5502"}],"curies":[{"name":"wp","href":"https:\/\/api.w.org\/{rel}","templated":true}]}}