{"id":5500,"date":"2020-12-28T10:10:07","date_gmt":"2020-12-28T07:10:07","guid":{"rendered":"http:\/\/test.garantikompozit.com\/?post_type=product&#038;p=5500"},"modified":"2020-12-30T13:22:41","modified_gmt":"2020-12-30T10:22:41","slug":"gece-gorus-durbunu-baglanti-aparati","status":"publish","type":"product","link":"https:\/\/www.garantikompozit.com\/tr\/urun\/gece-gorus-durbunu-baglanti-aparati\/","title":{"rendered":"Gece G\u00f6r\u00fc\u015f D\u00fcrb\u00fcn\u00fc Ba\u011flant\u0131 Aparat\u0131"},"content":{"rendered":"<div class=\"fl w87 ml30 argePageTitle fl mt20\">\u00dcr\u00fcn \u00d6zellikleri<\/div>\n<div class=\"fl w100 productKeyFeatures\">\n<div class=\"fl w87 productKeyFeatureWrapper\">\n<ul>\n<li><strong>A\u011f\u0131rl\u0131k:<\/strong>\u00a0135 gr<\/li>\n<li><strong>\u00d6ne \/ Arka Ayar\u0131:<\/strong>\u00a026 mm<\/li>\n<li><strong>Y\u00fckseklik Ayar\u0131:<\/strong>\u00a026 mm<\/li>\n<li><strong>E\u011fim Ayar\u0131:<\/strong>\u00a0+-5<\/li>\n<li><strong>Park Pozisyonu:<\/strong>\u00a0Mevcut<\/li>\n<li><strong>Renk:<\/strong>\u00a0Siyah<\/li>\n<li><strong>Manyetik Sens\u00f6r:<\/strong>\u00a0Mevcut<\/li>\n<li><strong>Katlanabilir<\/strong><\/li>\n<li><strong>Kuyruk Aray\u00fcz\u00fc<\/strong><\/li>\n<\/ul>\n<\/div>\n<\/div>\n","protected":false},"excerpt":{"rendered":"<p>Gece G\u00f6r\u00fc\u015f D\u00fcrb\u00fcn\u00fc Ba\u011flant\u0131 Aparat\u0131<\/p>\n","protected":false},"featured_media":5769,"template":"","meta":[],"class_list":["post-5500","product","type-product","status-publish","has-post-thumbnail","hentry","product_cat-balistik-koruyucu-basliklar-ve-aksesuarlar"],"_links":{"self":[{"href":"https:\/\/www.garantikompozit.com\/tr\/wp-json\/wp\/v2\/product\/5500","targetHints":{"allow":["GET"]}}],"collection":[{"href":"https:\/\/www.garantikompozit.com\/tr\/wp-json\/wp\/v2\/product"}],"about":[{"href":"https:\/\/www.garantikompozit.com\/tr\/wp-json\/wp\/v2\/types\/product"}],"wp:featuredmedia":[{"embeddable":true,"href":"https:\/\/www.garantikompozit.com\/tr\/wp-json\/wp\/v2\/media\/5769"}],"wp:attachment":[{"href":"https:\/\/www.garantikompozit.com\/tr\/wp-json\/wp\/v2\/media?parent=5500"}],"curies":[{"name":"wp","href":"https:\/\/api.w.org\/{rel}","templated":true}]}}