{"id":5498,"date":"2020-12-28T10:30:12","date_gmt":"2020-12-28T07:30:12","guid":{"rendered":"http:\/\/test.garantikompozit.com\/?post_type=product&#038;p=5498"},"modified":"2020-12-30T13:22:54","modified_gmt":"2020-12-30T10:22:54","slug":"t-light","status":"publish","type":"product","link":"https:\/\/www.garantikompozit.com\/tr\/urun\/t-light\/","title":{"rendered":"T-Light"},"content":{"rendered":"<div class=\"fl w87 ml30 argePageTitle fl mt20\">\u00dcr\u00fcn \u00d6zellikleri<\/div>\n<div class=\"fl w100 productKeyFeatures\">\n<div class=\"fl w87 productKeyFeatureWrapper\">\n<ul>\n<li><strong>Led Renk Se\u00e7enekleri:<\/strong><br \/>\nBeyaz Power LED<br \/>\nK\u0131rm\u0131z\u0131<br \/>\nBeyaz<br \/>\nK\u0131z\u0131l \u00d6tesi<\/li>\n<li><strong>Pil:<\/strong>\u00a01xAA (Alkalin veya Lityum)<\/li>\n<li><strong>Beyaz PowerLED I\u015f\u0131k G\u00fcc\u00fc:<\/strong>\u00a050 lm<\/li>\n<li><strong>\u00c7al\u0131\u015fma S\u00fcresi (Beyaz LED):<\/strong>\u00a0&gt;4 saat (Lityum Pil\u00a0ile)<\/li>\n<li><strong>\u00c7al\u0131\u015fma S\u00fcresi (Di\u011ferleri):<\/strong>\u00a0&gt;24 saat (Lityum Pil ile)<\/li>\n<li><strong>A\u011f\u0131rl\u0131k (Pil Hari\u00e7):<\/strong>\u00a0&lt;45 gr<\/li>\n<\/ul>\n<\/div>\n<\/div>\n","protected":false},"excerpt":{"rendered":"<p>T-Light<\/p>\n","protected":false},"featured_media":5767,"template":"","meta":[],"class_list":["post-5498","product","type-product","status-publish","has-post-thumbnail","hentry","product_cat-balistik-koruyucu-basliklar-ve-aksesuarlar"],"_links":{"self":[{"href":"https:\/\/www.garantikompozit.com\/tr\/wp-json\/wp\/v2\/product\/5498","targetHints":{"allow":["GET"]}}],"collection":[{"href":"https:\/\/www.garantikompozit.com\/tr\/wp-json\/wp\/v2\/product"}],"about":[{"href":"https:\/\/www.garantikompozit.com\/tr\/wp-json\/wp\/v2\/types\/product"}],"wp:featuredmedia":[{"embeddable":true,"href":"https:\/\/www.garantikompozit.com\/tr\/wp-json\/wp\/v2\/media\/5767"}],"wp:attachment":[{"href":"https:\/\/www.garantikompozit.com\/tr\/wp-json\/wp\/v2\/media?parent=5498"}],"curies":[{"name":"wp","href":"https:\/\/api.w.org\/{rel}","templated":true}]}}