{"id":5496,"date":"2020-12-28T10:40:20","date_gmt":"2020-12-28T07:40:20","guid":{"rendered":"http:\/\/test.garantikompozit.com\/?post_type=product&#038;p=5496"},"modified":"2020-12-30T13:23:09","modified_gmt":"2020-12-30T10:23:09","slug":"armadillo-ir-dost-dusman-isigi","status":"publish","type":"product","link":"https:\/\/www.garantikompozit.com\/tr\/urun\/armadillo-ir-dost-dusman-isigi\/","title":{"rendered":"Armadillo IR Dost\/D\u00fc\u015fman I\u015f\u0131\u011f\u0131"},"content":{"rendered":"<div class=\"fl w87 ml30 argePageTitle fl mt20\">\u00dcr\u00fcn \u00d6zellikleri<\/div>\n<div class=\"fl w100 productKeyFeatures\">\n<div class=\"fl w87 productKeyFeatureWrapper\">\n<ul>\n<li><strong>I\u015f\u0131k Modlar\u0131:<\/strong>\u00a0D\u00fc\u015f\u00fck G\u00fc\u00e7l\u00fc IR (Fla\u015f\u00f6r)<br \/>\nY\u00fcksek G\u00fc\u00e7l\u00fc IR (Fla\u015f\u00f6r)<br \/>\nYe\u015fil (S\u00fcrekli)<br \/>\nYe\u015fil (S\u00fcrekli) + Parlak Beyaz (Fla\u015f\u00f6r)<\/li>\n<li><strong>Pil:<\/strong>\u00a01xCR123<\/li>\n<li><strong>\u00c7al\u0131\u015fma S\u00fcresi:<\/strong>\u00a0Ye\u015fil (S\u00fcrekli) + Parlak Beyaz (Fla\u015f\u00f6r) &gt; 10 saat (25 C)<br \/>\nY\u00fcksek G\u00fc\u00e7l\u00fc IR (Fla\u015f\u00f6r) &gt; 24 Saat (25 C)<\/li>\n<li><strong>A\u011f\u0131rl\u0131k (Pil Hari\u00e7):<\/strong>\u00a0&lt;55 g<\/li>\n<li><strong>Boyutlar\u0131 (mm):<\/strong>\u00a0Geni\u015flik= 75, Y\u00fckseklik= 36, Uzunluk= 49<\/li>\n<li><strong>\u00c7al\u0131\u015fma S\u0131cakl\u0131\u011f\u0131:<\/strong>\u00a0-40 C \/ + 70 C<\/li>\n<li><strong>Suya Dayan\u0131kl\u0131l\u0131k:<\/strong>\u00a0IP 68<\/li>\n<li><strong>Titre\u015fim Opsiyonu:<\/strong>\u00a0Mevcut<\/li>\n<li><strong>Ters Kutup Korumas\u0131:<\/strong>\u00a0Mevcut<\/li>\n<li><strong>Program De\u011fi\u015ftirme \u00d6zelli\u011fi:<\/strong>\u00a0Mevcut<\/li>\n<\/ul>\n<\/div>\n<\/div>\n","protected":false},"excerpt":{"rendered":"<p>Armadillo IR Dost\/D\u00fc\u015fman I\u015f\u0131\u011f\u0131<\/p>\n","protected":false},"featured_media":5766,"template":"","meta":[],"class_list":["post-5496","product","type-product","status-publish","has-post-thumbnail","hentry","product_cat-balistik-koruyucu-basliklar-ve-aksesuarlar"],"_links":{"self":[{"href":"https:\/\/www.garantikompozit.com\/tr\/wp-json\/wp\/v2\/product\/5496","targetHints":{"allow":["GET"]}}],"collection":[{"href":"https:\/\/www.garantikompozit.com\/tr\/wp-json\/wp\/v2\/product"}],"about":[{"href":"https:\/\/www.garantikompozit.com\/tr\/wp-json\/wp\/v2\/types\/product"}],"wp:featuredmedia":[{"embeddable":true,"href":"https:\/\/www.garantikompozit.com\/tr\/wp-json\/wp\/v2\/media\/5766"}],"wp:attachment":[{"href":"https:\/\/www.garantikompozit.com\/tr\/wp-json\/wp\/v2\/media?parent=5496"}],"curies":[{"name":"wp","href":"https:\/\/api.w.org\/{rel}","templated":true}]}}