{"id":5492,"date":"2020-12-28T12:41:17","date_gmt":"2020-12-28T09:41:17","guid":{"rendered":"http:\/\/test.garantikompozit.com\/?post_type=product&#038;p=5492"},"modified":"2021-04-14T17:42:22","modified_gmt":"2021-04-14T14:42:22","slug":"9mm-visor","status":"publish","type":"product","link":"https:\/\/www.garantikompozit.com\/tr\/urun\/9mm-visor\/","title":{"rendered":"9mm Visor"},"content":{"rendered":"<div class=\"fl w87 ml30 argePageTitle fl mt20\">\u00dcr\u00fcn \u00d6zellikleri<\/div>\n<div class=\"fl w100 productKeyFeatures\">\n<div class=\"fl w87 productKeyFeatureWrapper\">\n<ul>\n<li><strong>\u00d6l\u00e7\u00fcler: M-L-XL-XXL<\/strong><\/li>\n<li><strong>Viz\u00f6r \u00d6l\u00e7\u00fcs\u00fc:<\/strong>\u00a0260 x 100 mm<\/li>\n<li><strong>NIJ Seviye IIIA 9mm FMJ Balistik Mukavemet:<\/strong>\u00a0Mevcut (360 m\/s)<\/li>\n<li><strong>STANAG 2920 1,1 gr \u015earapnel V50 De\u011feri:<\/strong>\u00a0Min. 550 m\/s<\/li>\n<li><strong>A\u011f\u0131rl\u0131klar\u0131 (+\/- 50gr):<\/strong>\u00a01450 gr.(Kenar tutamaklar dahil)<\/li>\n<\/ul>\n<\/div>\n<\/div>\n","protected":false},"excerpt":{"rendered":"<p>9mm Visor<\/p>\n","protected":false},"featured_media":14469,"template":"","meta":[],"class_list":["post-5492","product","type-product","status-publish","has-post-thumbnail","hentry","product_cat-balistik-koruyucu-basliklar-ve-aksesuarlar"],"_links":{"self":[{"href":"https:\/\/www.garantikompozit.com\/tr\/wp-json\/wp\/v2\/product\/5492","targetHints":{"allow":["GET"]}}],"collection":[{"href":"https:\/\/www.garantikompozit.com\/tr\/wp-json\/wp\/v2\/product"}],"about":[{"href":"https:\/\/www.garantikompozit.com\/tr\/wp-json\/wp\/v2\/types\/product"}],"wp:featuredmedia":[{"embeddable":true,"href":"https:\/\/www.garantikompozit.com\/tr\/wp-json\/wp\/v2\/media\/14469"}],"wp:attachment":[{"href":"https:\/\/www.garantikompozit.com\/tr\/wp-json\/wp\/v2\/media?parent=5492"}],"curies":[{"name":"wp","href":"https:\/\/api.w.org\/{rel}","templated":true}]}}