{"id":5490,"date":"2020-12-28T12:42:22","date_gmt":"2020-12-28T09:42:22","guid":{"rendered":"http:\/\/test.garantikompozit.com\/?post_type=product&#038;p=5490"},"modified":"2021-04-14T17:52:11","modified_gmt":"2021-04-14T14:52:11","slug":"kulak-koruyucu-zirh-paneli","status":"publish","type":"product","link":"https:\/\/www.garantikompozit.com\/tr\/urun\/kulak-koruyucu-zirh-paneli\/","title":{"rendered":"Kulak Koruyucu Z\u0131rh Paneli"},"content":{"rendered":"<div class=\"fl w87 ml30 argePageTitle fl mt20\">\u00dcr\u00fcn \u00d6zellikleri<\/div>\n<div class=\"fl w100 productKeyFeatures\">\n<div class=\"fl w87 productKeyFeatureWrapper\">\n<ul>\n<li><strong>\u00d6l\u00e7\u00fcler:<\/strong>\u00a0Tek beden, her bedene uygun.<\/li>\n<li><strong>Malzeme:<\/strong>\u00a0UHMWPE<\/li>\n<li><strong>NIJ Seviye IIIA 9mm FMJ Balistik Mukavemet:<\/strong>\u00a0Mevcut (366 m\/s)<\/li>\n<li><strong>STANAG 2920 1,1 gr \u015earapnel V50 De\u011feri:<\/strong>\u00a0Min. 675 m\/s<\/li>\n<li><strong>Renk Alternatifleri:<\/strong>\u00a0Siyah, Ye\u015fil, Tan<\/li>\n<li><strong>\u00c7enelik ile Uyumlu \u00dcr\u00fcn:<\/strong>\u00a0Sadece High-Cut Balistik Koruyucu Ba\u015fl\u0131k ile<\/li>\n<li><strong>A\u011f\u0131rl\u0131klar\u0131 (+\/- 30gr):<\/strong>\u00a0300 gr.<\/li>\n<\/ul>\n<\/div>\n<\/div>\n","protected":false},"excerpt":{"rendered":"<p>Kulak Koruyucu Z\u0131rh Paneli<\/p>\n","protected":false},"featured_media":14501,"template":"","meta":[],"class_list":["post-5490","product","type-product","status-publish","has-post-thumbnail","hentry","product_cat-balistik-koruyucu-basliklar-ve-aksesuarlar"],"_links":{"self":[{"href":"https:\/\/www.garantikompozit.com\/tr\/wp-json\/wp\/v2\/product\/5490","targetHints":{"allow":["GET"]}}],"collection":[{"href":"https:\/\/www.garantikompozit.com\/tr\/wp-json\/wp\/v2\/product"}],"about":[{"href":"https:\/\/www.garantikompozit.com\/tr\/wp-json\/wp\/v2\/types\/product"}],"wp:featuredmedia":[{"embeddable":true,"href":"https:\/\/www.garantikompozit.com\/tr\/wp-json\/wp\/v2\/media\/14501"}],"wp:attachment":[{"href":"https:\/\/www.garantikompozit.com\/tr\/wp-json\/wp\/v2\/media?parent=5490"}],"curies":[{"name":"wp","href":"https:\/\/api.w.org\/{rel}","templated":true}]}}