{"id":5383,"date":"2020-12-22T11:40:26","date_gmt":"2020-12-22T08:40:26","guid":{"rendered":"http:\/\/test.garantikompozit.com\/?post_type=product&#038;p=5383"},"modified":"2021-04-08T14:23:54","modified_gmt":"2021-04-08T11:23:54","slug":"yuzebilir-balistik-yelek","status":"publish","type":"product","link":"https:\/\/www.garantikompozit.com\/tr\/urun\/yuzebilir-balistik-yelek\/","title":{"rendered":"Y\u00fczebilir Balistik Yelek"},"content":{"rendered":"<div class=\"fl w87 ml30 argePageTitle fl mt20\">\n<ul>\n<li>Model No \u2013 GG-NIJ6-IIIA-FV1030<\/li>\n<li>Y\u00fczebilir balistik \u00a0Yelek<\/li>\n<li>Omuzlardan ve belden hassas ayarlanabilir<\/li>\n<li>Beden : S\/M\/L\/XL\/XXL<\/li>\n<li>\u00dc\u00e7l\u00fc kullan\u0131m se\u00e7ene\u011fi : tek ba\u015f\u0131na can yele\u011fi, tek ba\u015f\u0131na balistik yelek, \u00a0ikisi birlikte kullan\u0131m<\/li>\n<li>Su ile temas etti\u011finde otomatik \u015fi\u015fen can yele\u011fi<\/li>\n<li>Koruma seviyesi : NIJ Level IIIA<\/li>\n<li>Ta\u015f\u0131y\u0131c\u0131 bo\u015f a\u011f\u0131rl\u0131\u011f\u0131 :2000 gram<\/li>\n<li>Yelek a\u011f\u0131rl\u0131\u011f\u0131 : 4600 gram \u00a0(Can yele\u011fi :1450 gram dahil)<\/li>\n<li>Yelek koruma alan\u0131 L beden : 43 \u00a0dm\u00b2<\/li>\n<li>D\u0131\u015f kuma\u015f : Polyamid 6.6 500D<\/li>\n<li>Aksesuarlar: D\u00fcd\u00fck, \u0131\u015f\u0131k, boya<\/li>\n<li>Plaka cepleri : \u00d6n, arka<\/li>\n<\/ul>\n<\/div>\n","protected":false},"excerpt":{"rendered":"<p>Sahil G\u00fcvenlik Komutanl\u0131\u011f\u0131, Deniz Kuvvetleri Komutanl\u0131\u011f\u0131 , K\u0131y\u0131 Emniyeti gibi deniz yada i\u00e7 sularda g\u00f6rev yapan ve balistik korunma ihtiyac\u0131 olan personel i\u00e7in tasarlanm\u0131\u015f \u00e7ok ama\u00e7l\u0131 kullan\u0131labilen bir taktik yelektir. \u00dcr\u00fcn, suyla temas etti\u011finde otomatik olarak \u015fi\u015fen bir can yele\u011fi ve bir taktik balistik yelekten olu\u015fmaktad\u0131r. Balistik yelek ve can yele\u011fi 4 adet toka ile birbirine ba\u011flanm\u0131\u015f haldedir. \u00dcr\u00fcn sadece can yele\u011fi olarak, sadece balistik yelek olarak yada y\u00fczebilir balistik yelek olarak ayr\u0131 ayr\u0131 ama\u00e7larla kullan\u0131mda uygundur.<\/p>\n","protected":false},"featured_media":13094,"template":"","meta":[],"class_list":["post-5383","product","type-product","status-publish","has-post-thumbnail","hentry","product_cat-balistik-koruyucu-sistemler","product_cat-balistik-koruyucu-yelekler","product_cat-yuzebilen-balistik-koruyucu-yelekler"],"_links":{"self":[{"href":"https:\/\/www.garantikompozit.com\/tr\/wp-json\/wp\/v2\/product\/5383","targetHints":{"allow":["GET"]}}],"collection":[{"href":"https:\/\/www.garantikompozit.com\/tr\/wp-json\/wp\/v2\/product"}],"about":[{"href":"https:\/\/www.garantikompozit.com\/tr\/wp-json\/wp\/v2\/types\/product"}],"wp:featuredmedia":[{"embeddable":true,"href":"https:\/\/www.garantikompozit.com\/tr\/wp-json\/wp\/v2\/media\/13094"}],"wp:attachment":[{"href":"https:\/\/www.garantikompozit.com\/tr\/wp-json\/wp\/v2\/media?parent=5383"}],"curies":[{"name":"wp","href":"https:\/\/api.w.org\/{rel}","templated":true}]}}