{"id":5378,"date":"2020-12-22T11:20:09","date_gmt":"2020-12-22T08:20:09","guid":{"rendered":"http:\/\/test.garantikompozit.com\/?post_type=product&#038;p=5378"},"modified":"2020-12-28T15:30:16","modified_gmt":"2020-12-28T12:30:16","slug":"cok-amacli-plaka-tasiyici-yelek","status":"publish","type":"product","link":"https:\/\/www.garantikompozit.com\/tr\/urun\/cok-amacli-plaka-tasiyici-yelek\/","title":{"rendered":"\u00c7ok Ama\u00e7l\u0131 Plaka Ta\u015f\u0131y\u0131c\u0131 Yelek"},"content":{"rendered":"<div class=\"fl w87 ml30 argePageTitle fl mt20\">\u00dcr\u00fcn \u00d6zellikleri<\/div>\n<div class=\"fl w100 productKeyFeatures\">\n<div class=\"fl w87 productKeyFeatureWrapper\">\n<p>\u00dcr\u00fcn, 1 plaka ta\u015f\u0131y\u0131c\u0131 yelek, 20 par\u00e7a aksesuar ve 1 ta\u015f\u0131ma \u00e7antas\u0131ndan olu\u015fmaktad\u0131r. Yelek ve aksesuarlar\u0131n toplam a\u011f\u0131rl\u0131\u011f\u0131 4.890 gr d\u0131r. Ancak t\u00fcm \u00fcr\u00fcnlerin ayn\u0131 anda kullan\u0131lmas\u0131 m\u00fcmk\u00fcn de\u011fildir.<\/p>\n<table style=\"height: 653px;\" border=\"0\" width=\"837\" cellspacing=\"0\" cellpadding=\"0\">\n<colgroup>\n<col span=\"2\" \/><\/colgroup>\n<tbody>\n<tr>\n<td height=\"15\"><strong>Plaka ta\u015f\u0131y\u0131c\u0131 yelek<\/strong><\/td>\n<td>1310 gr<\/td>\n<\/tr>\n<tr>\n<td height=\"20\"><strong>B\u00fczmeli torba<\/strong><\/td>\n<td>125 gr<\/td>\n<\/tr>\n<tr>\n<td height=\"20\"><strong>B\u00fczmeli kapakl\u0131 torba<\/strong><\/td>\n<td>125 gr<\/td>\n<\/tr>\n<tr>\n<td height=\"20\"><strong>B\u00fczmeli kapakl\u0131 \u00e7anta<\/strong><\/td>\n<td>235 gr<\/td>\n<\/tr>\n<tr>\n<td height=\"20\"><strong>S\u0131rt \u00e7antas\u0131<\/strong><\/td>\n<td>830 gr<\/td>\n<\/tr>\n<tr>\n<td height=\"20\"><strong>Mataral\u0131k<\/strong><\/td>\n<td>120 gr<\/td>\n<\/tr>\n<tr>\n<td height=\"20\"><strong>Silah k\u0131l\u0131f\u0131<\/strong><\/td>\n<td>240 gr<\/td>\n<\/tr>\n<tr>\n<td height=\"20\"><strong>\u015earj\u00f6r k\u0131l\u0131f\u0131 (adet)<\/strong><\/td>\n<td>90 gr (3 adet bulunmaktad\u0131r)<\/td>\n<\/tr>\n<tr>\n<td height=\"20\"><strong>Bald\u0131r ba\u011flama tokal\u0131<\/strong><\/td>\n<td>260 gr<\/td>\n<\/tr>\n<tr>\n<td height=\"20\"><strong>Bel kemeri<\/strong><\/td>\n<td>310 gr<\/td>\n<\/tr>\n<tr>\n<td height=\"20\"><strong>\u00dc\u00e7 b\u00f6lmeli cep<\/strong><\/td>\n<td>175 gr<\/td>\n<\/tr>\n<tr>\n<td height=\"20\"><strong>\u0130ki b\u00f6lmeli c\u0131rtl\u0131 cep<\/strong><\/td>\n<td>75 gr<\/td>\n<\/tr>\n<tr>\n<td height=\"20\"><strong>Kapakl\u0131 b\u00fcy\u00fck c\u0131rtl\u0131 cep<\/strong><\/td>\n<td>125 gr<\/td>\n<\/tr>\n<tr>\n<td height=\"20\"><strong>\u00c7ift b\u00f6lmeli c\u0131rtl\u0131 cep<\/strong><\/td>\n<td>90 gr<\/td>\n<\/tr>\n<tr>\n<td height=\"20\"><strong>M\u00fchimmat cebi tokal\u0131 kapakl\u0131<\/strong><\/td>\n<td>95 gr<\/td>\n<\/tr>\n<tr>\n<td height=\"20\"><strong>M\u00fchimmat cebi tokal\u0131 k\u00fc\u00e7\u00fck<\/strong><\/td>\n<td>60 gr<\/td>\n<\/tr>\n<tr>\n<td height=\"20\"><strong>Fileli omuzluk<\/strong><\/td>\n<td>205 gr<\/td>\n<\/tr>\n<tr>\n<td height=\"20\"><strong>Fermuarl\u0131 k\u00fc\u00e7\u00fck \u00e7anta<\/strong><\/td>\n<td>175 gr<\/td>\n<\/tr>\n<tr>\n<td height=\"20\"><strong>Bomba cebi<\/strong><\/td>\n<td>65 gr<\/td>\n<\/tr>\n<tr>\n<td height=\"20\"><strong>Ta\u015f\u0131ma \u00e7antas\u0131<\/strong><\/td>\n<td>695 gr<\/td>\n<\/tr>\n<\/tbody>\n<\/table>\n<\/div>\n<\/div>\n","protected":false},"excerpt":{"rendered":"<p>Personelin hareket kabiliyetini en d\u00fc\u015f\u00fck seviyede k\u0131s\u0131tlayan ve ihtiya\u00e7 duyuldu\u011funda plaka konarak balistik koruma sa\u011flayan tasar\u0131mda \u00fcretilmi\u015ftir. Her g\u00f6rev ve tatbikat i\u00e7in farkl\u0131 tak\u0131labilen aksesuarlara sahiptir. Gelecekte, \u00fczerinde personelin elektro-optik sistemler i\u00e7in ihtiya\u00e7 duyaca\u011f\u0131 batarya g\u00fcc\u00fcn\u00fc \u00fczerinde bar\u0131nd\u0131ran merkezi g\u00fc\u00e7 \u00fcnitesi ile veri ve g\u00fc\u00e7 aktar\u0131m\u0131 i\u00e7in kablo kanallar\u0131 ilave edilebilir. Balistik koruyucu plakalar tak\u0131lmad\u0131\u011f\u0131nda, h\u00fccum yele\u011fi olarak kullan\u0131labilir \u00f6zelliktedir. Yelekle birlikte, aksesuarlar\u0131n tak\u0131labilece\u011fi taktik kemeri mevcuttur. \u015earj\u00f6r cepleri,\u00a0 5.56 Piyade T\u00fcfe\u011finin \u015farj\u00f6rleri ile uyumludur. T\u00fcm cepler yelek ve ayn\u0131 zamanda taktik kemerine de monte edilebilecek \u015fekildedir.<\/p>\n","protected":false},"featured_media":5381,"template":"","meta":[],"class_list":["post-5378","product","type-product","status-publish","has-post-thumbnail","hentry","product_cat-balistik-koruyucu-sistemler","product_cat-balistik-koruyucu-plaka-tasiyici-yelekler","product_cat-balistik-koruyucu-yelekler"],"_links":{"self":[{"href":"https:\/\/www.garantikompozit.com\/tr\/wp-json\/wp\/v2\/product\/5378","targetHints":{"allow":["GET"]}}],"collection":[{"href":"https:\/\/www.garantikompozit.com\/tr\/wp-json\/wp\/v2\/product"}],"about":[{"href":"https:\/\/www.garantikompozit.com\/tr\/wp-json\/wp\/v2\/types\/product"}],"wp:featuredmedia":[{"embeddable":true,"href":"https:\/\/www.garantikompozit.com\/tr\/wp-json\/wp\/v2\/media\/5381"}],"wp:attachment":[{"href":"https:\/\/www.garantikompozit.com\/tr\/wp-json\/wp\/v2\/media?parent=5378"}],"curies":[{"name":"wp","href":"https:\/\/api.w.org\/{rel}","templated":true}]}}