{"id":5374,"date":"2020-12-22T11:08:39","date_gmt":"2020-12-22T08:08:39","guid":{"rendered":"http:\/\/test.garantikompozit.com\/?post_type=product&#038;p=5374"},"modified":"2020-12-28T15:30:05","modified_gmt":"2020-12-28T12:30:05","slug":"plaka-tasiyici-yelek","status":"publish","type":"product","link":"https:\/\/www.garantikompozit.com\/tr\/urun\/plaka-tasiyici-yelek\/","title":{"rendered":"Plaka Ta\u015f\u0131y\u0131c\u0131 Yelek"},"content":{"rendered":"<div class=\"fl w87 ml30 argePageTitle fl mt20\">\u00dcr\u00fcn \u00d6zellikleri<\/div>\n<div class=\"fl w100 productKeyFeatures\">\n<div class=\"fl w87 productKeyFeatureWrapper\">\n<ul>\n<li>NIJ0101.06 Seviye IV koruma seviyesinde 3 farkl\u0131 beden olarak \u00fcretilmektedir.<\/li>\n<li>Bedenlere g\u00f6re koruma alanlar\u0131 ve balistik paket a\u011f\u0131rl\u0131klar\u0131 a\u015fa\u011f\u0131daki gibidir;<\/li>\n<\/ul>\n<table style=\"height: 439px;\" border=\"0\" width=\"565\" cellspacing=\"0\" cellpadding=\"0\">\n<tbody>\n<tr>\n<td><strong>Beden<\/strong><\/td>\n<td><strong>M \/ L \/ XL<\/strong><\/td>\n<\/tr>\n<tr>\n<td><strong>\u00d6n\/Arka Plaka Koruma Alan\u0131 (cm2)<\/strong><\/td>\n<td>655<\/td>\n<\/tr>\n<tr>\n<td><strong>\u00d6n\/Arka Plaka Birim A\u011f\u0131rl\u0131k (gr)<\/strong><\/td>\n<td>2600<\/td>\n<\/tr>\n<tr>\n<td><strong>Yan Plaka Koruma Alan\u0131 (cm2)<\/strong><\/td>\n<td>300<\/td>\n<\/tr>\n<tr>\n<td><strong>Yan Plaka Birim A\u011f\u0131rl\u0131k (gr)<\/strong><\/td>\n<td>1200<\/td>\n<\/tr>\n<tr>\n<td><strong>Omuz Plakalar\u0131 Koruma Alan\u0131 (cm2)<\/strong><\/td>\n<td>200<\/td>\n<\/tr>\n<tr>\n<td><strong>Omuz Plakalar\u0131 Birim A\u011f\u0131rl\u0131k (gr)<\/strong><\/td>\n<td>900<\/td>\n<\/tr>\n<tr>\n<td><strong>Kol Plakalar\u0131 Koruma Alan\u0131 (cm2)<\/strong><\/td>\n<td>150<\/td>\n<\/tr>\n<tr>\n<td><strong>Kol Plakalar\u0131 Birim A\u011f\u0131rl\u0131k (gr)<\/strong><\/td>\n<td>675<\/td>\n<\/tr>\n<tr>\n<td><strong>Bacak Plakalar\u0131 Koruma Alan\u0131 (cm2)<\/strong><\/td>\n<td>370<\/td>\n<\/tr>\n<tr>\n<td><strong>Bacak Plakalar\u0131 Birim A\u011f\u0131rl\u0131k (gr)<\/strong><\/td>\n<td>1500<\/td>\n<\/tr>\n<tr>\n<td><strong>Kas\u0131k Plaka Koruma Alan\u0131 (cm2)<\/strong><\/td>\n<td>500<\/td>\n<\/tr>\n<tr>\n<td><strong>Kas\u0131k Plaka Birim A\u011f\u0131rl\u0131k (gr)<\/strong><\/td>\n<td>2000<\/td>\n<\/tr>\n<\/tbody>\n<\/table>\n<\/div>\n<\/div>\n","protected":false},"excerpt":{"rendered":"<p>Askeri ve polis \u00f6zel harekat personelinin ilk m\u00fcdahale timleri i\u00e7in tasarlanm\u0131\u015f olan bu \u00fcr\u00fcn sadece balistik plakalar sayesinde v\u00fccudun b\u00fcy\u00fck b\u00f6l\u00fcm\u00fcnde koruma sa\u011flamaktad\u0131r. Hayati organlar uzun namlulu z\u0131rh delici tehditlere kar\u015f\u0131 korunmu\u015ftur. Kullan\u0131c\u0131 \u00f6n, arka, omuzlar, \u00fcst kollar, \u00fcst bacaklar, kas\u0131k ve yanlara konulan plakalar ile korunmaktad\u0131r. Koruma alan\u0131 olduk\u00e7a geni\u015f tutulmu\u015ftur.<\/p>\n","protected":false},"featured_media":5375,"template":"","meta":[],"class_list":["post-5374","product","type-product","status-publish","has-post-thumbnail","hentry","product_cat-balistik-koruyucu-sistemler","product_cat-balistik-koruyucu-plaka-tasiyici-yelekler","product_cat-balistik-koruyucu-yelekler"],"_links":{"self":[{"href":"https:\/\/www.garantikompozit.com\/tr\/wp-json\/wp\/v2\/product\/5374","targetHints":{"allow":["GET"]}}],"collection":[{"href":"https:\/\/www.garantikompozit.com\/tr\/wp-json\/wp\/v2\/product"}],"about":[{"href":"https:\/\/www.garantikompozit.com\/tr\/wp-json\/wp\/v2\/types\/product"}],"wp:featuredmedia":[{"embeddable":true,"href":"https:\/\/www.garantikompozit.com\/tr\/wp-json\/wp\/v2\/media\/5375"}],"wp:attachment":[{"href":"https:\/\/www.garantikompozit.com\/tr\/wp-json\/wp\/v2\/media?parent=5374"}],"curies":[{"name":"wp","href":"https:\/\/api.w.org\/{rel}","templated":true}]}}