{"id":5366,"date":"2020-12-22T11:00:12","date_gmt":"2020-12-22T08:00:12","guid":{"rendered":"http:\/\/test.garantikompozit.com\/?post_type=product&#038;p=5366"},"modified":"2020-12-28T15:29:51","modified_gmt":"2020-12-28T12:29:51","slug":"hafif-plaka-tasiyici-yelek","status":"publish","type":"product","link":"https:\/\/www.garantikompozit.com\/tr\/urun\/hafif-plaka-tasiyici-yelek\/","title":{"rendered":"Hafif Plaka Ta\u015f\u0131y\u0131c\u0131 Yelek"},"content":{"rendered":"<div class=\"fl w87 ml30 argePageTitle fl mt20\">\u00dcr\u00fcn \u00d6zellikleri<\/div>\n<div class=\"fl w100 productKeyFeatures\">\n<div class=\"fl w87 productKeyFeatureWrapper\">\n<ul>\n<li>NIJ0101.06 Seviye IV koruma seviyesinde 3 farkl\u0131 beden olarak \u00fcretilmektedir.<\/li>\n<li>Bedenlere g\u00f6re koruma alanlar\u0131 ve balistik paket a\u011f\u0131rl\u0131klar\u0131 a\u015fa\u011f\u0131daki gibidir;<\/li>\n<\/ul>\n<table border=\"0\" width=\"595\" cellspacing=\"0\" cellpadding=\"0\">\n<colgroup>\n<col \/>\n<col span=\"4\" \/><\/colgroup>\n<tbody>\n<tr>\n<td height=\"15\"><strong>Beden<\/strong><\/td>\n<td><strong>\u00d6n\/Arka Plaka Koruma Alan\u0131 (cm2)<\/strong><\/td>\n<td><strong>\u00d6n\/Arka Plaka Birim A\u011f\u0131rl\u0131k (gr)<\/strong><\/td>\n<td><strong>Yan Plaka Koruma Alan\u0131 (cm2)<\/strong><\/td>\n<td><strong>Yan Plaka Birim A\u011f\u0131rl\u0131k (gr)<\/strong><\/td>\n<\/tr>\n<tr>\n<td height=\"20\"><strong>M<\/strong><\/td>\n<td>655<\/td>\n<td>2600<\/td>\n<td>300<\/td>\n<td>1200<\/td>\n<\/tr>\n<tr>\n<td height=\"20\"><strong>L<\/strong><\/td>\n<td>655<\/td>\n<td>2600<\/td>\n<td>300<\/td>\n<td>1200<\/td>\n<\/tr>\n<tr>\n<td height=\"20\"><strong>XL<\/strong><\/td>\n<td>655<\/td>\n<td>2600<\/td>\n<td>300<\/td>\n<td>1200<\/td>\n<\/tr>\n<\/tbody>\n<\/table>\n<\/div>\n<\/div>\n","protected":false},"excerpt":{"rendered":"<p>Askeri ve polis \u00f6zel harekat personelini i\u00e7in tasarlanm\u0131\u015f olan bu \u00fcr\u00fcn sadece balistik plakalar sayesinde koruma sa\u011flamaktad\u0131r. Hafiflik \u00f6n planda tutulmu\u015f, hayati organlar uzun namlulu z\u0131rh delici tehditlere kar\u015f\u0131 korunmu\u015ftur. \u00dcst v\u00fccut \u00f6n, arka ve yanlara konulan plakalar ile korunmaktad\u0131r. koruma alan\u0131 taktik balistik yeleklere g\u00f6re daha az olmakla birlikte hafifli\u011fi sayesinde kullan\u0131c\u0131n\u0131n hareket kabiliyetini art\u0131rmaktad\u0131r.<\/p>\n","protected":false},"featured_media":5370,"template":"","meta":[],"class_list":["post-5366","product","type-product","status-publish","has-post-thumbnail","hentry","product_cat-balistik-koruyucu-sistemler","product_cat-balistik-koruyucu-plaka-tasiyici-yelekler","product_cat-balistik-koruyucu-yelekler"],"_links":{"self":[{"href":"https:\/\/www.garantikompozit.com\/tr\/wp-json\/wp\/v2\/product\/5366","targetHints":{"allow":["GET"]}}],"collection":[{"href":"https:\/\/www.garantikompozit.com\/tr\/wp-json\/wp\/v2\/product"}],"about":[{"href":"https:\/\/www.garantikompozit.com\/tr\/wp-json\/wp\/v2\/types\/product"}],"wp:featuredmedia":[{"embeddable":true,"href":"https:\/\/www.garantikompozit.com\/tr\/wp-json\/wp\/v2\/media\/5370"}],"wp:attachment":[{"href":"https:\/\/www.garantikompozit.com\/tr\/wp-json\/wp\/v2\/media?parent=5366"}],"curies":[{"name":"wp","href":"https:\/\/api.w.org\/{rel}","templated":true}]}}