{"id":5365,"date":"2020-12-25T10:23:33","date_gmt":"2020-12-25T07:23:33","guid":{"rendered":"http:\/\/test.garantikompozit.com\/?post_type=product&#038;p=5365"},"modified":"2020-12-28T13:59:27","modified_gmt":"2020-12-28T10:59:27","slug":"parcacik-kalkani","status":"publish","type":"product","link":"https:\/\/www.garantikompozit.com\/tr\/urun\/parcacik-kalkani\/","title":{"rendered":"Par\u00e7ac\u0131k Kalkan\u0131"},"content":{"rendered":"<div class=\"fl w87 ml30 argePageTitle fl mt20\">\u00dcr\u00fcn \u00d6zellikleri<\/div>\n<div class=\"fl w100 productKeyFeatures\">\n<div class=\"fl w87 productKeyFeatureWrapper\">Aramid, UHMWPE, S2 Glass elyaf \u00e7e\u015fitlerinin ve ilgili prepreg sistemlerinin kullan\u0131labildi\u011fi geni\u015f ham malzeme alternatifine sahip \u00e7\u00f6z\u00fcmler sunulabilmektedir.<\/div>\n<\/div>\n","protected":false},"excerpt":{"rendered":"<p>Stanag 4569 ve Stanag 2920 standartlar\u0131na uygun,\u00a0 maksimum 1600&#215;3000 mm \u00f6l\u00e7\u00fclerine kadar\u00a0\u00a0 kara, hava ve deniz platformlar\u0131nda ihtiya\u00e7 duyulabilecek spall liner (par\u00e7ac\u0131k kalkan\u0131) \u00fcretilmesi m\u00fcmk\u00fcnd\u00fcr.<\/p>\n","protected":false},"featured_media":5367,"template":"","meta":[],"class_list":["post-5365","product","type-product","status-publish","has-post-thumbnail","hentry","product_cat-balistik-koruyucu-sistemler","product_cat-buyuk-ebatli-arac-zirh-panelleri","product_cat-parcacik-kalkani"],"_links":{"self":[{"href":"https:\/\/www.garantikompozit.com\/tr\/wp-json\/wp\/v2\/product\/5365","targetHints":{"allow":["GET"]}}],"collection":[{"href":"https:\/\/www.garantikompozit.com\/tr\/wp-json\/wp\/v2\/product"}],"about":[{"href":"https:\/\/www.garantikompozit.com\/tr\/wp-json\/wp\/v2\/types\/product"}],"wp:featuredmedia":[{"embeddable":true,"href":"https:\/\/www.garantikompozit.com\/tr\/wp-json\/wp\/v2\/media\/5367"}],"wp:attachment":[{"href":"https:\/\/www.garantikompozit.com\/tr\/wp-json\/wp\/v2\/media?parent=5365"}],"curies":[{"name":"wp","href":"https:\/\/api.w.org\/{rel}","templated":true}]}}