{"id":5364,"date":"2020-12-21T10:12:18","date_gmt":"2020-12-21T07:12:18","guid":{"rendered":"http:\/\/test.garantikompozit.com\/?post_type=product&#038;p=5364"},"modified":"2020-12-28T15:43:39","modified_gmt":"2020-12-28T12:43:39","slug":"zirhli-nobet-kulubeleri","status":"publish","type":"product","link":"https:\/\/www.garantikompozit.com\/tr\/urun\/zirhli-nobet-kulubeleri\/","title":{"rendered":"Z\u0131rhl\u0131 N\u00f6bet Kulubeleri"},"content":{"rendered":"<div class=\"fl w87 ml30 argePageTitle fl mt20\">\u00dcr\u00fcn \u00d6zellikleri<\/div>\n<div class=\"fl w100 productKeyFeatures\">\n<div class=\"fl w87 productKeyFeatureWrapper\">Sertle\u015ftirilmi\u015f z\u0131rh \u00e7eli\u011fi ve gerekmesi durumunda ileri teknoloji kompozit z\u0131rh plakalar\u0131ndan olu\u015fmaktad\u0131r.<\/div>\n<\/div>\n","protected":false},"excerpt":{"rendered":"<p>EN 1063, EN 1522 ve EN 1523 standarlar\u0131na uygun olarak tasarlanm\u0131\u015f, Seviye 1-7 aral\u0131\u011f\u0131nda bina korumas\u0131na y\u00f6nelik \u00e7elik ve hafif kompozit koruma panel yap\u0131s\u0131d\u0131r.<\/p>\n","protected":false},"featured_media":0,"template":"","meta":[],"class_list":["post-5364","product","type-product","status-publish","hentry","product_cat-balistik-koruyucu-sistemler","product_cat-buyuk-ebatli-arac-zirh-panelleri","product_cat-koruma-bekci-kulesi"],"_links":{"self":[{"href":"https:\/\/www.garantikompozit.com\/tr\/wp-json\/wp\/v2\/product\/5364","targetHints":{"allow":["GET"]}}],"collection":[{"href":"https:\/\/www.garantikompozit.com\/tr\/wp-json\/wp\/v2\/product"}],"about":[{"href":"https:\/\/www.garantikompozit.com\/tr\/wp-json\/wp\/v2\/types\/product"}],"wp:attachment":[{"href":"https:\/\/www.garantikompozit.com\/tr\/wp-json\/wp\/v2\/media?parent=5364"}],"curies":[{"name":"wp","href":"https:\/\/api.w.org\/{rel}","templated":true}]}}