{"id":5363,"date":"2020-12-21T10:09:43","date_gmt":"2020-12-21T07:09:43","guid":{"rendered":"http:\/\/test.garantikompozit.com\/?post_type=product&#038;p=5363"},"modified":"2020-12-28T15:43:26","modified_gmt":"2020-12-28T12:43:26","slug":"bina-zirh-panelleri","status":"publish","type":"product","link":"https:\/\/www.garantikompozit.com\/tr\/urun\/bina-zirh-panelleri\/","title":{"rendered":"Bina Z\u0131rh Panelleri"},"content":{"rendered":"<div class=\"fl w87 ml30 argePageTitle fl mt20\">\u00dcr\u00fcn \u00d6zellikleri<\/div>\n<div class=\"fl w100 productKeyFeatures\">\n<div class=\"fl w87 productKeyFeatureWrapper\">\n<ul>\n<li>Hafif kompozit koruma panel<\/li>\n<\/ul>\n<\/div>\n<\/div>\n","protected":false},"excerpt":{"rendered":"<p>EN 1063, EN 1522 ve EN 1523 standarlar\u0131na uygun olarak tasarlanm\u0131\u015f, Seviye 1-7 aral\u0131\u011f\u0131nda bina korumas\u0131na y\u00f6nelik, s\u0131va alt\u0131 ya da s\u0131va \u00fcst\u00fc uygulamalara y\u00f6nelik kullan\u0131labilecek hafif kompozit koruma panel yap\u0131s\u0131d\u0131r.<\/p>\n","protected":false},"featured_media":0,"template":"","meta":[],"class_list":["post-5363","product","type-product","status-publish","hentry","product_cat-balistik-koruyucu-sistemler","product_cat-bina","product_cat-buyuk-ebatli-arac-zirh-panelleri"],"_links":{"self":[{"href":"https:\/\/www.garantikompozit.com\/tr\/wp-json\/wp\/v2\/product\/5363","targetHints":{"allow":["GET"]}}],"collection":[{"href":"https:\/\/www.garantikompozit.com\/tr\/wp-json\/wp\/v2\/product"}],"about":[{"href":"https:\/\/www.garantikompozit.com\/tr\/wp-json\/wp\/v2\/types\/product"}],"wp:attachment":[{"href":"https:\/\/www.garantikompozit.com\/tr\/wp-json\/wp\/v2\/media?parent=5363"}],"curies":[{"name":"wp","href":"https:\/\/api.w.org\/{rel}","templated":true}]}}