{"id":5362,"date":"2020-12-21T10:05:16","date_gmt":"2020-12-21T07:05:16","guid":{"rendered":"http:\/\/test.garantikompozit.com\/?post_type=product&#038;p=5362"},"modified":"2020-12-28T15:43:12","modified_gmt":"2020-12-28T12:43:12","slug":"gemi-zirh-panelleri","status":"publish","type":"product","link":"https:\/\/www.garantikompozit.com\/tr\/urun\/gemi-zirh-panelleri\/","title":{"rendered":"Gemi Z\u0131rh Panelleri"},"content":{"rendered":"<div class=\"fl w87 ml30 argePageTitle fl mt20\">\u00dcr\u00fcn \u00d6zellikleri<\/div>\n<div class=\"fl w100 productKeyFeatures\">\n<div class=\"fl w87 productKeyFeatureWrapper\">Sudan ve nemden etkilenmeyecek malzemeler kullan\u0131lmakta, mod\u00fcler yap\u0131da \u00e7\u00f6z\u00fcmler sunulmaktad\u0131r.<\/div>\n<\/div>\n","protected":false},"excerpt":{"rendered":"<p>Deniz\u00a0 platformlar\u0131 i\u00e7in geli\u015ftirilmi\u015f,\u00a0 Stanag 4569 ve muadili standartlara uygun Seviye 1-4 aral\u0131\u011f\u0131nda maksimum koruma sa\u011flayabilecek \u015fekilde tasarlanm\u0131\u015f, hafif kompozit koruma panel yap\u0131s\u0131d\u0131r. \u0130leri teknoloji kompozit \u00fcretim y\u00f6ntemleri ile \u00fcretilmi\u015f, gerekmesi durumunda ihtiyaca en uygun seramik yap\u0131s\u0131yla kombine edilebilen, hafif kompozit yap\u0131d\u0131r.<\/p>\n","protected":false},"featured_media":0,"template":"","meta":[],"class_list":["post-5362","product","type-product","status-publish","hentry","product_cat-balistik-koruyucu-sistemler","product_cat-buyuk-ebatli-arac-zirh-panelleri","product_cat-gemi"],"_links":{"self":[{"href":"https:\/\/www.garantikompozit.com\/tr\/wp-json\/wp\/v2\/product\/5362","targetHints":{"allow":["GET"]}}],"collection":[{"href":"https:\/\/www.garantikompozit.com\/tr\/wp-json\/wp\/v2\/product"}],"about":[{"href":"https:\/\/www.garantikompozit.com\/tr\/wp-json\/wp\/v2\/types\/product"}],"wp:attachment":[{"href":"https:\/\/www.garantikompozit.com\/tr\/wp-json\/wp\/v2\/media?parent=5362"}],"curies":[{"name":"wp","href":"https:\/\/api.w.org\/{rel}","templated":true}]}}