{"id":5361,"date":"2020-12-21T10:04:44","date_gmt":"2020-12-21T07:04:44","guid":{"rendered":"http:\/\/test.garantikompozit.com\/?post_type=product&#038;p=5361"},"modified":"2020-12-28T15:43:01","modified_gmt":"2020-12-28T12:43:01","slug":"helikopter-ucak-zirh-panelleri","status":"publish","type":"product","link":"https:\/\/www.garantikompozit.com\/tr\/urun\/helikopter-ucak-zirh-panelleri\/","title":{"rendered":"Helikopter U\u00e7ak Z\u0131rh Panelleri"},"content":{"rendered":"<div class=\"fl w87 ml30 argePageTitle fl mt20\">\u00dcr\u00fcn \u00d6zellikleri<\/div>\n<div class=\"fl w100 productKeyFeatures\">\n<div class=\"fl w87 productKeyFeatureWrapper\">Hafifli\u011fin en \u00f6n planda d\u00fc\u015f\u00fcn\u00fcld\u00fc\u011f\u00fc, mod\u00fcler yap\u0131da, \u00e7abuk tak\u0131l\u0131p s\u00f6k\u00fclebilen, kaymaz y\u00fczeylere sahip \u00e7\u00f6z\u00fcmler sunulmaktad\u0131r.<\/div>\n<\/div>\n","protected":false},"excerpt":{"rendered":"<p>Hava platformlar\u0131 i\u00e7in geli\u015ftirilmi\u015f,\u00a0 Stanag 4569 ve muadili standartlara uygun Seviye 1-4 aral\u0131\u011f\u0131nda maksimum koruma sa\u011flayabilecek \u015fekilde tasarlanm\u0131\u015f, hafif kompozit koruma panel yap\u0131s\u0131d\u0131r. \u0130leri teknoloji kompozit \u00fcretim y\u00f6ntemleri ile \u00fcretilmi\u015f, ihtiyaca en uygun seramik yap\u0131s\u0131yla kombine edilmi\u015f, hafif kompozit yap\u0131d\u0131r.<\/p>\n","protected":false},"featured_media":0,"template":"","meta":[],"class_list":["post-5361","product","type-product","status-publish","hentry","product_cat-balistik-koruyucu-sistemler","product_cat-buyuk-ebatli-arac-zirh-panelleri","product_cat-helikopter-ucak"],"_links":{"self":[{"href":"https:\/\/www.garantikompozit.com\/tr\/wp-json\/wp\/v2\/product\/5361","targetHints":{"allow":["GET"]}}],"collection":[{"href":"https:\/\/www.garantikompozit.com\/tr\/wp-json\/wp\/v2\/product"}],"about":[{"href":"https:\/\/www.garantikompozit.com\/tr\/wp-json\/wp\/v2\/types\/product"}],"wp:attachment":[{"href":"https:\/\/www.garantikompozit.com\/tr\/wp-json\/wp\/v2\/media?parent=5361"}],"curies":[{"name":"wp","href":"https:\/\/api.w.org\/{rel}","templated":true}]}}