{"id":5360,"date":"2020-12-21T10:00:10","date_gmt":"2020-12-21T07:00:10","guid":{"rendered":"http:\/\/test.garantikompozit.com\/?post_type=product&#038;p=5360"},"modified":"2020-12-28T15:42:49","modified_gmt":"2020-12-28T12:42:49","slug":"stanag4569-seviye-3-zirh-panelleri","status":"publish","type":"product","link":"https:\/\/www.garantikompozit.com\/tr\/urun\/stanag4569-seviye-3-zirh-panelleri\/","title":{"rendered":"STANAG4569 Seviye 3 Z\u0131rh Panelleri"},"content":{"rendered":"<div class=\"fl w87 ml30 argePageTitle fl mt20\">\u00dcr\u00fcn \u00d6zellikleri<\/div>\n<div class=\"fl w100 productKeyFeatures\">\n<div class=\"fl w87 productKeyFeatureWrapper\">\n<ul>\n<li>\u0130leri teknoloji kompozit \u00fcretim y\u00f6ntemleri ile \u00fcretilmi\u015f,<\/li>\n<li>ihtiyaca en uygun seramik yap\u0131s\u0131yla kombine edilmi\u015f,<\/li>\n<li>hafif kompozit yap\u0131.<\/li>\n<\/ul>\n<\/div>\n<\/div>\n","protected":false},"excerpt":{"rendered":"<p>Askeri ara\u00e7lar i\u00e7in haz\u0131rlanm\u0131\u015f, Stanag 4569 standard\u0131na (AEP 55 Vol.1) uygun olarak tasarlanm\u0131\u015f Seviye 3 add-on kompozit z\u0131rh yap\u0131s\u0131d\u0131r. Ara\u00e7 \u00e7e\u015fidine ve ihtiyaca uygun olarak, balistik tehditlere kar\u015f\u0131 en \u00fcst d\u00fczeyde koruma sa\u011flayabilecek y\u00fcksek teknoloji \u00fcr\u00fcn\u00fc ve alternatif\u00a0 malzeme se\u00e7enekleri i\u00e7eren \u00e7\u00f6z\u00fcmler sunulmaktad\u0131r.<\/p>\n","protected":false},"featured_media":0,"template":"","meta":[],"class_list":["post-5360","product","type-product","status-publish","hentry","product_cat-balistik-koruyucu-sistemler","product_cat-arac","product_cat-buyuk-ebatli-arac-zirh-panelleri"],"_links":{"self":[{"href":"https:\/\/www.garantikompozit.com\/tr\/wp-json\/wp\/v2\/product\/5360","targetHints":{"allow":["GET"]}}],"collection":[{"href":"https:\/\/www.garantikompozit.com\/tr\/wp-json\/wp\/v2\/product"}],"about":[{"href":"https:\/\/www.garantikompozit.com\/tr\/wp-json\/wp\/v2\/types\/product"}],"wp:attachment":[{"href":"https:\/\/www.garantikompozit.com\/tr\/wp-json\/wp\/v2\/media?parent=5360"}],"curies":[{"name":"wp","href":"https:\/\/api.w.org\/{rel}","templated":true}]}}