{"id":5359,"date":"2020-12-27T10:00:06","date_gmt":"2020-12-27T07:00:06","guid":{"rendered":"http:\/\/test.garantikompozit.com\/?post_type=product&#038;p=5359"},"modified":"2021-04-16T14:45:42","modified_gmt":"2021-04-16T11:45:42","slug":"bomba-imha-kiyafetleri-eod","status":"publish","type":"product","link":"https:\/\/www.garantikompozit.com\/tr\/urun\/bomba-imha-kiyafetleri-eod\/","title":{"rendered":"Bomba \u0130mha K\u0131yafetleri (EOD)"},"content":{"rendered":"<div class=\"fl w87 ml30 argePageTitle fl mt20\">\u00dcr\u00fcn \u00d6zellikleri<\/div>\n<div class=\"fl w100 productKeyFeatures\">\n<div class=\"fl w87 productKeyFeatureWrapper\">\n<p>Ceketin \u00a0\u00f6n ve arka taraf\u0131na ve kollar\u0131na yerle\u015ftirilmi\u015f balistik koruyucu paketler \u00f6n, arka, yan, omuz, kol ve boyun b\u00f6lgelerinde koruma sa\u011flar. Y\u00fcksek yaka, ekstra koruma sa\u011flayan Mi\u011ffer ile uyumlu \u00e7al\u0131\u015facak \u015fekilde tasarlanm\u0131\u015ft\u0131r.<\/p>\n<p>Yumu\u015fak Z\u0131rh Plakas\u0131, v\u00fccut \u015fekline uymas\u0131 i\u00e7in tasarlanm\u0131\u015f ve cekete eklenmi\u015ftir. Ceket \u00fczerinde sert z\u0131rh plakas\u0131 yerle\u015ftirmek i\u00e7in muhtelif cepler mevcuttur. Pantolon kullan\u0131c\u0131 boyuna g\u00f6re \u00a0ayarlanabilir. Kal\u0131n ask\u0131larla desteklenmi\u015f tasar\u0131m\u0131 sayesinde kullan\u0131c\u0131 rahatl\u0131\u011f\u0131 ve bacaklarda y\u00fcksek koruma sa\u011flar.<\/p>\n<p>Ayr\u0131ca, Sert Z\u0131rh Plakalar\u0131 i\u00e7in cepler de yerle\u015ftirilmi\u015ftir.\u00a0Mi\u011ffer ve Viz\u00f6r\u00a0 ba\u015f ve boyun b\u00f6lgelerine y\u00fcksek koruma sa\u011flar.\u00a0Opsiyonel Aksesuarlar, Ta\u015f\u0131ma \u00c7antas\u0131 ve Sert Z\u0131rh Plakalar\u0131d\u0131r.<\/p>\n<\/div>\n<\/div>\n","protected":false},"excerpt":{"rendered":"<p>Bomba \u0130mha K\u0131yafeti, personele y\u00fcksek seviye koruma sa\u011flayan son teknoloji \u00fcr\u00fcn\u00fc materyaller kullan\u0131larak tasarlanm\u0131\u015ft\u0131r. Kolay giyilip \u00e7\u0131kar\u0131labilir ve kullan\u0131c\u0131ya rahat \u00e7al\u0131\u015fma imkan\u0131 verir. SATANAG 2920 standard\u0131na uygun olarak tan\u0131mlanan en d\u00fc\u015f\u00fck V50 de\u011feri akredite balistik test laboratuvar\u0131m\u0131zda bir \u00e7ok test edilerek do\u011frulanm\u0131\u015ft\u0131r.<\/p>\n","protected":false},"featured_media":14629,"template":"","meta":[],"class_list":["post-5359","product","type-product","status-publish","has-post-thumbnail","hentry","product_cat-balistik-koruyucu-sistemler","product_cat-balistik-kiyafet-ve-ekipmanlar","product_cat-bomba-arama"],"_links":{"self":[{"href":"https:\/\/www.garantikompozit.com\/tr\/wp-json\/wp\/v2\/product\/5359","targetHints":{"allow":["GET"]}}],"collection":[{"href":"https:\/\/www.garantikompozit.com\/tr\/wp-json\/wp\/v2\/product"}],"about":[{"href":"https:\/\/www.garantikompozit.com\/tr\/wp-json\/wp\/v2\/types\/product"}],"wp:featuredmedia":[{"embeddable":true,"href":"https:\/\/www.garantikompozit.com\/tr\/wp-json\/wp\/v2\/media\/14629"}],"wp:attachment":[{"href":"https:\/\/www.garantikompozit.com\/tr\/wp-json\/wp\/v2\/media?parent=5359"}],"curies":[{"name":"wp","href":"https:\/\/api.w.org\/{rel}","templated":true}]}}