{"id":5357,"date":"2020-12-27T10:08:12","date_gmt":"2020-12-27T07:08:12","guid":{"rendered":"http:\/\/test.garantikompozit.com\/?post_type=product&#038;p=5357"},"modified":"2020-12-30T13:20:02","modified_gmt":"2020-12-30T10:20:02","slug":"balistik-koruyucu-tulum","status":"publish","type":"product","link":"https:\/\/www.garantikompozit.com\/tr\/urun\/balistik-koruyucu-tulum\/","title":{"rendered":"Balistik Koruyucu Tulum"},"content":{"rendered":"<div class=\"fl w87 ml30 argePageTitle fl mt20\">\u00dcr\u00fcn \u00d6zellikleri<\/div>\n<div class=\"fl w100 productKeyFeatures\">\n<div class=\"fl w87 productKeyFeatureWrapper\">\n<ul>\n<li>Tulum d\u0131\u015f kuma\u015f\u0131; %75 Meta aramid, %23 Para aramid ve % 2 antistatik elyaf kar\u0131\u015f\u0131m\u0131 iplikten imal edilmi\u015f olup EN 469 Performans testlerini kar\u015f\u0131lamaktad\u0131r.<\/li>\n<li>D\u0131\u015f kuma\u015f doku t\u00fcr\u00fc Rip-stop \u00f6zelli\u011findedir.<\/li>\n<\/ul>\n<\/div>\n<\/div>\n","protected":false},"excerpt":{"rendered":"<p>Tulumun, eklem yerleri haricindeki hayati \u00f6nem ta\u015f\u0131yan b\u00f6lgelerine (Sa\u011f-Sol \u00d6n, Arka ve \u00d6n Pat,Sa\u011f-Sol Kol,Sa\u011f-Sol Bald\u0131r, Sa\u011f-Sol Kaval Kemi\u011fi ve Sa\u011f-Sol Kas\u0131kl\u0131k) k\u0131yafete uygun tasarlanm\u0131\u015f balistik koruyucu paketler yerle\u015ftirilmi\u015ftir. Sa\u011f-Sol \u00d6n, Arka ve \u00d6n Pat balistik koruyucu paneller i\u00e7in koruma seviyesi; ate\u015fli silahlara kar\u015f\u0131 NIJ 0101.04 Seviye II, kesici aletlere kar\u015f\u0131 NIJ 0115.00 Seviye I d\u0131r. Sa\u011f-Sol Kol, Sa\u011f-Sol Bald\u0131r, Sa\u011f-Sol Kaval Kemi\u011fi ve Sa\u011f-Sol Kas\u0131kl\u0131k balistik koruyucu paneller i\u00e7in koruma seviyesi; ate\u015fli silahlara kar\u015f\u0131 NIJ 0101.04 Seviye II dir.<\/p>\n","protected":false},"featured_media":6376,"template":"","meta":[],"class_list":["post-5357","product","type-product","status-publish","has-post-thumbnail","hentry","product_cat-balistik-koruyucu-sistemler","product_cat-balistik-kiyafet-ve-ekipmanlar","product_cat-balistik-tulum"],"_links":{"self":[{"href":"https:\/\/www.garantikompozit.com\/tr\/wp-json\/wp\/v2\/product\/5357","targetHints":{"allow":["GET"]}}],"collection":[{"href":"https:\/\/www.garantikompozit.com\/tr\/wp-json\/wp\/v2\/product"}],"about":[{"href":"https:\/\/www.garantikompozit.com\/tr\/wp-json\/wp\/v2\/types\/product"}],"wp:featuredmedia":[{"embeddable":true,"href":"https:\/\/www.garantikompozit.com\/tr\/wp-json\/wp\/v2\/media\/6376"}],"wp:attachment":[{"href":"https:\/\/www.garantikompozit.com\/tr\/wp-json\/wp\/v2\/media?parent=5357"}],"curies":[{"name":"wp","href":"https:\/\/api.w.org\/{rel}","templated":true}]}}