{"id":5340,"date":"2020-12-25T10:10:34","date_gmt":"2020-12-25T07:10:34","guid":{"rendered":"http:\/\/test.garantikompozit.com\/?post_type=product&#038;p=5340"},"modified":"2020-12-28T13:58:27","modified_gmt":"2020-12-28T10:58:27","slug":"hafif-buyuk-kalkan","status":"publish","type":"product","link":"https:\/\/www.garantikompozit.com\/tr\/urun\/hafif-buyuk-kalkan\/","title":{"rendered":"Hafif B\u00fcy\u00fck Kalkan"},"content":{"rendered":"<div class=\"fl w87 ml30 argePageTitle fl mt20\">\u00dcr\u00fcn \u00d6zellikleri<\/div>\n<div class=\"fl w100 productKeyFeatures\">\n<div class=\"fl w87 productKeyFeatureWrapper\">\n<ul>\n<li>Model No: &#8211;<\/li>\n<li>Koruma Seviyesi: Stanag 4569\u00a0 Seviye 2<\/li>\n<li>\u00d6l\u00e7\u00fcler:\u00a0 950&#215;550 mm<\/li>\n<li>A\u011f\u0131rl\u0131k : 19 +\/- 1 kg<\/li>\n<\/ul>\n<\/div>\n<\/div>\n","protected":false},"excerpt":{"rendered":"<p>Balistik tehditlere kar\u015f\u0131 en \u00fcst d\u00fczeyde koruma sa\u011flayabilecek y\u00fcksek teknoloji \u00fcr\u00fcn\u00fc ve alternatif\u00a0 malzeme se\u00e7enekleri i\u00e7eren Stanag 4569 standard\u0131na g\u00f6re Seviye 2 olarak tasarlanm\u0131\u015f \u00fcr\u00fcnd\u00fcr.<\/p>\n","protected":false},"featured_media":5344,"template":"","meta":[],"class_list":["post-5340","product","type-product","status-publish","has-post-thumbnail","hentry","product_cat-balistik-koruyucu-sistemler","product_cat-balistik-koruyucu-kalkanlar"],"_links":{"self":[{"href":"https:\/\/www.garantikompozit.com\/tr\/wp-json\/wp\/v2\/product\/5340","targetHints":{"allow":["GET"]}}],"collection":[{"href":"https:\/\/www.garantikompozit.com\/tr\/wp-json\/wp\/v2\/product"}],"about":[{"href":"https:\/\/www.garantikompozit.com\/tr\/wp-json\/wp\/v2\/types\/product"}],"wp:featuredmedia":[{"embeddable":true,"href":"https:\/\/www.garantikompozit.com\/tr\/wp-json\/wp\/v2\/media\/5344"}],"wp:attachment":[{"href":"https:\/\/www.garantikompozit.com\/tr\/wp-json\/wp\/v2\/media?parent=5340"}],"curies":[{"name":"wp","href":"https:\/\/api.w.org\/{rel}","templated":true}]}}