{"id":5328,"date":"2019-05-16T09:30:50","date_gmt":"2019-05-16T06:30:50","guid":{"rendered":"http:\/\/test.garantikompozit.com\/?post_type=product&#038;p=5328"},"modified":"2021-04-15T12:18:07","modified_gmt":"2021-04-15T09:18:07","slug":"darbeye-karsi-koruyucu-kask","status":"publish","type":"product","link":"https:\/\/www.garantikompozit.com\/tr\/urun\/darbeye-karsi-koruyucu-kask\/","title":{"rendered":"Darbeye Kar\u015f\u0131 Koruyucu Kask"},"content":{"rendered":"<ul>\n<li>Kask kabu\u011fu polikarbonat malzemeden yap\u0131lm\u0131\u015ft\u0131r.<\/li>\n<li>\u00c7ok hafif olan kask\u0131m\u0131z sadece 750 gramd\u0131r.<\/li>\n<li>Darbeye kar\u015f\u0131 \u00fcst\u00fcn koruma sa\u011flar.<\/li>\n<li>Kulak k\u0131sm\u0131ndaki y\u00fcksek kesim geometrisi muhtelif kulakl\u0131klar ve benzeri haberle\u015fme cihazlar\u0131n\u0131n rahatl\u0131kla kullan\u0131lmas\u0131na olanak verir.<\/li>\n<li>4 noktadan ba\u011flant\u0131l\u0131, \u00e7evirmeli ayarlanabilir ense destekli \u00e7ene kay\u0131\u015f sistemi, rahat kullan\u0131m\u0131 sa\u011flamaktad\u0131r.<\/li>\n<li>Mod\u00fcler ve hareket ettirilebilir yap\u0131da tasarlanm\u0131\u015f darbe emici i\u00e7lik sistemi azami seviyede darbe korumas ve kullan\u0131m konforu sa\u011flar.<\/li>\n<li>Kask \u00fczerine tak\u0131labilecek aksesuarlar i\u00e7in kask \u00fcst\u00fcne tekstil fermuarlar\u0131 yerle\u015ftirilmi\u015ftir.<\/li>\n<li>Aksesuar ta\u015f\u0131y\u0131c\u0131 raylar ve GGG montaj yuvas\u0131 fener, GGG, kamera, fener ve benzeri bir \u00e7ok aksesuar i\u00e7in platform vazifesi g\u00f6r\u00fcr.<\/li>\n<li>Balistik koruma sa\u011flayan kasklarda ayn\u0131 aksesuar ta\u015f\u0131y\u0131c\u0131 unsurlara sahip oldu\u011fu i\u00e7in balistik koruyucu kask kullanacak personele e\u011fitim ama\u00e7l\u0131 olarak da kullan\u0131labilir.<\/li>\n<li>Arama-kurtarma ekiplerinin operasyon personelini, kara deniz ve hava ara\u00e7lar\u0131nda ara\u00e7 i\u00e7i personeli, a\u00e7\u0131k hava sporlar\u0131nda kullan\u0131c\u0131y\u0131 darbelere kar\u015f\u0131 korur.<\/li>\n<li>Beden: M\/L &#8211; XL\/XXL<\/li>\n<\/ul>\n","protected":false},"excerpt":{"rendered":"<p>\u00d6zel bir polikarbonat malzemeden \u00fcretilmi\u015f kabu\u011fuyla, balistik koruma \u00f6zelli\u011fi olmayan ancak darbelere kar\u015f\u0131 \u00fcst\u00fcn koruma sa\u011flayan son derece hafif bir \u00fcr\u00fcnd\u00fcr. Arama-kurtarma ekiplerinin operasyon personelini, kara deniz ve hava ara\u00e7lar\u0131nda ara\u00e7 i\u00e7i personeli, a\u00e7\u0131k hava sporlar\u0131nda kullan\u0131c\u0131y\u0131 darbelere kar\u015f\u0131 korur. Aksesuar ta\u015f\u0131y\u0131c\u0131 raylar ve GGG montaj yuvas\u0131 fener, GGG, kamera ve benzeri bir\u00e7ok aksesuar i\u00e7in platform vazifesi g\u00f6r\u00fcr. Balistik koruma sa\u011flayan kasklarda ayn\u0131 aksesuar ta\u015f\u0131y\u0131c\u0131 unsurlara sahip oldu\u011fu i\u00e7in balistik koruyucu kask kullanacak personele e\u011fitim ama\u00e7l\u0131 olarak da kullan\u0131labilir.<\/p>\n","protected":false},"featured_media":14577,"template":"","meta":[],"class_list":["post-5328","product","type-product","status-publish","has-post-thumbnail","hentry","product_cat-polikarbonat-basliklar"],"_links":{"self":[{"href":"https:\/\/www.garantikompozit.com\/tr\/wp-json\/wp\/v2\/product\/5328","targetHints":{"allow":["GET"]}}],"collection":[{"href":"https:\/\/www.garantikompozit.com\/tr\/wp-json\/wp\/v2\/product"}],"about":[{"href":"https:\/\/www.garantikompozit.com\/tr\/wp-json\/wp\/v2\/types\/product"}],"wp:featuredmedia":[{"embeddable":true,"href":"https:\/\/www.garantikompozit.com\/tr\/wp-json\/wp\/v2\/media\/14577"}],"wp:attachment":[{"href":"https:\/\/www.garantikompozit.com\/tr\/wp-json\/wp\/v2\/media?parent=5328"}],"curies":[{"name":"wp","href":"https:\/\/api.w.org\/{rel}","templated":true}]}}