{"id":5315,"date":"2020-12-22T10:40:29","date_gmt":"2020-12-22T07:40:29","guid":{"rendered":"http:\/\/test.garantikompozit.com\/?post_type=product&#038;p=5315"},"modified":"2020-12-28T15:28:59","modified_gmt":"2020-12-28T12:28:59","slug":"dis-balistik-yelek","status":"publish","type":"product","link":"https:\/\/www.garantikompozit.com\/tr\/urun\/dis-balistik-yelek\/","title":{"rendered":"D\u0131\u015f Balistik Yelek"},"content":{"rendered":"<div class=\"fl w87 ml30 argePageTitle fl mt20\">\u00dcr\u00fcn \u00d6zellikleri<\/div>\n<div class=\"fl w100 productKeyFeatures\">\n<div class=\"fl w87 productKeyFeatureWrapper\">\n<ul>\n<li>NIJ0101.06 Seviye IIIA koruma seviyesinde 5 farkl\u0131 beden olarak \u00fcretilmektedir.<\/li>\n<li>Bu \u00fcr\u00fcn yak\u0131n ve kenar at\u0131\u015flarda da balistik koruma sa\u011flamaktad\u0131r.<\/li>\n<li>Bedenlere g\u00f6re koruma alanlar\u0131 ve balistik paket a\u011f\u0131rl\u0131klar\u0131 a\u015fa\u011f\u0131daki gibidir;<\/li>\n<\/ul>\n<div>\n<table border=\"0\" width=\"558\" cellspacing=\"0\" cellpadding=\"0\">\n<colgroup>\n<col \/>\n<col span=\"2\" \/><\/colgroup>\n<tbody>\n<tr>\n<td height=\"15\"><strong>Beden<\/strong><\/td>\n<td><strong>Toplam Koruma Alan\u0131 (dm2)<\/strong><\/td>\n<td><strong>Toplam Balistik Paket A\u011f\u0131rl\u0131\u011f\u0131 (gr)<\/strong><\/td>\n<\/tr>\n<tr>\n<td height=\"20\"><strong>S<\/strong><\/td>\n<td>29.0<\/td>\n<td>1400<\/td>\n<\/tr>\n<tr>\n<td height=\"20\"><strong>M<\/strong><\/td>\n<td>31.0<\/td>\n<td>1500<\/td>\n<\/tr>\n<tr>\n<td height=\"20\"><strong>L<\/strong><\/td>\n<td>33.0<\/td>\n<td>1600<\/td>\n<\/tr>\n<tr>\n<td height=\"20\"><strong>XL<\/strong><\/td>\n<td>35.0<\/td>\n<td>1700<\/td>\n<\/tr>\n<tr>\n<td height=\"20\"><strong>XXL<\/strong><\/td>\n<td>37.0<\/td>\n<td>1800<\/td>\n<\/tr>\n<\/tbody>\n<\/table>\n<\/div>\n<\/div>\n<\/div>\n","protected":false},"excerpt":{"rendered":"<p>\u00d6zel g\u00fcvenlik personeli i\u00e7in tasarlanm\u0131\u015f olan bu \u00fcr\u00fcnde hafiflik \u00f6n planda tutulmu\u015f, g\u00fcn boyu kullan\u0131m rahatl\u0131\u011f\u0131 d\u00fc\u015f\u00fcn\u00fclm\u00fc\u015ft\u00fcr. Temel bir model olan bu \u00fcr\u00fcn hayati organlar\u0131 t\u00fcm tabanca mermilerine kar\u015f\u0131 korumaktad\u0131r.<\/p>\n","protected":false},"featured_media":5322,"template":"","meta":[],"class_list":["post-5315","product","type-product","status-publish","has-post-thumbnail","hentry","product_cat-balistik-koruyucu-sistemler","product_cat-balistik-koruyucu-yelekler","product_cat-taktik-balistik-koruyucu-yelekler"],"_links":{"self":[{"href":"https:\/\/www.garantikompozit.com\/tr\/wp-json\/wp\/v2\/product\/5315","targetHints":{"allow":["GET"]}}],"collection":[{"href":"https:\/\/www.garantikompozit.com\/tr\/wp-json\/wp\/v2\/product"}],"about":[{"href":"https:\/\/www.garantikompozit.com\/tr\/wp-json\/wp\/v2\/types\/product"}],"wp:featuredmedia":[{"embeddable":true,"href":"https:\/\/www.garantikompozit.com\/tr\/wp-json\/wp\/v2\/media\/5322"}],"wp:attachment":[{"href":"https:\/\/www.garantikompozit.com\/tr\/wp-json\/wp\/v2\/media?parent=5315"}],"curies":[{"name":"wp","href":"https:\/\/api.w.org\/{rel}","templated":true}]}}