{"id":5259,"date":"2020-12-22T10:17:38","date_gmt":"2020-12-22T07:17:38","guid":{"rendered":"http:\/\/test.garantikompozit.com\/?post_type=product&#038;p=5259"},"modified":"2021-03-11T16:49:28","modified_gmt":"2021-03-11T13:49:28","slug":"ozel-harekat-taktik-yelek","status":"publish","type":"product","link":"https:\/\/www.garantikompozit.com\/tr\/urun\/ozel-harekat-taktik-yelek\/","title":{"rendered":"\u00d6zel Harekat Taktik Yelek"},"content":{"rendered":"<div class=\"fl w87 ml30 argePageTitle fl mt20\">\u00dcr\u00fcn \u00d6zellikleri<\/div>\n<div class=\"fl w100 productKeyFeatures\">\n<div class=\"fl w87 productKeyFeatureWrapper\">\n<ul>\n<li>NIJ0101.06 Seviye IIIA koruma seviyesinde 3 farkl\u0131 beden olarak \u00fcretilmektedir.<\/li>\n<li>Bu \u00fcr\u00fcn yak\u0131n at\u0131\u015f ve kenar at\u0131\u015flar\u0131na kar\u015f\u0131 da balistik koruma sa\u011flamaktad\u0131r.<\/li>\n<li>\u00d6n ve arkada balistik koruyucu plaka cepleri mevcuttur.<\/li>\n<li>\u0130lave olarak kas\u0131k, boyun, g\u0131rtlak ve omuz b\u00f6lgelerinde balistik koruma sa\u011flamaktad\u0131r.<\/li>\n<li>Bedenlere g\u00f6re koruma alanlar\u0131 ve balistik paket a\u011f\u0131rl\u0131klar\u0131 a\u015fa\u011f\u0131daki gibidir.<\/li>\n<\/ul>\n<div>\n<table border=\"0\" width=\"558\" cellspacing=\"0\" cellpadding=\"0\">\n<colgroup>\n<col \/>\n<col span=\"2\" \/><\/colgroup>\n<tbody>\n<tr>\n<td height=\"15\"><strong>Beden<\/strong><\/td>\n<td><strong>Toplam Koruma Alan\u0131 (dm2)<\/strong><\/td>\n<td><strong>Toplam Balistik Paket A\u011f\u0131rl\u0131\u011f\u0131 (gr)<\/strong><\/td>\n<\/tr>\n<tr>\n<td height=\"20\"><strong>M<\/strong><\/td>\n<td>55.8<\/td>\n<td>2820<\/td>\n<\/tr>\n<tr>\n<td height=\"20\"><strong>L<\/strong><\/td>\n<td>60.3<\/td>\n<td>3020<\/td>\n<\/tr>\n<tr>\n<td height=\"20\"><strong>XL<\/strong><\/td>\n<td>65.0<\/td>\n<td>3220<\/td>\n<\/tr>\n<\/tbody>\n<\/table>\n<\/div>\n<\/div>\n<\/div>\n","protected":false},"excerpt":{"rendered":"<p>Taktik balistik koruyucu yelekler askeri, polis yada \u00f6zel g\u00fcvenlik personeli taraf\u0131ndan kullan\u0131lan, \u00fcniforma \u00fczerine giyilen, ek koruyucu par\u00e7alar\u0131n da tak\u0131labildi\u011fi \u00fcr\u00fcnlerdir. Kullan\u0131c\u0131n\u0131n iste\u011fine g\u00f6re renk yada kamuflaj desenleri se\u00e7ilebilir. Bu \u00fcr\u00fcn ilave balistik koruyucu plakalar\u0131 olmadan sadece tabanca mermilerine kar\u015f\u0131 koruma sa\u011flar.<\/p>\n","protected":false},"featured_media":13073,"template":"","meta":[],"class_list":["post-5259","product","type-product","status-publish","has-post-thumbnail","hentry","product_cat-balistik-koruyucu-sistemler","product_cat-balistik-koruyucu-yelekler","product_cat-taktik-balistik-koruyucu-yelekler"],"_links":{"self":[{"href":"https:\/\/www.garantikompozit.com\/tr\/wp-json\/wp\/v2\/product\/5259","targetHints":{"allow":["GET"]}}],"collection":[{"href":"https:\/\/www.garantikompozit.com\/tr\/wp-json\/wp\/v2\/product"}],"about":[{"href":"https:\/\/www.garantikompozit.com\/tr\/wp-json\/wp\/v2\/types\/product"}],"wp:featuredmedia":[{"embeddable":true,"href":"https:\/\/www.garantikompozit.com\/tr\/wp-json\/wp\/v2\/media\/13073"}],"wp:attachment":[{"href":"https:\/\/www.garantikompozit.com\/tr\/wp-json\/wp\/v2\/media?parent=5259"}],"curies":[{"name":"wp","href":"https:\/\/api.w.org\/{rel}","templated":true}]}}