{"id":5191,"date":"2020-12-22T10:00:24","date_gmt":"2020-12-22T07:00:24","guid":{"rendered":"http:\/\/test.garantikompozit.com\/?post_type=product&#038;p=5191"},"modified":"2021-04-08T19:07:08","modified_gmt":"2021-04-08T16:07:08","slug":"ic-balistik-koruyucu-yelek","status":"publish","type":"product","link":"https:\/\/www.garantikompozit.com\/tr\/urun\/ic-balistik-koruyucu-yelek\/","title":{"rendered":"\u0130\u00e7 Balistik Koruyucu Yelek"},"content":{"rendered":"<ul>\n<li>Model no \u2013 GG-PCR-1002<\/li>\n<li>\u0130\u00e7 balistik yelek<\/li>\n<li>Omuzlardan ve belden hassas ayarlanabilir<\/li>\n<li>Beden : S\/M\/L\/XL\/XXL<\/li>\n<li>Koruma seviyesi : NIJ Level IIIA<\/li>\n<li>Ta\u015f\u0131y\u0131c\u0131 bo\u015f a\u011f\u0131rl\u0131\u011f\u0131 :250 gram<\/li>\n<li>Yelek a\u011f\u0131rl\u0131\u011f\u0131 (L beden) : 2050 gram<\/li>\n<li>Yelek koruma alan\u0131 (L beden) : \u00a029,5 dm\u00b2<\/li>\n<li>D\u0131\u015f kuma\u015f : Pamuk \/ polyester<\/li>\n<li>Aksesuarlar : Yok<\/li>\n<li>Plaka cepleri : Yok<\/li>\n<\/ul>\n<p>&nbsp;<\/p>\n","protected":false},"excerpt":{"rendered":"<p>\u0130\u00e7 balistik koruyucu yelekler g\u00f6mlek alt\u0131na giyilerek kullan\u0131c\u0131n\u0131n balistik koruma alt\u0131nda oldu\u011funun fark edilmemesi amac\u0131yla tasarlanm\u0131\u015ft\u0131r. Askeri ve Polis personeline ilaveten VIP ler, \u00fcst kademe y\u00f6neticiler, de\u011ferli malzeme ta\u015f\u0131yan ki\u015filer taraf\u0131ndan kullan\u0131lmaktad\u0131r. Bu \u00fcr\u00fcn hafif tabanca mermilerine kar\u015f\u0131 koruma sa\u011flamaktad\u0131r.<\/p>\n<ul>\n<li>NIJ0101.04 Seviye II koruma seviyesinde 5 farkl\u0131 beden olarak \u00fcretilmektedir.<\/li>\n<li>Bedenlere g\u00f6re koruma alanlar\u0131 ve balistik paket a\u011f\u0131rl\u0131klar\u0131 a\u015fa\u011f\u0131daki gibidir;<\/li>\n<\/ul>\n","protected":false},"featured_media":5193,"template":"","meta":[],"class_list":["post-5191","product","type-product","status-publish","has-post-thumbnail","hentry","product_cat-balistik-koruyucu-sistemler","product_cat-balistik-koruyucu-yelekler","product_cat-ic-balistik-koruyucu-yelekler"],"_links":{"self":[{"href":"https:\/\/www.garantikompozit.com\/tr\/wp-json\/wp\/v2\/product\/5191","targetHints":{"allow":["GET"]}}],"collection":[{"href":"https:\/\/www.garantikompozit.com\/tr\/wp-json\/wp\/v2\/product"}],"about":[{"href":"https:\/\/www.garantikompozit.com\/tr\/wp-json\/wp\/v2\/types\/product"}],"wp:featuredmedia":[{"embeddable":true,"href":"https:\/\/www.garantikompozit.com\/tr\/wp-json\/wp\/v2\/media\/5193"}],"wp:attachment":[{"href":"https:\/\/www.garantikompozit.com\/tr\/wp-json\/wp\/v2\/media?parent=5191"}],"curies":[{"name":"wp","href":"https:\/\/api.w.org\/{rel}","templated":true}]}}