{"id":19387,"date":"2026-03-02T23:23:42","date_gmt":"2026-03-02T20:23:42","guid":{"rendered":"https:\/\/www.garantikompozit.com\/urun\/elektronik-dinleme-cihazi\/"},"modified":"2026-03-02T23:28:03","modified_gmt":"2026-03-02T20:28:03","slug":"elektronik-dinleme-cihazi","status":"publish","type":"product","link":"https:\/\/www.garantikompozit.com\/tr\/urun\/elektronik-dinleme-cihazi\/","title":{"rendered":"Elektronik Dinleme Cihaz\u0131"},"content":{"rendered":"<div class=\"elementToProof\"><span class=\"elementToProof\"><b>Yetkili Sertifikasyon<\/b><\/span><\/div>\n<div class=\"elementToProof\"><span class=\"elementToProof\">\u00c7inli yetkili kurumlar taraf\u0131ndan test edilip onaylanm\u0131\u015ft\u0131r; IP65 koruma seviyesi\u00a0gereksinimlerini tam olarak kar\u015f\u0131lar.<\/span><\/div>\n<div><\/div>\n<div class=\"elementToProof\"><span class=\"elementToProof\"><b>G\u00fc\u00e7l\u00fc Tespit Performans\u0131<\/b><\/span><\/div>\n<div class=\"elementToProof\"><span class=\"elementToProof\">RF dinleme ve tespit teknolojisi sayesinde uzun menzilli alg\u0131lama, y\u00fcksek penetrasyon (n\u00fcfuz etme) kabiliyeti ve hassas konumland\u0131rma do\u011frulu\u011fu sunar.<\/span><\/div>\n<div><\/div>\n<div class=\"elementToProof\"><span class=\"elementToProof\"><b>D\u00fc\u015f\u00fck G\u00fcr\u00fclt\u00fc ve Net Ses<\/b><\/span><\/div>\n<div class=\"elementToProof\"><span class=\"elementToProof\">Kablolu dinleme deste\u011fine sahiptir. Tahribats\u0131z ses tespiti ve g\u00fcr\u00fclt\u00fc engelleme (noise cancellation)\u00a0teknolojisi ile donat\u0131lm\u0131\u015f olup, ses detaylar\u0131n\u0131 asl\u0131na sad\u0131k kalarak aktar\u0131r.<\/span><\/div>\n<div><\/div>\n<div class=\"elementToProof\"><span class=\"elementToProof\"><b>Kullan\u0131m Kolayl\u0131\u011f\u0131<\/b><\/span><\/div>\n<div class=\"elementToProof\"><span class=\"elementToProof\">A\u00e7\u0131ld\u0131\u011f\u0131 anda kullan\u0131ma haz\u0131rd\u0131r. Basitle\u015ftirilmi\u015f tu\u015f tak\u0131m\u0131 ve g\u00f6rselle\u015ftirilmi\u015f ses dalga formlar\u0131\u00a0sayesinde h\u0131zl\u0131 ve zahmetsiz bir kullan\u0131m deneyimi sa\u011flar.<\/span><\/div>\n<div><\/div>\n<div class=\"elementToProof\"><span class=\"elementToProof\"><b>Uzun Pil \u00d6mr\u00fc<\/b><\/span><\/div>\n<div class=\"elementToProof\"><span class=\"elementToProof\">D\u00fc\u015f\u00fck g\u00fc\u00e7 t\u00fcketimi ile 10 saate kadar\u00a0kesintisiz \u00e7al\u0131\u015fma imk\u00e2n\u0131 sunar.<\/span><\/div>\n<div><\/div>\n<div><strong>Teknik \u00d6zellikler<\/strong><\/div>\n<ul>\n<li><strong>\u00c7al\u0131\u015fma gerilimi:<\/strong> 3.7V<\/li>\n<li><strong>Anten polarizasyonu:<\/strong> Dairesel polarize<\/li>\n<li><strong>Tespit mesafesi:<\/strong> Mekanik saatler i\u00e7in \u2265 3.5m; elektronik zamanlama cihazlar\u0131 ve dijital zamanlay\u0131c\u0131lar i\u00e7in \u2265 0.8m<\/li>\n<li><strong>N\u00fcfuz etme kabiliyeti:<\/strong> 100mm kal\u0131nl\u0131\u011f\u0131nda polietilen k\u00f6p\u00fck + 200mm kal\u0131nl\u0131\u011f\u0131nda A4 ka\u011f\u0131t (70g), mekanik saatler ve dijital zamanlay\u0131c\u0131lar i\u00e7inden ge\u00e7ebilir<\/li>\n<li><strong>Ekran:<\/strong> LCD ekran<\/li>\n<li><strong>Batarya:<\/strong> Lityum pil, maksimum g\u00fc\u00e7 t\u00fcketiminde \u2265 10 saat<\/li>\n<li><strong>G\u00fcr\u00fclt\u00fc engelleyici kulakl\u0131klar:<\/strong> G\u00fcr\u00fclt\u00fc azaltma yetene\u011fi \u2265 -20dB<\/li>\n<li><strong>Boyut (ana cihaz):<\/strong> 209mm * 136mm * 154mm<\/li>\n<li><strong>Boyut (paket):<\/strong> 410mm * 258mm * 260mm<\/li>\n<li><strong>A\u011f\u0131rl\u0131k:<\/strong> 1.05kg \u00b1 0.05kg<\/li>\n<li><strong>Koruma seviyesi:<\/strong>\u00a0IP65<\/li>\n<\/ul>\n","protected":false},"excerpt":{"rendered":"<p>RF teknolojisine dayal\u0131, \u00e7e\u015fitli paketleme kapaklar\u0131 alt\u0131ndaki zaman ayarl\u0131 d\u00fczenekleri tespit edebilen profesyonel bir dinleme cihaz\u0131d\u0131r. Elektronik saat, \u00e7a\u011fr\u0131 cihaz\u0131 ve \u00e7e\u015fitli uzaktan kumanda cihazlar\u0131ndan olu\u015fan elektronik d\u00fczeneklerin yan\u0131 s\u0131ra mekanik olanlar\u0131 da tespit ederek patlay\u0131c\u0131 arama ve imha \u00e7al\u0131\u015fmalar\u0131na verimli bir \u015fekilde yard\u0131mc\u0131 olur. Cihaz kompakt bir yap\u0131ya sahiptir, ta\u015f\u0131mas\u0131 kolayd\u0131r ve \u00e7e\u015fitli karma\u015f\u0131k arama ve patlama ortamlar\u0131 i\u00e7in uygundur; ayn\u0131 zamanda elektronik dinleme ve gizli g\u00f6r\u00fcnt\u00fcleme cihazlar\u0131n\u0131 tespit etmek i\u00e7in bir anti-ke\u015fif cihaz\u0131 olarak da kullan\u0131labilir.<\/p>\n","protected":false},"featured_media":19386,"template":"","meta":[],"class_list":["post-19387","product","type-product","status-publish","has-post-thumbnail","hentry","product_cat-balistik-kiyafet-ve-ekipmanlar"],"_links":{"self":[{"href":"https:\/\/www.garantikompozit.com\/tr\/wp-json\/wp\/v2\/product\/19387","targetHints":{"allow":["GET"]}}],"collection":[{"href":"https:\/\/www.garantikompozit.com\/tr\/wp-json\/wp\/v2\/product"}],"about":[{"href":"https:\/\/www.garantikompozit.com\/tr\/wp-json\/wp\/v2\/types\/product"}],"wp:featuredmedia":[{"embeddable":true,"href":"https:\/\/www.garantikompozit.com\/tr\/wp-json\/wp\/v2\/media\/19386"}],"wp:attachment":[{"href":"https:\/\/www.garantikompozit.com\/tr\/wp-json\/wp\/v2\/media?parent=19387"}],"curies":[{"name":"wp","href":"https:\/\/api.w.org\/{rel}","templated":true}]}}