{"id":19296,"date":"2025-07-22T12:14:39","date_gmt":"2025-07-22T09:14:39","guid":{"rendered":"http:\/\/www.garantikompozit.com\/?post_type=product&#038;p=19296"},"modified":"2026-03-02T23:35:21","modified_gmt":"2026-03-02T20:35:21","slug":"eod-kiyafetinin-ek-ozellikleri","status":"publish","type":"product","link":"https:\/\/www.garantikompozit.com\/tr\/urun\/eod-kiyafetinin-ek-ozellikleri\/","title":{"rendered":"EOD K\u0131yafetinin Ek \u00d6zellikleri"},"content":{"rendered":"<p><a href=\"http:\/\/www.garantikompozit.com\/wp-content\/uploads\/DOGRUSAL-KESME-SERISI.pdf\">DO\u011eRUSAL KESME SER\u0130S\u0130<\/a><\/p>\n<p><a href=\"http:\/\/www.garantikompozit.com\/wp-content\/uploads\/EKTC.pdf\">EKTC<\/a><\/p>\n<p><a href=\"http:\/\/www.garantikompozit.com\/wp-content\/uploads\/VOLKAN-DISRUPTER-1.pdf\">VOLKAN DISRUPTER<\/a><\/p>\n<p><a href=\"http:\/\/www.garantikompozit.com\/wp-content\/uploads\/T-UZAK-KASK-KIYAFET.pdf\">T UZAK KASK KIYAFET<\/a><\/p>\n<p><a href=\"http:\/\/www.garantikompozit.com\/wp-content\/uploads\/SESLI-KOMUT-OZELLIGI.pdf\">SESL\u0130 KOMUT \u00d6ZELL\u0130\u011e\u0130<\/a><\/p>\n<p><a href=\"http:\/\/www.garantikompozit.com\/wp-content\/uploads\/MK-SERISI.pdf\">MK SERI\u0307SI\u0307<\/a><\/p>\n<p><a href=\"http:\/\/www.garantikompozit.com\/wp-content\/uploads\/KESIF-DRONU.pdf\">KE\u015e\u0130F DRONU<\/a><\/p>\n<p><a href=\"http:\/\/www.garantikompozit.com\/wp-content\/uploads\/KASK-ICI-HAVA-KALITESI-OLCUM-OZELLIGI.pdf\">KASK \u0130\u00c7\u0130 HAVA KAL\u0130TES\u0130 \u00d6L\u00c7\u00dcM \u00d6ZELL\u0130\u011e\u0130<\/a><\/p>\n<p><a href=\"\/tr\/urun\/elektronik-dinleme-cihazi\/\">ELEKTRON\u0130K D\u0130NLEME C\u0130HAZI<\/a><\/p>\n","protected":false},"excerpt":{"rendered":"<p>DO\u011eRUSAL KESME SER\u0130S\u0130 EKTC VOLKAN DISRUPTER T UZAK KASK KIYAFET SESL\u0130 KOMUT \u00d6ZELL\u0130\u011e\u0130 MK SERI\u0307SI\u0307 KE\u015e\u0130F DRONU KASK \u0130\u00c7\u0130 HAVA KAL\u0130TES\u0130 \u00d6L\u00c7\u00dcM \u00d6ZELL\u0130\u011e\u0130 ELEKTRON\u0130K D\u0130NLEME C\u0130HAZI<\/p>\n","protected":false},"featured_media":19205,"template":"","meta":[],"class_list":["post-19296","product","type-product","status-publish","has-post-thumbnail","hentry","product_cat-balistik-kiyafet-ve-ekipmanlar"],"_links":{"self":[{"href":"https:\/\/www.garantikompozit.com\/tr\/wp-json\/wp\/v2\/product\/19296","targetHints":{"allow":["GET"]}}],"collection":[{"href":"https:\/\/www.garantikompozit.com\/tr\/wp-json\/wp\/v2\/product"}],"about":[{"href":"https:\/\/www.garantikompozit.com\/tr\/wp-json\/wp\/v2\/types\/product"}],"wp:featuredmedia":[{"embeddable":true,"href":"https:\/\/www.garantikompozit.com\/tr\/wp-json\/wp\/v2\/media\/19205"}],"wp:attachment":[{"href":"https:\/\/www.garantikompozit.com\/tr\/wp-json\/wp\/v2\/media?parent=19296"}],"curies":[{"name":"wp","href":"https:\/\/api.w.org\/{rel}","templated":true}]}}