{"id":19295,"date":"2025-07-22T12:07:30","date_gmt":"2025-07-22T09:07:30","guid":{"rendered":"http:\/\/www.garantikompozit.com\/?post_type=product&#038;p=19295"},"modified":"2025-07-22T12:11:48","modified_gmt":"2025-07-22T09:11:48","slug":"bomba-uzmani-koruyucu-kiyafeti-gr-bat-06","status":"publish","type":"product","link":"https:\/\/www.garantikompozit.com\/tr\/urun\/bomba-uzmani-koruyucu-kiyafeti-gr-bat-06\/","title":{"rendered":"Bomba Uzman\u0131 Koruyucu K\u0131yafeti &#8211; GR-BAT.06"},"content":{"rendered":"<p><strong>K\u0131yafet a\u015fa\u011f\u0131daki par\u00e7alardan olu\u015fmaktad\u0131r;<\/strong><\/p>\n<ul>\n<li>Koruyucu kask ve viz\u00f6r<\/li>\n<li>CBRN viz\u00f6r (opsiyonel). CBRN maske ve filtresiyle uyumlu<\/li>\n<li>Koruyucu ceket<\/li>\n<li>Koruyucu pantolon ve bot koruyucular\u0131<\/li>\n<li>Koruyucu kas\u0131k paneli<\/li>\n<li>Koruyucu eldiven ve el korumas\u0131<\/li>\n<li>Koruyucu kas\u0131k ve g\u00f6\u011f\u00fcs plakalar\u0131<\/li>\n<li>Pantolona entegre ayarlanabilir omurga koruma yap\u0131s\u0131<\/li>\n<li>G\u00fc\u00e7 kablolar\u0131 ve kontrol paneli<\/li>\n<li>Koruyucu y\u00fcz maskesi (balaklava)<\/li>\n<li>Par\u00e7ac\u0131klara kar\u015f\u0131 koruyucu i\u00e7 giyim seti (opsiyonel)<\/li>\n<li>So\u011futma k\u0131yafeti (kap\u00fc\u015fon, \u00fcst ve alt olmak \u00fczere 3 par\u00e7a &#8211; opsiyonel)<\/li>\n<li>CBRN i\u00e7 giyim (tulum, kap\u00fc\u015fon, eldiven, \u00e7orap &#8211; 4 par\u00e7a &#8211; opsiyonel)<\/li>\n<li>Solunum cihaz\u0131 (opsiyonel)<\/li>\n<li>CBRN maske ve filtre (opsiyonel)<\/li>\n<li>Kablolu ileti\u015fim sistemi (opsiyonel)<\/li>\n<li>Boyun mikrofonlu kablosuz ileti\u015fim sistemi (opsiyonel)<\/li>\n<li>Ta\u015f\u0131ma \u00e7antas\u0131<\/li>\n<\/ul>\n<p><strong>KORUYUCU KASK VE V\u0130Z\u00d6R<\/strong><\/p>\n<p>Y\u00fcksek performansl\u0131 balistik koruyucu malzemelerden \u00fcretilen, son derece hafif koruyucu kaskta farkl\u0131 pozisyonlarda a\u00e7\u0131labilir balistik siperlik yer al\u0131r.<\/p>\n<p>S\u0131cak ortamlarda kullan\u0131c\u0131 konforunu sa\u011flamak i\u00e7in ba\u015fl\u0131kta entegre havaland\u0131rma sistemi mevcuttur. \u0130\u00e7 k\u0131sm\u0131nda, farkl\u0131 kal\u0131nl\u0131klarda sunulan alev geciktirici malzemeden yap\u0131lm\u0131\u015f konforlu ve darbe emici bir liner sistemi bulunur. Kask, ba\u015f \u00e7evresine g\u00f6re ayarlanabilir, 4 noktadan sabitlenmi\u015f, alev geciktirici malzemeden yap\u0131lm\u0131\u015f \u00e7ene kay\u0131\u015f\u0131 sistemine sahiptir.<\/p>\n<p>Karanl\u0131k ortamlarda \u00e7al\u0131\u015fma konforu sa\u011flamak i\u00e7in \u00e7oklu LED ayd\u0131nlatma sistemi ve bu sistemlere g\u00fc\u00e7 sa\u011flayan bir g\u00fc\u00e7 \u00fcnitesi mevcuttur.<\/p>\n<p>Kaskta, \u00f6n k\u0131sm\u0131nda \u00e7\u0131kar\u0131labilir kamera ve modern \u00e7evresel ileti\u015fim sistemi yer al\u0131r. G\u00f6r\u00fcnt\u00fc kablolu\/kablosuz olarak 100m \u00fczeri mesafeden canl\u0131 aktar\u0131labilir ve sahadaki kontrol merkezinden izlenebilir.<\/p>\n<p>NIJ0117.00 standard\u0131na uygun y\u00fcksek balistik koruma ve optik performans sa\u011flayan siperlik, \u00e7izilmeye ve bu\u011fulanmaya kar\u015f\u0131 dayan\u0131kl\u0131d\u0131r.<\/p>\n<p>Ba\u015fl\u0131k ve siperlik sistemi, ba\u015f\u0131n a\u011f\u0131rl\u0131k merkezine g\u00f6re tasarlanm\u0131\u015ft\u0131r, b\u00f6ylece boyun ve omuz kaslar\u0131n\u0131 yormaz.<\/p>\n<p><strong>Toplam a\u011f\u0131rl\u0131k:<\/strong> 5600 \u00b1 400 gr.<\/p>\n<p>&nbsp;<\/p>\n<p><strong>\u00d6zellikler:<\/strong><\/p>\n<ul>\n<li>Turbo modlu ayarlanabilir ultra y\u00fcksek h\u0131zl\u0131 havaland\u0131rma<\/li>\n<li>Ayarlanabilir yo\u011funlukta UV ve beyaz LED\u2019ler (birlikte veya ayr\u0131 kullan\u0131labilir)<\/li>\n<li>140\u00b0 g\u00f6r\u00fc\u015f a\u00e7\u0131s\u0131na sahip entegre kamera, 1080P \u00e7\u00f6z\u00fcn\u00fcrl\u00fckte kay\u0131t ve Wi-Fi ile aktar\u0131m<\/li>\n<li>95 dB\u2019den 35 dB\u2019e otomatik g\u00fcr\u00fclt\u00fc azaltmal\u0131 PTT \u00f6zellikli entegre telekom sistemi<\/li>\n<li>Bu\u011fulanma \u00f6nleyici liner ve havaland\u0131rmal\u0131 pozisyona sahip geni\u015fletilmi\u015f viz\u00f6r desteklenmi\u015ftir.<\/li>\n<\/ul>\n<p><strong>KORUYUCU CEKET:<br \/>\n<\/strong><\/p>\n<p>Kullan\u0131c\u0131ya maksimum konfor sa\u011flamak i\u00e7in tasarlanm\u0131\u015f olup, \u00fcst v\u00fccut tamam\u0131n\u0131 korur. Yaka b\u00f6lgesi, t\u00fcm \u00e7evresini saran \u00f6zel tasar\u0131mla korunur. Kas\u0131k ve g\u00f6\u011f\u00fcs \u00f6n b\u00f6lgesini korumak i\u00e7in balistik panellerin yerle\u015ftirilebilece\u011fi cepler mevcuttur. Radyo, telefon, yedek enerji kayna\u011f\u0131 gibi ekipmanlar i\u00e7in farkl\u0131 boyutlarda cepler yer al\u0131r. Acil durumlar i\u00e7in panik fermuarlar\u0131 bulunur.<\/p>\n<p><strong>KORUYUCU PANTOLON:<\/strong><\/p>\n<p>Ayarlanabilir ask\u0131 sistemi ve elastik bel yap\u0131s\u0131yla farkl\u0131 v\u00fccut yap\u0131lar\u0131na uygun \u015fekilde tasarlanm\u0131\u015ft\u0131r. Acil durumlar i\u00e7in panik fermuarlar\u0131 bulunur. Entegre omurga koruma yap\u0131s\u0131 darbeye kar\u015f\u0131 koruma sa\u011flar. Pantolon bot koruyucular\u0131na ba\u011flan\u0131r ve aya\u011f\u0131 tamamen \u00f6rter.<\/p>\n<p><strong>KASIK KORUYUCU:<\/strong><\/p>\n<p>Kullan\u0131c\u0131n\u0131n kas\u0131k b\u00f6lgesini korumak \u00fczere tasarlanm\u0131\u015ft\u0131r. Hareketleri k\u0131s\u0131tlamaz. C\u0131rt bantlarla pantolona sabitlenebilir.<\/p>\n<p><strong>EL KORUMASI VE KORUYUCU ELD\u0130VEN:<\/strong><\/p>\n<p>Ellerin korunmas\u0131 i\u00e7in tasarlanm\u0131\u015f olup, kullan\u0131m kolayl\u0131\u011f\u0131 sunar. Kolayl\u0131kla \u00e7\u0131kar\u0131l\u0131p tak\u0131labilir.<\/p>\n<p><strong>KASIK VE G\u00d6\u011e\u00dcS PLAKALARI:<\/strong><\/p>\n<p>Y\u00fcksek koruma de\u011ferine sahip, hafif kompozit yap\u0131lard\u0131r. Kas\u0131k ve g\u00f6\u011f\u00fcs \u00f6n b\u00f6lgesine ek \u015farapnel ve bas\u0131n\u00e7 korumas\u0131 sa\u011flar. Ceket \u00f6n ceplerine kolayca tak\u0131l\u0131p \u00e7\u0131kar\u0131labilir. E\u011filme veya \u00e7\u00f6melme durumlar\u0131nda i\u00e7 i\u00e7e ge\u00e7erek kullan\u0131c\u0131 konforunu bozmaz.<\/p>\n<p><strong>PANTOLONA ENTEGRE OMURGA KORUMA PANEL\u0130:<\/strong><\/p>\n<p>Esnek, ayarlanabilir, terletmeyen, su ge\u00e7irmez, hafif yap\u0131da, y\u00fcksek darbe emme \u00f6zellikli koruyucu yap\u0131dad\u0131r. Pantolona entegredir.<\/p>\n<p><strong>YEDEK G\u00dc\u00c7 KAYNA\u011eI VE KONTROL PANEL\u0130:<\/strong><\/p>\n<p>Kask \u00fczerindeki sistemler i\u00e7in yedek enerji kayna\u011f\u0131 ceket cebine yerle\u015ftirilir ve kablolarla enerji sa\u011flar. Kontrol paneli, c\u0131rt bantlarla kola sabitlenebilir. Gece kullan\u0131m\u0131 i\u00e7in ayd\u0131nlatma \u00f6zelli\u011fine sahiptir. Ultra hafif dokunmatik panel; ar\u0131za uyar\u0131s\u0131 ve pil seviyesini g\u00f6sterir.<\/p>\n<p><strong>KONTROL PANEL\u0130 \u00d6ZELL\u0130KLER\u0130:<\/strong><\/p>\n<ul>\n<li>A\u00e7ma\/kapama anahtar\u0131<\/li>\n<li>Turbo \u00f6zellikli fan h\u0131z kontrol\u00fc<\/li>\n<li>Bu\u011fu \u00f6nleyici a\u00e7ma\/kapama<\/li>\n<li>\u00c7evresel ileti\u015fim sistemi<\/li>\n<li>Kablosuz ileti\u015fim sistemi<\/li>\n<li>LED \u0131\u015f\u0131k a\u00e7ma\/kapama ve ayarlanabilir parlakl\u0131k<\/li>\n<li>Hoparl\u00f6r ses seviyesi kontrol\u00fc<\/li>\n<li>Kask ile uzaktan ileti\u015fim ba\u011flant\u0131 durumu g\u00f6sterimi<\/li>\n<\/ul>\n<p><strong>KORUYUCU Y\u00dcZ MASKES\u0130 (BALAKLAVA):<\/strong><\/p>\n<p>Meta-aramid elyaflardan \u00f6rme kuma\u015ftan yap\u0131lm\u0131\u015f, hafif ve konforlu bir y\u00fcz maskesidir. Alevden boyun ve y\u00fcz\u00fc korur. Her tak\u0131mla 3 adet verilir.<\/p>\n<p><strong>KORUYUCU \u0130\u00c7 G\u0130Y\u0130M SET\u0130 (OPS\u0130YONEL):<\/strong><\/p>\n<p>UHMWPE elyaflardan \u00f6r\u00fclm\u00fc\u015f kuma\u015ftan \u00fcretilmi\u015f i\u00e7 giyim setidir. \u015earapnel korumas\u0131 sa\u011flar. \u00dcst ve alt v\u00fccut i\u00e7in tasarlanm\u0131\u015ft\u0131r. \u00d6zellikle k\u00fc\u00e7\u00fck par\u00e7ac\u0131klara kar\u015f\u0131 y\u00fcksek koruma sa\u011flar. Elyaf yap\u0131s\u0131 sayesinde serinlik hissi vererek kullan\u0131c\u0131 konforunu art\u0131r\u0131r.<\/p>\n<p><strong>TA\u015eIMA \u00c7ANTALARI:<\/strong><\/p>\n<p>Kask ve siperlik kendi \u00e7antas\u0131nda, di\u011fer k\u0131yafetler ayr\u0131 \u00e7antada teslim edilir. \u00c7antalar, y\u00fcksek \u00e7ekme dayan\u0131m\u0131 ve a\u015f\u0131nma direncine sahip polyamid 6.6 kuma\u015ftan \u00fcretilmi\u015ftir.<\/p>\n<p><strong>EOD KIYAFET\u0130N\u0130N BAL\u0130ST\u0130K PERFORMANSI:<\/strong><\/p>\n<ul>\n<li>Kask \u2013 17 grain FSP i\u00e7in V50: min. 640 m\/s<\/li>\n<li>Kask \u2013 44 grain FSP i\u00e7in V50: min. 550 m\/s<\/li>\n<li>Siperlik \u2013 17 grain FSP i\u00e7in V50: min. 780 m\/s<\/li>\n<li>Ceket \u00f6n ve yaka \u00f6n \u2013 17 grain FSP i\u00e7in V50: min. 600 m\/s<\/li>\n<li>Ceket \u00f6n ve yaka \u00f6n \u2013 44 grain FSP i\u00e7in V50: min. 530 m\/s<\/li>\n<li>Ceket plaka alanlar\u0131 \u2013 17 grain FSP i\u00e7in V50: min. 1800 m\/s<\/li>\n<li>Ceket plaka alanlar\u0131 \u2013 44 grain FSP i\u00e7in V50: min. 1100 m\/s<\/li>\n<li>Ceket plaka alanlar\u0131 \u2013 207 grain FSP i\u00e7in V50: min. 750 m\/s<\/li>\n<li>Ceket\/yaka arka ve kollar \u2013 17 grain FSP i\u00e7in V50: min. 560 m\/s<\/li>\n<li>Kas\u0131k \u2013 17 grain FSP i\u00e7in V50: min. 600 m\/s<\/li>\n<li>Pantolon \u00f6n \u2013 17 grain FSP i\u00e7in V50: min. 690 m\/s<\/li>\n<li>Pantolon arka \u2013 17 grain FSP i\u00e7in V50: min. 250 m\/s<\/li>\n<li>Pantolon kaval b\u00f6lgesi \u2013 17 grain FSP i\u00e7in V50: min. 690 m\/s<\/li>\n<li>El koruma \u2013 17 grain FSP i\u00e7in V50: min. 560 m\/s<\/li>\n<li>Bot koruma \u2013 17 grain FSP i\u00e7in V50: min. 450 m\/s<\/li>\n<\/ul>\n<p><strong>10 KG C4 PATLAYICIYA KAR\u015eI KIYAFET\u0130N KORUYUCU \u00d6ZELL\u0130KLER\u0130:<\/strong><\/p>\n<ul>\n<li>Kask, 3 metre mesafede 10 kg C4 plastik patlay\u0131c\u0131n\u0131n patlamas\u0131 sonucu olu\u015fan a\u015f\u0131r\u0131 bas\u0131nc\u0131 kulaklarda %78 oran\u0131nda azaltabilir.<\/li>\n<li>Kask, patlama bas\u0131n\u00e7 dalgas\u0131n\u0131n olu\u015fturdu\u011fu ivmeyi %85 oran\u0131nda azaltabilir.<\/li>\n<li>Ceket \u00f6n k\u0131sm\u0131, a\u015f\u0131r\u0131 bas\u0131nc\u0131 en az %85 oran\u0131nda azaltabilir<\/li>\n<\/ul>\n<p><strong>A\u011eIRLIK B\u0130LG\u0130S\u0130: (\u00b1 %5)<\/strong><\/p>\n<ul>\n<li>Kask: 5,65 kg<\/li>\n<li>\u00dcst-alt k\u0131yafet: 22,95 kg<\/li>\n<li>Ayak koruma: 0,90 kg<\/li>\n<li>El koruma: 0,35 kg<\/li>\n<\/ul>\n","protected":false},"excerpt":{"rendered":"<p>Yeni tip Bomba Uzman Koruyucu K\u0131yafetimiz), bomba uzmanlar\u0131n\u0131n zorlu \u00e7al\u0131\u015fma ko\u015fullar\u0131 g\u00f6z \u00f6n\u00fcnde bulundurularak tasarlanm\u0131\u015f olup, rakiplerine k\u0131yasla daha hafif, kullan\u0131\u015fl\u0131, giyilip \u00e7\u0131kar\u0131lmas\u0131 kolay, mod\u00fcler yap\u0131da ve \u00fcst\u00fcn koruma seviyesine sahiptir. 170-190 cm boyunda ve 65-100 kg a\u011f\u0131rl\u0131\u011f\u0131nda personel taraf\u0131ndan kullan\u0131labilir. \u00d6l\u00e7\u00fc ve renkler m\u00fc\u015fteri talebine g\u00f6re temin edilebilir. Y\u0131rt\u0131lma ve a\u015f\u0131nma direnci y\u00fcksek, anti-statik \u00f6zellikli, rip-stop dokuma meta-aramid kuma\u015ftan yap\u0131lm\u0131\u015f ta\u015f\u0131y\u0131c\u0131 k\u0131yafet uzun \u00f6m\u00fcrl\u00fc kullan\u0131m sa\u011flar. Bu EOD k\u0131yafeti, kal\u0131c\u0131 alev geciktirici malzemelerden \u00fcretilmi\u015ftir ve patlama sonucu olu\u015fabilecek a\u015f\u0131r\u0131 bas\u0131n\u00e7, par\u00e7a etkisi ve darbelere kar\u015f\u0131 belirli bir d\u00fczeye kadar koruma sa\u011flar.<\/p>\n","protected":false},"featured_media":16361,"template":"","meta":[],"class_list":["post-19295","product","type-product","status-publish","has-post-thumbnail","hentry","product_cat-balistik-kiyafet-ve-ekipmanlar"],"_links":{"self":[{"href":"https:\/\/www.garantikompozit.com\/tr\/wp-json\/wp\/v2\/product\/19295","targetHints":{"allow":["GET"]}}],"collection":[{"href":"https:\/\/www.garantikompozit.com\/tr\/wp-json\/wp\/v2\/product"}],"about":[{"href":"https:\/\/www.garantikompozit.com\/tr\/wp-json\/wp\/v2\/types\/product"}],"wp:featuredmedia":[{"embeddable":true,"href":"https:\/\/www.garantikompozit.com\/tr\/wp-json\/wp\/v2\/media\/16361"}],"wp:attachment":[{"href":"https:\/\/www.garantikompozit.com\/tr\/wp-json\/wp\/v2\/media?parent=19295"}],"curies":[{"name":"wp","href":"https:\/\/api.w.org\/{rel}","templated":true}]}}