{"id":18187,"date":"2025-01-21T23:08:00","date_gmt":"2025-01-21T20:08:00","guid":{"rendered":"https:\/\/www.garantikompozit.com\/?post_type=product&#038;p=18187"},"modified":"2025-01-22T09:25:21","modified_gmt":"2025-01-22T06:25:21","slug":"hava-tasitlarinda-guvenlik-konfor-hafif-ergonomik-uygar-kaski-v2","status":"publish","type":"product","link":"https:\/\/www.garantikompozit.com\/tr\/urun\/hava-tasitlarinda-guvenlik-konfor-hafif-ergonomik-uygar-kaski-v2\/","title":{"rendered":"Sabit Kanatl\u0131 Hava Ara\u00e7lar\u0131 \u0130\u00e7in M\u00fcrettebat Kask\u0131"},"content":{"rendered":"<p><strong><span class=\"fontstyle0\">GK-EPH-1<\/span><\/strong><\/p>\n<p><span class=\"fontstyle0\">Ticari ve askeri pilotlara y\u00f6nelik, f\u0131rlatma koltu\u011funa sahip sabit kanatl\u0131 u\u00e7aklar\u0131n hava ekipleri i\u00e7in kullan\u0131lmak \u00fczere tasarlanm\u0131\u015f \u00e7ok y\u00f6nl\u00fc bir kask sistemi. Ayr\u0131ca gece g\u00f6r\u00fc\u015f g\u00f6zl\u00fc\u011f\u00fc ile kullan\u0131labilecek \u015fekilde tasarlanm\u0131\u015ft\u0131r. Hafif \u00e7\u00f6z\u00fcm\u00fc sayesinde \u00e7e\u015fitli kullan\u0131mlarda konfor, koruma ve g\u00fcvenilirlik sa\u011flayacak \u015fekilde tasarlanm\u0131\u015f olup, uzun s\u00fcreli u\u00e7u\u015flarda ullan\u0131c\u0131ya maksimum konfor sa\u011flar.<\/span><\/p>\n<table>\n<thead>\n<tr>\n<th>Viz\u00f6r Koruyucular\u0131<\/th>\n<th>Viz\u00f6rler<\/th>\n<th>Kulakl\u0131k<\/th>\n<th>Kablo<\/th>\n<th>Giri\u015f Se\u00e7enekleri<\/th>\n<th>Mikrofon<\/th>\n<\/tr>\n<\/thead>\n<tbody>\n<tr>\n<td>Orta<\/td>\n<td>Renksiz &amp; Renkli<\/td>\n<td>Pasif 150 Ohm<\/td>\n<td>Sarmal (1M)<\/td>\n<td>UK NATO<\/td>\n<td>M7\/DC<\/td>\n<\/tr>\n<tr>\n<td>Sert (NVG)<\/td>\n<td>Sar\u0131 Renk<\/td>\n<td>Pasif 600 Ohm<\/td>\n<td>D\u00fcz (1M)<\/td>\n<td>U174<\/td>\n<td>M87<\/td>\n<\/tr>\n<tr>\n<td>Yumu\u015fak<\/td>\n<td>&#8211;<\/td>\n<td>Aktif Ses Azaltma<\/td>\n<td>&#8211;<\/td>\n<td>\u0130kiz Fi\u015f<\/td>\n<td>Su Ge\u00e7irmez<\/td>\n<\/tr>\n<tr>\n<td>&#8211;<\/td>\n<td>&#8211;<\/td>\n<td>Su Ge\u00e7irmez<\/td>\n<td>&#8211;<\/td>\n<td>6 Pin Lema<\/td>\n<td>&#8211;<\/td>\n<\/tr>\n<tr>\n<td>&#8211;<\/td>\n<td>&#8211;<\/td>\n<td>&#8211;<\/td>\n<td>&#8211;<\/td>\n<td>8 Pin Lema<\/td>\n<td>&#8211;<\/td>\n<\/tr>\n<\/tbody>\n<\/table>\n","protected":false},"excerpt":{"rendered":"<p><strong>Hafif Ama Dayan\u0131kl\u0131<\/strong><\/p>\n<ul>\n<li>\u00a0<span class=\"fontstyle0\">Son derece hafif yap\u0131<\/span><\/li>\n<li><span class=\"fontstyle0\">G\u00fc\u00e7l\u00fc epoksi re\u00e7ine, aramid ve karbon fiber kabuk <\/span><\/li>\n<li><span class=\"fontstyle0\">Darbe ve delinmeye kar\u015f\u0131 koruma<\/span><\/li>\n<\/ul>\n<p><strong>Kolay Kurulum<\/strong><\/p>\n<ul>\n<li>\u00a0<span class=\"fontstyle0\">M\u00fckemmel uyum i\u00e7in tutma sisteminin ve kulak ileti\u015fiminin h\u0131zl\u0131 ve kolay kurulumu.<\/span><\/li>\n<li><span class=\"fontstyle0\">H\u0131zl\u0131 ba\u011flant\u0131 kesme \u00f6zelli\u011fi.<\/span><\/li>\n<li><span class=\"fontstyle0\">2 tak\u0131m kulakl\u0131k &#8211; ANR \u00f6zellikli<\/span><\/li>\n<li><span class=\"fontstyle0\">Ba\u015f ve nefes alma i\u00e7in oksijen maskesi ba\u011flant\u0131 sistemi <\/span><\/li>\n<li><span class=\"fontstyle0\">H\u0131zl\u0131 manevralar i\u00e7in m\u00fckemmel denge<\/span><\/li>\n<li><span class=\"fontstyle0\">Pratik NVG montaj sistemi<\/span><\/li>\n<li><span class=\"fontstyle0\">650 KEAS onayl\u0131 g\u00fcvenlik sistemi<\/span><\/li>\n<li><span class=\"fontstyle0\">Wind Blast f\u0131rlatma sistemi onayl\u0131<\/span><\/li>\n<\/ul>\n<p><strong>Uzun S\u00fcreli Konfor<\/strong><\/p>\n<ul>\n<li>\u00a0<span class=\"fontstyle0\">M\u00fckemmel pasif ses azaltma teknolojisi. <\/span><\/li>\n<li><span class=\"fontstyle0\">Nem olu\u015fumunu engelleyen geli\u015fmi\u015f tavan d\u00f6\u015feme sistemi.<\/span><\/li>\n<li><span class=\"fontstyle0\">Hassas uyum i\u00e7in farkl\u0131 kal\u0131nl\u0131klarda iste\u011fe ba\u011fl\u0131 i\u00e7 pedler. <\/span><\/li>\n<li><span class=\"fontstyle0\">Hijyenik yap\u0131.<\/span><\/li>\n<li><span class=\"fontstyle0\">\u0130ste\u011fe ba\u011fl\u0131 aktif g\u00fcr\u00fclt\u00fc azaltma.<\/span><\/li>\n<\/ul>\n<p><strong>Uygulama Alanlar\u0131<\/strong><\/p>\n<ul>\n<li><span class=\"fontstyle0\">Hava Kuvvetleri Sava\u015f U\u00e7a\u011f\u0131.<\/span><\/li>\n<\/ul>\n<p><span class=\"fontstyle0\"><strong>Ki\u015fiselle\u015ftirme Se\u00e7enekleri<\/strong><\/span><\/p>\n<ul>\n<li><span class=\"fontstyle0\">Fiber takviyeli, karbon fiber yap<\/span><\/li>\n<li><span class=\"fontstyle0\">4 beden mevcuttu<\/span><\/li>\n<li><span class=\"fontstyle0\">Tek veya \u00e7ift viz\u00f6r se\u00e7enekleri (renksiz, renkli, sar\u0131 ve lazer korumal\u0131)<\/span><\/li>\n<li><span class=\"fontstyle0\">\u0130ste\u011fe Ba\u011fl\u0131 Aktif G\u00fcr\u00fclt\u00fc Azaltma<\/span><\/li>\n<li><span class=\"fontstyle0\">\u00c7e\u015fitli ba\u011flant\u0131 soketleri, yan konnekt\u00f6r, mikrofon, empedans se\u00e7enekleri.<\/span><\/li>\n<li><span class=\"fontstyle0\">Kabuk rengi ve y\u00fczey i\u015fleme se\u00e7enekler<\/span><\/li>\n<li><span class=\"fontstyle0\">Viz\u00f6r koruyucusu, yans\u0131t\u0131c\u0131 bant se\u00e7enekleri ve daha fazlas\u0131<\/span><\/li>\n<li><span class=\"fontstyle0\">Acil durumlarda ileti\u015fim sistemlerinin h\u0131zl\u0131 bir \u015fekilde devre d\u0131\u015f\u0131 b\u0131rak\u0131lmas\u0131 i\u00e7in h\u0131zl\u0131 ba\u011flant\u0131 kesme \u00f6zelli\u011fi<\/span><\/li>\n<\/ul>\n<p><span class=\"fontstyle0\"><strong>Se\u00e7enekler ve Aksesuarlar<\/strong><\/span><\/p>\n<ul>\n<li>Kabuk Rengi<\/li>\n<li><span class=\"fontstyle0\">Viz\u00f6r &#8211; Tek \/ \u00c7ift \/ Lazer Korumal\u0131<\/span><\/li>\n<li><span class=\"fontstyle0\">Viz\u00f6r Koruyucu<\/span><\/li>\n<li><span class=\"fontstyle2\">Balistik ve Balistik Olmayan se\u00e7enek<\/span><\/li>\n<li><span class=\"fontstyle0\">Pasif \/ Aktif Ses Azaltma<\/span><\/li>\n<li><span class=\"fontstyle0\">Kablo ve Giri\u015f Se\u00e7enekleri<\/span><\/li>\n<li><span class=\"fontstyle0\">Mikrofonlar<\/span><\/li>\n<li><span class=\"fontstyle0\">Yans\u0131t\u0131c\u0131 Bant<\/span><\/li>\n<li><span class=\"fontstyle0\">Piyasada bulunan aksesuarlar<\/span><\/li>\n<\/ul>\n","protected":false},"featured_media":18188,"template":"","meta":[],"class_list":["post-18187","product","type-product","status-publish","has-post-thumbnail","hentry","product_cat-murettebat-kaski","product_tag-ach-full-cut"],"_links":{"self":[{"href":"https:\/\/www.garantikompozit.com\/tr\/wp-json\/wp\/v2\/product\/18187","targetHints":{"allow":["GET"]}}],"collection":[{"href":"https:\/\/www.garantikompozit.com\/tr\/wp-json\/wp\/v2\/product"}],"about":[{"href":"https:\/\/www.garantikompozit.com\/tr\/wp-json\/wp\/v2\/types\/product"}],"wp:featuredmedia":[{"embeddable":true,"href":"https:\/\/www.garantikompozit.com\/tr\/wp-json\/wp\/v2\/media\/18188"}],"wp:attachment":[{"href":"https:\/\/www.garantikompozit.com\/tr\/wp-json\/wp\/v2\/media?parent=18187"}],"curies":[{"name":"wp","href":"https:\/\/api.w.org\/{rel}","templated":true}]}}