{"id":18175,"date":"2025-01-21T22:49:57","date_gmt":"2025-01-21T19:49:57","guid":{"rendered":"https:\/\/www.garantikompozit.com\/?post_type=product&#038;p=18175"},"modified":"2025-01-22T09:24:28","modified_gmt":"2025-01-22T06:24:28","slug":"hava-tasitlarinda-guvenlik-konfor-hafif-ergonomik-uygar-kaski-2","status":"publish","type":"product","link":"https:\/\/www.garantikompozit.com\/tr\/urun\/hava-tasitlarinda-guvenlik-konfor-hafif-ergonomik-uygar-kaski-2\/","title":{"rendered":"D\u00f6ner Kanatl\u0131 Hava Ara\u00e7lar\u0131 \u0130\u00e7in M\u00fcrettebat Kasklar\u0131"},"content":{"rendered":"<p><strong><span class=\"fontstyle0\">GK-APH-1<\/span><\/strong><\/p>\n<p>D\u00f6ner kanatl\u0131 ve f\u0131rlatma koltu\u011fu olmayan sabit kanatl\u0131 u\u00e7aklarda hava m\u00fcrettebat\u0131 taraf\u0131ndan kullan\u0131lmak \u00fczere tasarlanm\u0131\u015ft\u0131r. Ticari ve askeri operasyonlarda kullan\u0131lma amac\u0131yla yap\u0131lm\u0131\u015f \u00e7ok y\u00f6nl\u00fc kask sistemidir. Ekstra hafif olmas\u0131 sayesinde uzun operasyonlarda m\u00fcrettebat\u0131 yormamak \u00fczere tasarlanarak; koruma, konfor, rahatl\u0131k ve g\u00fcvenilirli\u011fi ile bir\u00e7ok uygulama alan\u0131nda kullan\u0131labilmesi hedeflenmi\u015ftir<\/p>\n<table>\n<thead>\n<tr>\n<th>Viz\u00f6r Koruyucular\u0131<\/th>\n<th>Viz\u00f6rler<\/th>\n<th>Kulakl\u0131k<\/th>\n<th>Kablo<\/th>\n<th>Giri\u015f Se\u00e7enekleri<\/th>\n<th>Mikrofon<\/th>\n<\/tr>\n<\/thead>\n<tbody>\n<tr>\n<td>Orta<\/td>\n<td>Renksiz &amp; Renkli<\/td>\n<td>Pasif 150 Ohm<\/td>\n<td>Sarmal (1M)<\/td>\n<td>UK NATO<\/td>\n<td>M7\/DC<\/td>\n<\/tr>\n<tr>\n<td>Sert (NVG)<\/td>\n<td>Sar\u0131 Renk<\/td>\n<td>Pasif 600 Ohm<\/td>\n<td>D\u00fcz (1M)<\/td>\n<td>U174<\/td>\n<td>M87<\/td>\n<\/tr>\n<tr>\n<td>Yumu\u015fak<\/td>\n<td>&#8211;<\/td>\n<td>Aktif Ses Azaltma<\/td>\n<td>&#8211;<\/td>\n<td>\u0130kiz Fi\u015f<\/td>\n<td>Su Ge\u00e7irmez<\/td>\n<\/tr>\n<tr>\n<td>&#8211;<\/td>\n<td>&#8211;<\/td>\n<td>Su Ge\u00e7irmez<\/td>\n<td>&#8211;<\/td>\n<td>6 Pin Lema<\/td>\n<td>&#8211;<\/td>\n<\/tr>\n<tr>\n<td>&#8211;<\/td>\n<td>&#8211;<\/td>\n<td>&#8211;<\/td>\n<td>&#8211;<\/td>\n<td>8 Pin Lema<\/td>\n<td>&#8211;<\/td>\n<\/tr>\n<\/tbody>\n<\/table>\n","protected":false},"excerpt":{"rendered":"<p><strong>Hafif Ama Dayan\u0131kl\u0131<\/strong><\/p>\n<ul>\n<li>A\u015f\u0131r\u0131 hafif konstr\u00fcksiyon<\/li>\n<li><span class=\"fontstyle2\">G\u00fc\u00e7l\u00fc epoksi re\u00e7ine, aramid ve karbon fiber kabuk<\/span><\/li>\n<li><span class=\"fontstyle2\">D<\/span><span class=\"fontstyle2\">arbe ve delinmeye kar\u015f\u0131 korum<\/span><span class=\"fontstyle2\">a <\/span><span class=\"fontstyle3\">balistik kabuk opsiyonu<\/span><\/li>\n<\/ul>\n<p><strong>Kolay Kurulum<\/strong><\/p>\n<ul>\n<li><span class=\"fontstyle2\">M\u00fckemmel uyum i\u00e7in \u00e7ene kay\u0131\u015f sisteminin ve kulak ileti\u015fiminin h\u0131zl\u0131 ve kolay kurulumu. H\u0131zl\u0131 ba\u011flant\u0131 kesme \u00f6zelli\u011fi.<\/span><\/li>\n<\/ul>\n<p><strong>Uzun S\u00fcreli Konfor<\/strong><\/p>\n<ul>\n<li><span class=\"fontstyle2\">M\u00fckemmel pasif ses azaltma teknolojisi. <\/span><\/li>\n<li><span class=\"fontstyle2\">Nem olu\u015fumunu engelleyen geli\u015fmi\u015f tavan d\u00f6\u015feme sistemi. <\/span><\/li>\n<li><span class=\"fontstyle2\">Hassas uyum i\u00e7in farkl\u0131 kal\u0131nl\u0131klarda iste\u011fe ba\u011fl\u0131 i\u00e7 pedler. <\/span><\/li>\n<li><span class=\"fontstyle2\">Hijyenik yap\u0131. <\/span><\/li>\n<li><span class=\"fontstyle2\">Havaland\u0131rma kanallar\u0131 ile termal \u0131s\u0131n\u0131n azalt\u0131lmas\u0131na yard\u0131mc\u0131 olur. <\/span><\/li>\n<li><span class=\"fontstyle2\">\u0130ste\u011fe ba\u011fl\u0131 aktif g\u00fcr\u00fclt\u00fc azaltma.<\/span><\/li>\n<\/ul>\n<p><strong>Uygulama Alanlar\u0131<\/strong><\/p>\n<ul>\n<li><span class=\"fontstyle2\">Hava Kuvvetleri ,<\/span><\/li>\n<li><span class=\"fontstyle2\">Ticari kullan\u0131m Hava Ambulans \u0130tfaiye, <\/span><\/li>\n<li><span class=\"fontstyle2\">G\u00f6steri u\u00e7u\u015flar\u0131,<\/span><\/li>\n<li><span class=\"fontstyle2\">\u0130la\u00e7lama ve ormanc\u0131l\u0131k<\/span><\/li>\n<\/ul>\n","protected":false},"featured_media":18176,"template":"","meta":[],"class_list":["post-18175","product","type-product","status-publish","has-post-thumbnail","hentry","product_cat-murettebat-kaski","product_tag-ach-full-cut"],"_links":{"self":[{"href":"https:\/\/www.garantikompozit.com\/tr\/wp-json\/wp\/v2\/product\/18175","targetHints":{"allow":["GET"]}}],"collection":[{"href":"https:\/\/www.garantikompozit.com\/tr\/wp-json\/wp\/v2\/product"}],"about":[{"href":"https:\/\/www.garantikompozit.com\/tr\/wp-json\/wp\/v2\/types\/product"}],"wp:featuredmedia":[{"embeddable":true,"href":"https:\/\/www.garantikompozit.com\/tr\/wp-json\/wp\/v2\/media\/18176"}],"wp:attachment":[{"href":"https:\/\/www.garantikompozit.com\/tr\/wp-json\/wp\/v2\/media?parent=18175"}],"curies":[{"name":"wp","href":"https:\/\/api.w.org\/{rel}","templated":true}]}}