{"id":18098,"date":"2020-12-28T10:41:08","date_gmt":"2020-12-28T07:41:08","guid":{"rendered":"https:\/\/www.garantikompozit.com\/?post_type=product&#038;p=18098"},"modified":"2024-10-16T18:02:15","modified_gmt":"2024-10-16T15:02:15","slug":"armadillo-ir-dost-dusman-isigi-yeni-tv-as-30","status":"publish","type":"product","link":"https:\/\/www.garantikompozit.com\/tr\/urun\/armadillo-ir-dost-dusman-isigi-yeni-tv-as-30\/","title":{"rendered":"TV\/AS-30 Armadillo IR Dost\/D\u00fc\u015fman I\u015f\u0131\u011f\u0131"},"content":{"rendered":"","protected":false},"excerpt":{"rendered":"<div class=\"fl w87 ml30 argePageTitle fl mt20\"><\/div>\n<div class=\"fl w100 productKeyFeatures\">\n<div class=\"fl w87 productKeyFeatureWrapper\">\n<ul>\n<li><strong>LED Se\u00e7enekleri:<\/strong> 4 IR, 2 K\u0131rm\u0131z\u0131, 2 Ye\u015fil, 2 Beyaz, 2 SWIR<\/li>\n<li><strong>I\u015f\u0131k Modlar\u0131:<\/strong> K\u0131rm\u0131z\u0131<br \/>\nK\u0131rm\u0131z\u0131 (Fla\u015f\u00f6r)<br \/>\nYe\u015fil<br \/>\nYe\u015fil (Fla\u015f\u00f6r)<br \/>\nBeyaz<br \/>\nBeyaz (Fla\u015f\u00f6r)<br \/>\nIR<br \/>\nIR (Fla\u015f\u00f6r)<br \/>\nSWIR<br \/>\nSWIR (Fla\u015f\u00f6r)<\/li>\n<li><strong>Parlakl\u0131k Kontrol:<\/strong> Ayarlanabilir<\/li>\n<li><strong>Pil:<\/strong>\u00a01xCR123<\/li>\n<li><strong>A\u011f\u0131rl\u0131k (Pil Hari\u00e7):<\/strong>\u00a0&lt;55 g<\/li>\n<li><strong>Renk:<\/strong> Siyah \/ Tan \/ Haki<\/li>\n<li><strong>Boyutlar\u0131 (mm):<\/strong> Geni\u015flik= 75, Y\u00fckseklik= 36, Uzunluk= 49<\/li>\n<li><strong>\u00c7al\u0131\u015fma S\u0131cakl\u0131\u011f\u0131:<\/strong>\u00a0-40 C \/ + 70 C<\/li>\n<li><strong>Suya Dayan\u0131kl\u0131l\u0131k:<\/strong>\u00a0IP 68<\/li>\n<li><strong>Titre\u015fim Opsiyonu:<\/strong>\u00a0Mevcut<\/li>\n<li><strong>Ters Kutup Korumas\u0131:<\/strong>\u00a0Mevcut<\/li>\n<li><strong>Program De\u011fi\u015ftirme \u00d6zelli\u011fi:<\/strong>\u00a0Mevcut<\/li>\n<li><strong>Otomatik Fla\u015f Senkronizasyonu:<\/strong> Mevcut<\/li>\n<\/ul>\n<\/div>\n<p><a href=\"https:\/\/www.garantikompozit.com\/wp-content\/uploads\/202410-armadillo-tr.pdf\" target=\"_blank\" rel=\"noopener\">Bro\u015f\u00fcr\u00fc \u0130ndirin<\/a><\/p>\n<\/div>\n","protected":false},"featured_media":18102,"template":"","meta":[],"class_list":["post-18098","product","type-product","status-publish","has-post-thumbnail","hentry","product_cat-balistik-koruyucu-basliklar-ve-aksesuarlar"],"_links":{"self":[{"href":"https:\/\/www.garantikompozit.com\/tr\/wp-json\/wp\/v2\/product\/18098","targetHints":{"allow":["GET"]}}],"collection":[{"href":"https:\/\/www.garantikompozit.com\/tr\/wp-json\/wp\/v2\/product"}],"about":[{"href":"https:\/\/www.garantikompozit.com\/tr\/wp-json\/wp\/v2\/types\/product"}],"wp:featuredmedia":[{"embeddable":true,"href":"https:\/\/www.garantikompozit.com\/tr\/wp-json\/wp\/v2\/media\/18102"}],"wp:attachment":[{"href":"https:\/\/www.garantikompozit.com\/tr\/wp-json\/wp\/v2\/media?parent=18098"}],"curies":[{"name":"wp","href":"https:\/\/api.w.org\/{rel}","templated":true}]}}