{"id":16157,"date":"2022-04-29T21:26:33","date_gmt":"2022-04-29T18:26:33","guid":{"rendered":"https:\/\/www.garantikompozit.com\/?post_type=product&#038;p=16157"},"modified":"2025-07-21T13:32:22","modified_gmt":"2025-07-21T10:32:22","slug":"bomba-uzmani-koruyucu-kiyafeti","status":"publish","type":"product","link":"https:\/\/www.garantikompozit.com\/tr\/urun\/bomba-uzmani-koruyucu-kiyafeti\/","title":{"rendered":"Bomba Uzman\u0131 Koruyucu K\u0131yafeti &#8211; GR-BAT.05"},"content":{"rendered":"<p><strong>K\u0131yafet a\u015fa\u011f\u0131daki par\u00e7alardan olu\u015fmaktad\u0131r;<\/strong><br \/>\n\u2022 Koruyucu ba\u015fl\u0131k ve viz\u00f6r<br \/>\n\u2022 Koruyucu ceket<br \/>\n\u2022 Koruyucu pantolon ve bot k\u0131l\u0131flar\u0131<br \/>\n\u2022 Koruyucu kas\u0131kl\u0131k<br \/>\n\u2022 Koruyucu eldiven ve el koruyucu<br \/>\n\u2022 Koruyucu kas\u0131k ve g\u00f6\u011f\u00fcs plakalar\u0131<br \/>\n\u2022 Pantolona entegre omurga koruyucu arka panel<br \/>\n\u2022 Yedek g\u00fc\u00e7 kayna\u011f\u0131 ba\u011flant\u0131 kablolar\u0131 ve kumanda paneli<br \/>\n\u2022 Koruyucu y\u00fcz maskesi (balaklava)<br \/>\n\u2022 Koruyucu i\u00e7 giyim seti (opsiyonel)<br \/>\n\u2022 Ta\u015f\u0131ma \u00e7antalar\u0131<\/p>\n<p><strong>KORUYUCU BA\u015eLIK VE V\u0130Z\u00d6R:<\/strong><br \/>\nSon derece hafif olmas\u0131 i\u00e7in y\u00fcksek performansl\u0131 balistik koruyucu malzemelerden \u00fcretilmi\u015f olan koruyucu ba\u015fl\u0131k farkl\u0131 pozisyonlarda a\u00e7\u0131labilir balistik koruyucu bir viz\u00f6re sahiptir. Ba\u015fl\u0131\u011fa kullan\u0131c\u0131n\u0131n s\u0131cak ortamlarda rahatcetmesini sa\u011flavacak bir havaland\u0131rma sistemi entegre edilmi\u015ftir.<\/p>\n<p>Ba\u015fl\u0131k i\u00e7erisinde y\u00fcksek konfor ve darbe dayan\u0131m\u0131 sa\u011flayan yanmas\u0131 geciktirilmi\u015f malzemelerden \u00fcretilmi\u015f, \u00fc\u00e7 farkl\u0131 kal\u0131nl\u0131kta sunulan bir i\u00e7lik sistemi mevcuttur. Ayn\u0131 \u015fekilde 4 noktadan ba\u015fl\u0131\u011fa ba\u011flanm\u0131\u015f, ba\u015f \u00e7evresine g\u00f6re ayarlanabilir \u00e7ene kay\u0131\u015f sistemi de yanmas\u0131 geciktirilmi\u015f malzemelerden \u00fcretilmi\u015ftir. Kullan\u0131c\u0131n\u0131n karanl\u0131k ortamlarda da rahat\u00e7a \u00e7al\u0131\u015fabilmesi i\u00e7in ba\u015fl\u0131k \u00fczerinde \u00e7oklu LED ayd\u0131nlatma sistemi ve havaland\u0131rma ve ayd\u0131nlatma sistemlerinin g\u00fc\u00e7 kayna\u011f\u0131 \u00fcnitesi de yer almaktad\u0131r.<\/p>\n<p>Ba\u015fl\u0131k i\u00e7erisinde son derece modern bir \u00e7evresel haberle\u015fme sistemi de bulunmaktad\u0131r. Ba\u015fl\u0131k \u00fczerinde tak\u0131l\u0131p \u00e7\u0131kar\u0131labilen bir kamera da mevcuttur.<\/p>\n<p>Y\u00fcksek balistik koruma ve NIJ0117.00 standard\u0131na uygun optik performans sunan viz\u00f6r \u00e7izilmeye ve bu\u011fulanmaya kar\u015f\u0131 korumal\u0131d\u0131r.<\/p>\n<p>Ba\u015fl\u0131k ve viz\u00f6r sistemi komplesi, kullan\u0131c\u0131n\u0131n boyun ve omuz kaslar\u0131n\u0131 yormamas\u0131 i\u00e7in a\u011f\u0131rl\u0131k merkezinin kafan\u0131n a\u011f\u0131rl\u0131k merkezine uygun olmas\u0131 g\u00f6z \u00f6n\u00fcnde bulundurularak tasarlanm\u0131\u015ft\u0131r.<\/p>\n<p>Koruyucu kask ve viz\u00f6r\u00fcn toplam a\u011f\u0131rl\u0131\u011f\u0131 5600 +\/- 400 gr d\u0131r.<\/p>\n<ul>\n<li>Turbo se\u00e7ene\u011fi ile ayarlanabilir ultra y\u00fcksek h\u0131zl\u0131 fan sistemi.<\/li>\n<li>Kaska entegre, \u0131\u015f\u0131k seviyesi ayarlanabilen, tek tek veya ayr\u0131 ayr\u0131 kullan\u0131labilen UV ve Led \u0131\u015f\u0131k sistemi.<\/li>\n<li>Kaska entegre, 140 derece g\u00f6r\u00fc\u015f a\u00e7\u0131s\u0131na sahip, 1080P \u00e7\u00f6z\u00fcn\u00fcrl\u00fckte \u00e7ekim yapabilen kamera sistemi. Otomatik olarak SD karta kay\u0131t ve ayn\u0131 zamanda WIFI ile de video izleme \u00f6zelli\u011fi.<\/li>\n<li>Kaska entegre, PTT \u00f6zelligi bulunan, 95dB den 35dB ye otomatik ses s\u00f6n\u00fcmleyen haberle\u015fme sistemi.<\/li>\n<li>Manyetik toka \u00f6zelli\u011fi ile h\u0131zl\u0131ca \u00e7\u0131kar\u0131labilen \u00e7ene kay\u0131\u015f sistemi.<\/li>\n<li>Geni\u015f g\u00f6r\u00fc\u015f a\u00e7\u0131s\u0131 sa\u011flayan viz\u00f6r, bu\u011fu \u00f6nleyici sistemi, bu\u011fu olu\u015fmas\u0131n\u0131 engelleven bu\u011fu \u00f6nleyici filmlerle desteklenmi\u015ftir.<\/li>\n<\/ul>\n<p><strong>KORUYUCU CEKET:<br \/>\n<\/strong>Kullan\u0131c\u0131ya azami konfor sunacak sekilde tasarlanm\u0131\u015f olan koruyucu ceket \u00fcst g\u00f6vdenin tamam\u0131n\u0131 koruma alt\u0131na almaktad\u0131r. Kullan\u0131c\u0131n\u0131n yaka b\u00f6lgesi de \u00e7epe\u00e7evre d\u0131\u015fa e\u011fimli bir tasar\u0131m ile korunmaktad\u0131r.<\/p>\n<p>Ceket \u00fczerinde kas\u0131k ve \u00f6n g\u00f6\u011f\u00fcs b\u00f6lgesini \u00f6rtecek sekilde ilave sert balistik koruma panellerinin yerle\u015ftirilece\u011fi cepler bulunmaktad\u0131r.<\/p>\n<p>Ceket \u00fczerinde \u00e7e\u015fitli ekipman, telsiz ve yedek g\u00fc\u00e7 kayna\u011f\u0131n\u0131n koyulabilece\u011fi farkl\u0131 ebatlarda cepler bulunmaktad\u0131r.<\/p>\n<p>Ceket \u00fczerinde panik fermuarlar\u0131 mevcut olup acil \u00e7\u0131kar\u0131labilir yap\u0131dad\u0131r.<\/p>\n<p><strong>KORUYUCU PANTOLON:<\/strong><br \/>\nPantolon avarlanabilir ask\u0131 sistemi ve elastik bel bantlar\u0131 sayesinde farkl\u0131 bedenlerdeki kullan\u0131c\u0131lar taraf\u0131ndan rahat\u00e7a kullan\u0131labilir \u015fekilde tasarlanm\u0131\u015ft\u0131r.<\/p>\n<p>Pantolon \u00fczerinde panik fermuarlar\u0131 mevcut olup acil \u00e7\u0131kar\u0131labilir yap\u0131dad\u0131r.<\/p>\n<p>Pantolona entegre edilmi\u015f muhtemel darbelere kar\u015f\u0131 omurga koruyucu panel bulunmaktad\u0131r.<\/p>\n<p>Pantolon, bot k\u0131l\u0131flar\u0131na ba\u011flanarak kullan\u0131c\u0131n\u0131n ayak b\u00f6lgesini de tamamen \u00f6rtmektedir.<\/p>\n<p><strong>KORUYUCU KASIKLIK:<\/strong><br \/>\nKullan\u0131c\u0131n\u0131n kas\u0131k b\u00f6lgesine koruma sa\u011flamak \u00fczere tasarlanm\u0131\u015ft\u0131r. Kullan\u0131c\u0131n\u0131n hareketlerini k\u0131s\u0131tlamaz. Pantolona tekstil fermuarlar\u0131 ile sabitlenebilir yap\u0131dad\u0131r.<\/p>\n<p><strong>KORUYUCU ELDIVEN VE EL KORUYUCU:<\/strong><br \/>\nKullan\u0131c\u0131n\u0131n el b\u00f6lgesine koruma sa\u011flamak amac\u0131yla tasarlanm\u0131\u015ft\u0131r. El kullan\u0131m\u0131n\u0131 k\u0131s\u0131tlamaz. Kolayca \u00e7\u0131kar\u0131labilir.<\/p>\n<p><strong>KORUYUCU KASIK VE G\u00d6\u011e\u00dcS PLAKALARI:<\/strong><br \/>\nKullan\u0131c\u0131n\u0131n kas\u0131k ve \u00f6n g\u00f6\u011f\u00fcs b\u00f6lgesinde ilave \u015farapnel ve bas\u0131n\u00e7 korumas\u0131 sa\u011flamak amac\u0131yla tasarlanm\u0131\u015f, y\u00fcksek koruma de\u011ferine sahip son derece hafif kompozit yap\u0131lard\u0131r. Ceketin \u00f6n b\u00f6lgesindeki ceplere kolayca tak\u0131l\u0131p \u00e7\u0131kar\u0131labilir. E\u011filme ya da \u00e7\u00f6melme halinde birbiri alt\u0131na kayarak kullan\u0131c\u0131n\u0131n konforunu engellemez.<\/p>\n<p><strong>PANTOLONA ENTEGRE OMURGA KORUYUCU ARKA PANEL:<\/strong><br \/>\nKullan\u0131c\u0131n\u0131n s\u0131rt b\u00f6lgesini darbelere kar\u015f\u0131 korumak amac\u0131yla tasarlanm\u0131\u015f, y\u00fcksek darbe s\u00f6n\u00fcmleme \u00f6zelli\u011fine sahip, esnek, terletmeyen, su ge\u00e7irmeyen ve hafif bir koruyucu paneldir. EN 1621 standard\u0131na uygundur. Pantolona entegre edilmi\u015ftir.<\/p>\n<p><strong>YEDEK G\u00dc\u00c7 KAYNA\u011eI BAGLANTI KABLOLARI KUMANDA PANELI:<\/strong><br \/>\nBa\u015fl\u0131k \u00fczerinde yer alan ve enerji ihtiyac\u0131 olan sistemlerinin yedek g\u00fc\u00e7 kayna\u011f\u0131 mevcuttur. Ceket \u00fczerindeki bir cep i\u00e7erisinde yer almakta ve kablo vas\u0131tas\u0131 ile sistemlere enerji sa\u011flamaktad\u0131r. Bu sistemlerin rahat\u00e7a kumanda edilebilmesi amac\u0131yla elbisenin kol ve benzeri b\u00f6lgelerine tekstil fermuarlar\u0131 yard\u0131m\u0131 ile sabitlenebilmektedir. Kumanda paneli gece kullan\u0131m\u0131na uygun olacak \u015fekilde ayd\u0131nlatma \u00f6zelli\u011fine sahiptir.<\/p>\n<p>Pil seviyesini ve olas\u0131 bir ar\u0131za halinde ar\u0131zal\u0131 sistemi g\u00f6steren ultra ince dokunmatik kumanda paneli.<\/p>\n<p><strong>KORUYUCU Y\u00dcZMASKESI (BALAKLAVA):<\/strong><br \/>\nKullan\u0131c\u0131n\u0131n boyun ve y\u00fcz k\u0131sm\u0131n\u0131 \u0131s\u0131 etkisinden korumak amac\u0131yla meta aramid elyaflardan \u00fcretilmi\u015f \u00f6rme kuma\u015flardan mamul, hafif ve rahat bir y\u00fcz maskesidir. Her elbise ile 3 adet verilmektedir.<\/p>\n<p><strong>KORUYUCU \u0130\u00c7 G\u0130Y\u0130M SET\u0130 (OPSIYONEL):<\/strong><br \/>\nKullan\u0131c\u0131ya ilave \u015farapnel korumas\u0131 sa\u011flamak amac\u0131yla sunulan, UHMWPE elyaf\u0131ndan \u00fcretilen \u00f6rme kuma\u015flardan\u00a0mamul i\u00e7 giyim setidir. Alt ve \u00fcst v\u00fccut i\u00e7in \u00fcretilmi\u015ftir. \u00d6zellikle son derece k\u00fc\u00e7\u00fck boyutlardaki \u015farapnellere kar\u015f\u0131 y\u00fcksek koruma sa\u011flar. \u00dcretildi\u011fi elyaf \u00f6zelli\u011fi sayesinde serin bir his vererek kullan\u0131c\u0131n\u0131n konforunu art\u0131r\u0131r.<\/p>\n<p><strong>TA\u015eIMA \u00c7ANTALARI:<\/strong><br \/>\nKoruyucu ba\u015fl\u0131k ve viz\u00f6r kendi ta\u015f\u0131ma \u00e7antas\u0131 i\u00e7inde, kalan di\u011fer k\u0131yafet ise di\u011fer bir ta\u015f\u0131ma \u00e7antas\u0131 i\u00e7erisinde sunulmaktad\u0131r. Ta\u015f\u0131ma \u00e7antalar\u0131 y\u00fcksek y\u0131rt\u0131lma, kopma mukavemetleri ve y\u00fcksek a\u015f\u0131nma dayan\u0131m\u0131na sahip polyamide 6.6 kuma\u015flardan \u00fcretilmi\u015ftir.<\/p>\n<p><strong>KIYAFETIN BALiSTiK KORUYUCU \u00d6ZELLiKLERi:<\/strong><\/p>\n<ul>\n<li>Ba\u015fl\u0131k V50 de\u011feri 17 gr \u015farapnel i\u00e7in en az 640 m\/s<\/li>\n<li>Ba\u015fl\u0131k V50 de\u011feri 44 gr \u015farapnel i\u00e7in en az 550 m\/s<\/li>\n<li>Viz\u00f6r V50 de\u011feri 17 gr \u015farapnel i\u00e7in en az 780 m\/s<\/li>\n<li>Ceket \u00f6n\u00fc ve yaka \u00f6n\u00fc V50 de\u011feri 44 gr \u015farapnel i\u00e7in en az 530 m\/s<\/li>\n<li>Ceket \u00fczerindeki plaka b\u00f6lgeleri V50 de\u011feri 44 gr \u015farapnel i\u00e7in en az 1100 m\/s.<\/li>\n<li>Ceket \u00fczerindeki plaka b\u00f6lgeleriV50 de\u011feri 207 gr \u015farapnel i\u00e7in en az 750 m\/s<\/li>\n<li>Ceket arkas\u0131 ve kollar V50 de\u011feri 17 gr \u015farapnel i\u00e7in en az 560 m\/s<\/li>\n<li>Kas\u0131kl\u0131k V50 de\u011feri 17 gr \u015farapnel i\u00e7in en az 600 m\/s<\/li>\n<li>Pantolon V50 de\u011feri 17 gr \u015farapnel i\u00e7in en az 620 m\/s<\/li>\n<li>El koruyucu V50 de\u011feri 17 gr \u015farapnel i\u00e7in en az 560 m\/s<\/li>\n<\/ul>\n<p><strong>KIYAFET\u0130N 10 KG C4 PATLAYICIYA KAR\u015eI KORUYUCU \u00d6ZELL\u0130KLER\u0130:<\/strong><\/p>\n<ul>\n<li>Ba\u015fl\u0131k a\u00e7\u0131k alanda 10 Kg C4 plastik patlay\u0131c\u0131n\u0131n kullan\u0131c\u0131ya 3 metre mesafede patlamas\u0131 sonucunda kulaklar \u00fczerinde olu\u015fan a\u015f\u0131r\u0131 bas\u0131nc\u0131 en az %78 oran\u0131nda azaltabilmektedir.<\/li>\n<li>Ba\u015fl\u0131k patlama nedeniyle olu\u015fan bas\u0131n\u00e7 dalgas\u0131n\u0131n yaratt\u0131\u011f\u0131 ivmeyi en az %85 oran\u0131nda azaltabilmektedir.<\/li>\n<li>Ceketin \u00f6n k\u0131sm\u0131 patlama sonucunda olu\u015fan a\u015f\u0131r\u0131 bas\u0131nc\u0131 en az %85 oran\u0131nda azaltabilmektedir.<\/li>\n<\/ul>\n","protected":false},"excerpt":{"rendered":"<p>Bomba uzmanlar\u0131n\u0131n g\u00f6rev \u015fartlar\u0131n\u0131 d\u00fc\u015f\u00fcnerek tasarlad\u0131\u011f\u0131m\u0131z yeni tip Bomb Uzman\u0131 Koruyucu K\u0131yafetimiz rakiplerine g\u00f6re daha hafif, kullan\u0131\u015fl\u0131, giyip \u00e7\u0131karmas\u0131 kolay, mod\u00fcler ve daha \u00fcst\u00fcn koruma seviyesine sahiptir. 170 &#8211; 190 cm boyundaki ve 65-100 kg a\u011f\u0131rl\u011f\u0131ndaki kullan\u0131c\u0131lar taraf\u0131ndan rahat\u00e7a kullan\u0131labilir \u00f6l\u00e7\u00fclerdedir. Meta-aramid elyaflardan, rip-stop dokunmu\u015f, y\u00fcksek y\u0131rt\u0131lma ve kopma mukavemetlerine sahip ta\u015f\u0131y\u0131c\u0131 elbise uzun kullanim \u00f6mr\u00fc sunmaktad\u0131r. Yanmas\u0131 geciktirilmi\u015f elyaflardan dokunmu\u015f olan ta\u015f\u0131y\u0131c\u0131 elbise kuma\u015f\u0131 k\u0131yafete y\u0131kamalar sonras\u0131nda azalmayan, kal\u0131c\u0131 bir \u0131s\u0131 korumas\u0131 sa\u011flamaktad\u0131r. Ayr\u0131ca k\u0131yafet kullan\u0131c\u0131y\u0131 patlama sonucunda olu\u015fabilecek olan a\u015f\u0131r\u0131 bas\u0131n\u00e7, \u015farapnel etkisi ve darbelerden de belirli bir seviyeye kadar korumaktad\u0131r.<\/p>\n","protected":false},"featured_media":16361,"template":"","meta":[],"class_list":["post-16157","product","type-product","status-publish","has-post-thumbnail","hentry","product_cat-balistik-kiyafet-ve-ekipmanlar"],"_links":{"self":[{"href":"https:\/\/www.garantikompozit.com\/tr\/wp-json\/wp\/v2\/product\/16157","targetHints":{"allow":["GET"]}}],"collection":[{"href":"https:\/\/www.garantikompozit.com\/tr\/wp-json\/wp\/v2\/product"}],"about":[{"href":"https:\/\/www.garantikompozit.com\/tr\/wp-json\/wp\/v2\/types\/product"}],"wp:featuredmedia":[{"embeddable":true,"href":"https:\/\/www.garantikompozit.com\/tr\/wp-json\/wp\/v2\/media\/16361"}],"wp:attachment":[{"href":"https:\/\/www.garantikompozit.com\/tr\/wp-json\/wp\/v2\/media?parent=16157"}],"curies":[{"name":"wp","href":"https:\/\/api.w.org\/{rel}","templated":true}]}}