{"id":15932,"date":"2021-10-15T14:27:10","date_gmt":"2021-10-15T11:27:10","guid":{"rendered":"https:\/\/www.garantikompozit.com\/?post_type=product&#038;p=15932"},"modified":"2021-10-15T14:27:10","modified_gmt":"2021-10-15T11:27:10","slug":"tufek-mermisine-karsi-baslik-ach-mid-cut-model-3","status":"publish","type":"product","link":"https:\/\/www.garantikompozit.com\/tr\/urun\/tufek-mermisine-karsi-baslik-ach-mid-cut-model-3\/","title":{"rendered":"T\u00fcfek Mermisine Kar\u015f\u0131 Ba\u015fl\u0131k (ACH MID-CUT MODEL)"},"content":{"rendered":"","protected":false},"excerpt":{"rendered":"<ul>\n<li><span style=\"font-weight: 400;\"> \u00d6l\u00e7\u00fcler: 4 Beden (M \u2013 L \u2013 XL \u2013 XXL)<\/span><\/li>\n<li><span style=\"font-weight: 400;\"> Malzeme: UHMWPE<\/span><\/li>\n<li><span style=\"font-weight: 400;\"> NIJ seviye III Balistik Mukavemet: 7,62\u00d739 MSC<\/span><\/li>\n<li><span style=\"font-weight: 400;\"> STANAG 2920 1,1gr \u015earapnel V50 De\u011feri: En az 1150 m\/s<\/span><\/li>\n<li><span style=\"font-weight: 400;\"> DOT FMVSS 218 (-10, +55 ve+20 C\u2019 de) Darbe Emici Sistem \u00d6zellikleri: 10 ft\/s h\u0131zda en fazla 150G ortalama ivmelenme<\/span><\/li>\n<li><span style=\"font-weight: 400;\"> \u00c7ene Kay\u0131\u015f Sistemi: 4 noktadan ba\u011fl\u0131, \u00e7evirmeli ayarlanabilir ense destekli model<\/span><\/li>\n<li><span style=\"font-weight: 400;\"> Renk Alternatifleri: Siyah, Ye\u015fil, Tan<\/span><\/li>\n<li><span style=\"font-weight: 400;\"> Y\u00fczey Alanlar\u0131 (+\/-5 cm\u00b2): 1240 &#8211; 1295 &#8211; 1400 &#8211; 1465 cm\u00b2<\/span><\/li>\n<li><span style=\"font-weight: 400;\"> Kask A\u011f\u0131rl\u0131klar\u0131 (+\/-50 gr): 1800 &#8211; 1850 &#8211; 1950 &#8211; 2000 gr*<\/span><\/li>\n<\/ul>\n<p><span style=\"font-weight: 400;\">* A\u011f\u0131rl\u0131klara boyanm\u0131\u015f ve kenar fitili tak\u0131lm\u0131\u015f kask, darbe emici pad sistemi, \u00e7ene kay\u0131\u015f sistemi, gece g\u00f6r\u00fc\u015f cihaz\u0131 monte hamili ve aksesuar ta\u015f\u0131y\u0131c\u0131 yan raylar dahildir.<\/span><\/p>\n","protected":false},"featured_media":15908,"template":"","meta":[],"class_list":["post-15932","product","type-product","status-publish","has-post-thumbnail","hentry","product_cat-balistik-koruyucu-basliklar-ve-aksesuarlar"],"_links":{"self":[{"href":"https:\/\/www.garantikompozit.com\/tr\/wp-json\/wp\/v2\/product\/15932","targetHints":{"allow":["GET"]}}],"collection":[{"href":"https:\/\/www.garantikompozit.com\/tr\/wp-json\/wp\/v2\/product"}],"about":[{"href":"https:\/\/www.garantikompozit.com\/tr\/wp-json\/wp\/v2\/types\/product"}],"wp:featuredmedia":[{"embeddable":true,"href":"https:\/\/www.garantikompozit.com\/tr\/wp-json\/wp\/v2\/media\/15908"}],"wp:attachment":[{"href":"https:\/\/www.garantikompozit.com\/tr\/wp-json\/wp\/v2\/media?parent=15932"}],"curies":[{"name":"wp","href":"https:\/\/api.w.org\/{rel}","templated":true}]}}