{"id":15924,"date":"2021-10-15T14:09:37","date_gmt":"2021-10-15T11:09:37","guid":{"rendered":"https:\/\/www.garantikompozit.com\/?post_type=product&#038;p=15924"},"modified":"2021-10-15T14:24:49","modified_gmt":"2021-10-15T11:24:49","slug":"ultra-hafif-gen-iib-balistik-baslik-ach-mid-cut-model-2","status":"publish","type":"product","link":"https:\/\/www.garantikompozit.com\/tr\/urun\/ultra-hafif-gen-iib-balistik-baslik-ach-mid-cut-model-2\/","title":{"rendered":"Ultra Hafif GEN IIB Balistik Ba\u015fl\u0131k (ACH MID-CUT MODEL)"},"content":{"rendered":"","protected":false},"excerpt":{"rendered":"<ul>\n<li><span style=\"font-weight: 400;\"><strong> \u00d6l\u00e7\u00fcler<\/strong>: 4 Beden (M \u2013 L \u2013 XL \u2013 XXL)<\/span><\/li>\n<li><span style=\"font-weight: 400;\"><strong> Malzeme:<\/strong> UHMWPE<\/span><\/li>\n<li><span style=\"font-weight: 400;\"><strong> NIJ seviye IIIA 9 mm FMJ Balistik Mukavemet:<\/strong> Mevcut<\/span><\/li>\n<li><span style=\"font-weight: 400;\"><strong> NIJ seviye IIIA 44 Magnum Balistik Mukavemet:<\/strong> Mevcut<\/span><\/li>\n<li><span style=\"font-weight: 400;\"><strong> STANAG 2920 1,1gr \u015earapnel V50 De\u011feri:<\/strong> En az 600 m\/s<\/span><\/li>\n<li><span style=\"font-weight: 400;\"><strong> DOT FMVSS 218 (-10, +55 ve+20 C\u2019 de) Darbe Emici Sistem \u00d6zellikleri:<\/strong> 10 ft\/s h\u0131zda en fazla 100G ortalama ivmelenme<\/span><\/li>\n<li><span style=\"font-weight: 400;\"><strong> \u00c7ene Kay\u0131\u015f Sistemi:<\/strong> 4 noktadan ba\u011fl\u0131, \u00e7evirmeli ayarlanabilir ense destekli model<\/span><\/li>\n<li><span style=\"font-weight: 400;\"><strong> Renk Alternatifleri:<\/strong> Siyah, Ye\u015fil, Tan<\/span><\/li>\n<li><span style=\"font-weight: 400;\"><strong> Y\u00fczey Alanlar\u0131<\/strong> (+\/-5 cm\u00b2): 1050-1100-1200-1260 cm\u00b2<\/span><\/li>\n<li><span style=\"font-weight: 400;\"><strong> Kask A\u011f\u0131rl\u0131klar\u0131<\/strong> (+\/-50 gr): 750-775-825-850 gr*<\/span><\/li>\n<\/ul>\n<p><span style=\"font-weight: 400;\">* A\u011f\u0131rl\u0131klara boyanm\u0131\u015f ve kenar fitili tak\u0131lm\u0131\u015f kask, darbe emici pad sistemi, \u00e7ene kay\u0131\u015f sistemi, gece g\u00f6r\u00fc\u015f cihaz\u0131 monte hamili ve aksesuar ta\u015f\u0131y\u0131c\u0131 yan raylar dahildir.<\/span><\/p>\n","protected":false},"featured_media":15876,"template":"","meta":[],"class_list":["post-15924","product","type-product","status-publish","has-post-thumbnail","hentry","product_cat-balistik-koruyucu-basliklar-ve-aksesuarlar"],"_links":{"self":[{"href":"https:\/\/www.garantikompozit.com\/tr\/wp-json\/wp\/v2\/product\/15924","targetHints":{"allow":["GET"]}}],"collection":[{"href":"https:\/\/www.garantikompozit.com\/tr\/wp-json\/wp\/v2\/product"}],"about":[{"href":"https:\/\/www.garantikompozit.com\/tr\/wp-json\/wp\/v2\/types\/product"}],"wp:featuredmedia":[{"embeddable":true,"href":"https:\/\/www.garantikompozit.com\/tr\/wp-json\/wp\/v2\/media\/15876"}],"wp:attachment":[{"href":"https:\/\/www.garantikompozit.com\/tr\/wp-json\/wp\/v2\/media?parent=15924"}],"curies":[{"name":"wp","href":"https:\/\/api.w.org\/{rel}","templated":true}]}}