{"id":15917,"date":"2021-10-13T20:43:08","date_gmt":"2021-10-13T17:43:08","guid":{"rendered":"https:\/\/www.garantikompozit.com\/urun\/balistik-koruyucu-el-kalkani-3\/"},"modified":"2021-10-18T17:16:10","modified_gmt":"2021-10-18T14:16:10","slug":"balistik-koruyucu-el-kalkani-3","status":"publish","type":"product","link":"https:\/\/www.garantikompozit.com\/tr\/urun\/balistik-koruyucu-el-kalkani-3\/","title":{"rendered":"Ta\u015f\u0131nabilir \u015earapnel Kalkan\u0131"},"content":{"rendered":"<p>Ta\u015f\u0131nabilir \u015earapnel Kalkan\u0131 kullan\u0131c\u0131ya muhtemel balistik tehditlere kar\u015f\u0131 koruma sa\u011flar. Ta\u015f\u0131nabilir, esnek, hafif, \u00e7ok ama\u00e7l\u0131 bir tasar\u0131ma sahiptir. Patlay\u0131c\u0131 madde risklerine kar\u015f\u0131 koruma sa\u011flamak i\u00e7in tasarlanm\u0131\u015ft\u0131r. Dayan\u0131kl\u0131, alev geciktirici bir polyamid 6.6 d\u0131\u015f kuma\u015f ile kaplanm\u0131\u015f \u00e7ok katmanl\u0131 aramid balistik koruyucu kuma\u015ftan yap\u0131lm\u0131\u015ft\u0131r. Dayan\u0131kl\u0131 ve sa\u011flam ta\u015f\u0131ma kolonlar\u0131 hareket kolayl\u0131\u011f\u0131 sa\u011flamaktad\u0131r. Katlan\u0131r ve az yer kaplar. Son derece hafif ve yumu\u015fak en geli\u015fmi\u015f malzemelerden yap\u0131lm\u0131\u015ft\u0131r. Tek bir ki\u015fi taraf\u0131ndan kolayca ta\u015f\u0131nabilir ve kullan\u0131labilir.<\/p>\n","protected":false},"excerpt":{"rendered":"<p><span style=\"font-weight: 400;\">TEKN\u0130K \u00d6ZELL\u0130KLER<\/span><\/p>\n<ul>\n<li style=\"font-weight: 400;\" aria-level=\"1\"><span style=\"font-weight: 400;\">A\u00e7\u0131k halde \u00f6l\u00e7\u00fcler: 80&#215;180 cm<\/span><\/li>\n<li style=\"font-weight: 400;\" aria-level=\"1\"><span style=\"font-weight: 400;\">Katlanm\u0131\u015f halde \u00f6l\u00e7\u00fcler: 30&#215;80 cm<\/span><\/li>\n<li style=\"font-weight: 400;\" aria-level=\"1\"><span style=\"font-weight: 400;\">A\u011f\u0131rl\u0131k: 7 kg<\/span><\/li>\n<li style=\"font-weight: 400;\" aria-level=\"1\"><span style=\"font-weight: 400;\">17grain \u015farapnel i\u00e7in V50 de\u011feri: min 500 m\/sn<\/span><\/li>\n<li style=\"font-weight: 400;\" aria-level=\"1\"><span style=\"font-weight: 400;\">Balistik koruyucu kuma\u015f: Dokuma aramid<\/span><\/li>\n<li style=\"font-weight: 400;\" aria-level=\"1\"><span style=\"font-weight: 400;\">D\u0131\u015f kuma\u015f: Alev Geciktirici Polyamide 6.6<\/span><\/li>\n<\/ul>\n","protected":false},"featured_media":15625,"template":"","meta":[],"class_list":["post-15917","product","type-product","status-publish","has-post-thumbnail","hentry","product_cat-balistik-koruyucu-sistemler","product_cat-balistik-koruyucu-kalkanlar"],"_links":{"self":[{"href":"https:\/\/www.garantikompozit.com\/tr\/wp-json\/wp\/v2\/product\/15917","targetHints":{"allow":["GET"]}}],"collection":[{"href":"https:\/\/www.garantikompozit.com\/tr\/wp-json\/wp\/v2\/product"}],"about":[{"href":"https:\/\/www.garantikompozit.com\/tr\/wp-json\/wp\/v2\/types\/product"}],"wp:featuredmedia":[{"embeddable":true,"href":"https:\/\/www.garantikompozit.com\/tr\/wp-json\/wp\/v2\/media\/15625"}],"wp:attachment":[{"href":"https:\/\/www.garantikompozit.com\/tr\/wp-json\/wp\/v2\/media?parent=15917"}],"curies":[{"name":"wp","href":"https:\/\/api.w.org\/{rel}","templated":true}]}}