{"id":15515,"date":"2021-10-13T20:45:50","date_gmt":"2021-10-13T16:02:24","guid":{"rendered":"https:\/\/www.garantikompozit.com\/?post_type=product&#038;p=15515"},"modified":"2021-10-15T13:02:22","modified_gmt":"2021-10-15T10:02:22","slug":"balistik-koruyucu-el-kalka","status":"publish","type":"product","link":"https:\/\/www.garantikompozit.com\/tr\/urun\/balistik-koruyucu-el-kalka\/","title":{"rendered":"Balistik Koruyucu El Kalkan\u0131"},"content":{"rendered":"<p>Firmam\u0131z, NIJ0101.08, STANAG 4563 ve STANAG 2920 standartlar\u0131na uygun farkl\u0131 koruma seviyelerinde \u00e7e\u015fitli \u00f6l\u00e7\u00fclerde kalkan \u00fcretimi yapmaktad\u0131r. M\u00fc\u015fterilerimizin teknik isteklerine g\u00f6re tasarlad\u0131\u011f\u0131m\u0131z balistik koruyucu kalkanlar, asker ve polis te\u015fkilatlar\u0131 taraf\u0131ndan, sundu\u011fumuz \u00e7\u00f6z\u00fcmlerin hafif, ergonomik ve fonksiyonel olmas\u0131 nedeni ile tercih edilmektedir. T\u00fcm balistik koruyucu \u00fcr\u00fcnlerimiz gibi \u00fcretti\u011fimiz kalkanlarda, akredite balistik test laboratuvar\u0131m\u0131zda, kalite plan\u0131m\u0131za uygun olarak test protokol\u00fcne tabii tutulmaktad\u0131r.<\/p>\n<p>Toplumsal olaylara m\u00fcdahale amac\u0131yla kullan\u0131lan balistik koruyucu kalkanlar, tekerlekli, balistik viz\u00f6rl\u00fc, led \u0131\u015f\u0131kl\u0131, silah dayama versiyonlu, boyun ask\u0131l\u0131 olmak \u00fczere farkl\u0131 model ve boyutlarda \u00fcretilmektedir.<\/p>\n<p>Balistik koruyucu kalkanlar\u0131m\u0131z ger\u00e7ek saha deneyimine sahiptir.<\/p>\n","protected":false},"excerpt":{"rendered":"<ul>\n<li><span style=\"font-weight: 400;\">Model no: GRBP-217<\/span><\/li>\n<li><span style=\"font-weight: 400;\">Malzeme: UHMWPE<\/span><\/li>\n<li><span style=\"font-weight: 400;\">Renk: Siyah<\/span><\/li>\n<li><span style=\"font-weight: 400;\">Kalkan \u00f6l\u00e7\u00fcleri: 560 x 900 mm<\/span><\/li>\n<li><span style=\"font-weight: 400;\">A\u011f\u0131rl\u0131k: 8 kg<\/span><\/li>\n<li><span style=\"font-weight: 400;\">Balistik koruma: NIJ Seviye IIIA<\/span><\/li>\n<li><span style=\"font-weight: 400;\">Tek e\u011fim: R400<\/span><\/li>\n<li>Sa\u011f ve sol elle kullan\u0131ma uygun<\/li>\n<li>PU s\u00fcnger destekli<\/li>\n<li>Poli\u00fcrea kaplamal\u0131<\/li>\n<\/ul>\n","protected":false},"featured_media":15613,"template":"","meta":[],"class_list":["post-15515","product","type-product","status-publish","has-post-thumbnail","hentry","product_cat-balistik-koruyucu-sistemler","product_cat-balistik-koruyucu-kalkanlar"],"_links":{"self":[{"href":"https:\/\/www.garantikompozit.com\/tr\/wp-json\/wp\/v2\/product\/15515","targetHints":{"allow":["GET"]}}],"collection":[{"href":"https:\/\/www.garantikompozit.com\/tr\/wp-json\/wp\/v2\/product"}],"about":[{"href":"https:\/\/www.garantikompozit.com\/tr\/wp-json\/wp\/v2\/types\/product"}],"wp:featuredmedia":[{"embeddable":true,"href":"https:\/\/www.garantikompozit.com\/tr\/wp-json\/wp\/v2\/media\/15613"}],"wp:attachment":[{"href":"https:\/\/www.garantikompozit.com\/tr\/wp-json\/wp\/v2\/media?parent=15515"}],"curies":[{"name":"wp","href":"https:\/\/api.w.org\/{rel}","templated":true}]}}