{"id":14170,"date":"2021-04-08T22:11:51","date_gmt":"2021-04-08T19:11:51","guid":{"rendered":"https:\/\/www.garantikompozit.com\/urun\/ballistic-vest-2\/"},"modified":"2021-04-09T13:36:42","modified_gmt":"2021-04-09T10:36:42","slug":"ballistic-vest-2","status":"publish","type":"product","link":"https:\/\/www.garantikompozit.com\/tr\/urun\/ballistic-vest-2\/","title":{"rendered":"BALLISTIC VEST"},"content":{"rendered":"<ul>\n<li>Model No : GG-NIJ6-IIIA-PT1012<\/li>\n<li>\u00d6zel Harekat Taktik Yelek<\/li>\n<li>Omuzlardan ve belden hassas ayarlanabilir<\/li>\n<li>Beden : S\/M\/L\/XL\/XXL<\/li>\n<li>Koruma seviyesi : \u00a0NIJ Level IIIA<\/li>\n<li>Ta\u015f\u0131y\u0131c\u0131 bo\u015f a\u011f\u0131rl\u0131\u011f\u0131 :2400 gram<\/li>\n<li>Yelek a\u011f\u0131rl\u0131\u011f\u0131 : 5650 gr<\/li>\n<li>Yelek koruma alan\u0131 (L beden) : 60 \u00a0dm\u00b2<\/li>\n<li>D\u0131\u015f kuma\u015f : Polyamid 6.6 1000D<\/li>\n<li>Aksesuarlar\u0131: 4 adet \u015farj\u00f6r cep, 2 adet bomba cebi, 1adet telsiz cebi, 1 adet s\u0131rt \u00e7antas\u0131<\/li>\n<li>Plaka cepleri : \u00d6n, arka<\/li>\n<li>Ekstra koruma : Kas\u0131k, boyun, g\u0131rtlak, omuz<\/li>\n<\/ul>\n","protected":false},"excerpt":{"rendered":"<p>Model No : GG-NIJ6-IIIA-PT1012 \u00d6zel Harekat Taktik Yelek Omuzlardan ve belden hassas ayarlanabilir Beden : S\/M\/L\/XL\/XXL Koruma seviyesi : \u00a0NIJ Level IIIA Ta\u015f\u0131y\u0131c\u0131 bo\u015f a\u011f\u0131rl\u0131\u011f\u0131 :2400 gram Yelek a\u011f\u0131rl\u0131\u011f\u0131 : 5650 gr Yelek koruma alan\u0131 (L beden) : 60 \u00a0dm\u00b2 D\u0131\u015f kuma\u015f : Polyamid 6.6 1000D Aksesuarlar\u0131: 4 adet \u015farj\u00f6r cep, 2 adet bomba cebi, [&hellip;]<\/p>\n","protected":false},"featured_media":14165,"template":"","meta":[],"class_list":["post-14170","product","type-product","status-publish","has-post-thumbnail","hentry","product_cat-balistik-koruyucu-sistemler"],"_links":{"self":[{"href":"https:\/\/www.garantikompozit.com\/tr\/wp-json\/wp\/v2\/product\/14170","targetHints":{"allow":["GET"]}}],"collection":[{"href":"https:\/\/www.garantikompozit.com\/tr\/wp-json\/wp\/v2\/product"}],"about":[{"href":"https:\/\/www.garantikompozit.com\/tr\/wp-json\/wp\/v2\/types\/product"}],"wp:featuredmedia":[{"embeddable":true,"href":"https:\/\/www.garantikompozit.com\/tr\/wp-json\/wp\/v2\/media\/14165"}],"wp:attachment":[{"href":"https:\/\/www.garantikompozit.com\/tr\/wp-json\/wp\/v2\/media?parent=14170"}],"curies":[{"name":"wp","href":"https:\/\/api.w.org\/{rel}","templated":true}]}}