{"id":14121,"date":"2021-04-08T22:31:05","date_gmt":"2021-04-08T19:31:05","guid":{"rendered":"https:\/\/www.garantikompozit.com\/urun\/plate-carrier-4\/"},"modified":"2021-04-09T13:21:05","modified_gmt":"2021-04-09T10:21:05","slug":"plate-carrier-4","status":"publish","type":"product","link":"https:\/\/www.garantikompozit.com\/tr\/urun\/plate-carrier-4\/","title":{"rendered":"PLATE CARRIER"},"content":{"rendered":"<ul>\n<li>Model no &#8211; GG-PCR-0001<\/li>\n<li>Laser \u00a0kesim molle sistemi, \u00e7abuk \u00e7\u0131kar\u0131labilen plaka ta\u015f\u0131y\u0131c\u0131 yelek<\/li>\n<li>\u0130\u00e7 k\u0131s\u0131mda konfor sa\u011flay\u0131c\u0131 \u00f6n\/arka konfor pedleri<\/li>\n<li>Omuzlardan ve belden bedenlere g\u00f6re ayarlanabilir<\/li>\n<li>Yelek a\u011f\u0131rl\u0131\u011f\u0131 : 1125 gram (2.5 lbs)<\/li>\n<li>Plaka cebi \u00f6l\u00e7\u00fcs\u00fc : max. 27x32x3cm<\/li>\n<li>D\u0131\u015f kuma\u015f : Polyamid 6.6 700D<\/li>\n<li>Aksesuarlar: Yok<\/li>\n<li>Plaka cepleri : \u00f6n, arka<\/li>\n<\/ul>\n","protected":false},"excerpt":{"rendered":"<p>Model no &#8211; GG-PCR-0001 Laser \u00a0kesim molle sistemi, \u00e7abuk \u00e7\u0131kar\u0131labilen plaka ta\u015f\u0131y\u0131c\u0131 yelek \u0130\u00e7 k\u0131s\u0131mda konfor sa\u011flay\u0131c\u0131 \u00f6n\/arka konfor pedleri Omuzlardan ve belden bedenlere g\u00f6re ayarlanabilir Yelek a\u011f\u0131rl\u0131\u011f\u0131 : 1125 gram (2.5 lbs) Plaka cebi \u00f6l\u00e7\u00fcs\u00fc : max. 27x32x3cm D\u0131\u015f kuma\u015f : Polyamid 6.6 700D Aksesuarlar: Yok Plaka cepleri : \u00f6n, arka<\/p>\n","protected":false},"featured_media":14125,"template":"","meta":[],"class_list":["post-14121","product","type-product","status-publish","has-post-thumbnail","hentry","product_cat-balistik-koruyucu-sistemler"],"_links":{"self":[{"href":"https:\/\/www.garantikompozit.com\/tr\/wp-json\/wp\/v2\/product\/14121","targetHints":{"allow":["GET"]}}],"collection":[{"href":"https:\/\/www.garantikompozit.com\/tr\/wp-json\/wp\/v2\/product"}],"about":[{"href":"https:\/\/www.garantikompozit.com\/tr\/wp-json\/wp\/v2\/types\/product"}],"wp:featuredmedia":[{"embeddable":true,"href":"https:\/\/www.garantikompozit.com\/tr\/wp-json\/wp\/v2\/media\/14125"}],"wp:attachment":[{"href":"https:\/\/www.garantikompozit.com\/tr\/wp-json\/wp\/v2\/media?parent=14121"}],"curies":[{"name":"wp","href":"https:\/\/api.w.org\/{rel}","templated":true}]}}