{"id":14119,"date":"2021-04-08T22:29:04","date_gmt":"2021-04-08T19:29:04","guid":{"rendered":"https:\/\/www.garantikompozit.com\/urun\/plate-carrier-3\/"},"modified":"2021-04-09T13:24:28","modified_gmt":"2021-04-09T10:24:28","slug":"plate-carrier-3","status":"publish","type":"product","link":"https:\/\/www.garantikompozit.com\/tr\/urun\/plate-carrier-3\/","title":{"rendered":"PLATE CARRIER"},"content":{"rendered":"<ul>\n<li>Model No \u2013 GG-PCR-0011<\/li>\n<li>Laser \u00a0kesim molle sistemi, \u00e7abuk \u00e7\u0131kar\u0131labilen plaka ta\u015f\u0131y\u0131c\u0131 yelek (kamuflaj desen)<\/li>\n<li>\u0130\u00e7 k\u0131s\u0131mda s\u00fcngerli file<\/li>\n<li>Omuzlardan ve belden bedenlere g\u00f6re ayarlanabilir<\/li>\n<li>Yelek a\u011f\u0131rl\u0131\u011f\u0131 : 1125 gram<\/li>\n<li>Plaka cebi \u00f6l\u00e7\u00fcs\u00fc : 25x30cm<\/li>\n<li>D\u0131\u015f kuma\u015f : Polyamid 6.6 700D<\/li>\n<li>Aksesuarlar: 3 adet \u015farj\u00f6r cep, 1 adet telsiz cep, 1 adet \u00e7ok maksatl\u0131 cep<\/li>\n<li>Plaka cepleri : \u00f6n arka<\/li>\n<\/ul>\n","protected":false},"excerpt":{"rendered":"<p>Model No \u2013 GG-PCR-0011 Laser \u00a0kesim molle sistemi, \u00e7abuk \u00e7\u0131kar\u0131labilen plaka ta\u015f\u0131y\u0131c\u0131 yelek (kamuflaj desen) \u0130\u00e7 k\u0131s\u0131mda s\u00fcngerli file Omuzlardan ve belden bedenlere g\u00f6re ayarlanabilir Yelek a\u011f\u0131rl\u0131\u011f\u0131 : 1125 gram Plaka cebi \u00f6l\u00e7\u00fcs\u00fc : 25x30cm D\u0131\u015f kuma\u015f : Polyamid 6.6 700D Aksesuarlar: 3 adet \u015farj\u00f6r cep, 1 adet telsiz cep, 1 adet \u00e7ok maksatl\u0131 cep [&hellip;]<\/p>\n","protected":false},"featured_media":14137,"template":"","meta":[],"class_list":["post-14119","product","type-product","status-publish","has-post-thumbnail","hentry","product_cat-balistik-koruyucu-sistemler"],"_links":{"self":[{"href":"https:\/\/www.garantikompozit.com\/tr\/wp-json\/wp\/v2\/product\/14119","targetHints":{"allow":["GET"]}}],"collection":[{"href":"https:\/\/www.garantikompozit.com\/tr\/wp-json\/wp\/v2\/product"}],"about":[{"href":"https:\/\/www.garantikompozit.com\/tr\/wp-json\/wp\/v2\/types\/product"}],"wp:featuredmedia":[{"embeddable":true,"href":"https:\/\/www.garantikompozit.com\/tr\/wp-json\/wp\/v2\/media\/14137"}],"wp:attachment":[{"href":"https:\/\/www.garantikompozit.com\/tr\/wp-json\/wp\/v2\/media?parent=14119"}],"curies":[{"name":"wp","href":"https:\/\/api.w.org\/{rel}","templated":true}]}}