{"id":14117,"date":"2021-04-08T22:27:58","date_gmt":"2021-04-08T19:27:58","guid":{"rendered":"https:\/\/www.garantikompozit.com\/urun\/plate-carrier-2\/"},"modified":"2021-04-09T13:28:30","modified_gmt":"2021-04-09T10:28:30","slug":"plate-carrier-2","status":"publish","type":"product","link":"https:\/\/www.garantikompozit.com\/tr\/urun\/plate-carrier-2\/","title":{"rendered":"PLATE CARRIER"},"content":{"rendered":"<ul>\n<li>Model no &#8211; GG-PCR-0002<\/li>\n<li>Kablolu, \u00e7abuk \u00e7\u0131kar\u0131labilen plaka ta\u015f\u0131y\u0131c\u0131 (1)<\/li>\n<li>Omuzlardan ve belden bedenlere g\u00f6re ayarlanabilir<\/li>\n<li>Yelek a\u011f\u0131rl\u0131\u011f\u0131 : 1750 gram<\/li>\n<li>Plaka cebi \u00f6l\u00e7\u00fcs\u00fc : 25x30cm<\/li>\n<li>D\u0131\u015f kuma\u015f : Polyamid 6.6 700D<\/li>\n<li>Aksesuarlar: 5 adet \u015farj\u00f6r cep, 1 adet telsiz cep, 1 adet bomba cep<\/li>\n<li>Plaka cepleri : \u00d6n, arka, yan<\/li>\n<\/ul>\n","protected":false},"excerpt":{"rendered":"<p>Model no &#8211; GG-PCR-0002 Kablolu, \u00e7abuk \u00e7\u0131kar\u0131labilen plaka ta\u015f\u0131y\u0131c\u0131 (1) Omuzlardan ve belden bedenlere g\u00f6re ayarlanabilir Yelek a\u011f\u0131rl\u0131\u011f\u0131 : 1750 gram Plaka cebi \u00f6l\u00e7\u00fcs\u00fc : 25x30cm D\u0131\u015f kuma\u015f : Polyamid 6.6 700D Aksesuarlar: 5 adet \u015farj\u00f6r cep, 1 adet telsiz cep, 1 adet bomba cep Plaka cepleri : \u00d6n, arka, yan<\/p>\n","protected":false},"featured_media":14145,"template":"","meta":[],"class_list":["post-14117","product","type-product","status-publish","has-post-thumbnail","hentry","product_cat-balistik-koruyucu-sistemler"],"_links":{"self":[{"href":"https:\/\/www.garantikompozit.com\/tr\/wp-json\/wp\/v2\/product\/14117","targetHints":{"allow":["GET"]}}],"collection":[{"href":"https:\/\/www.garantikompozit.com\/tr\/wp-json\/wp\/v2\/product"}],"about":[{"href":"https:\/\/www.garantikompozit.com\/tr\/wp-json\/wp\/v2\/types\/product"}],"wp:featuredmedia":[{"embeddable":true,"href":"https:\/\/www.garantikompozit.com\/tr\/wp-json\/wp\/v2\/media\/14145"}],"wp:attachment":[{"href":"https:\/\/www.garantikompozit.com\/tr\/wp-json\/wp\/v2\/media?parent=14117"}],"curies":[{"name":"wp","href":"https:\/\/api.w.org\/{rel}","templated":true}]}}