{"id":14115,"date":"2021-04-08T22:26:35","date_gmt":"2021-04-08T19:26:35","guid":{"rendered":"https:\/\/www.garantikompozit.com\/urun\/plate-carrier\/"},"modified":"2021-04-09T13:42:48","modified_gmt":"2021-04-09T10:42:48","slug":"plate-carrier","status":"publish","type":"product","link":"https:\/\/www.garantikompozit.com\/tr\/urun\/plate-carrier\/","title":{"rendered":"PLATE CARRIER"},"content":{"rendered":"<ul>\n<li>Model No \u2013 GG-PCR-0003<\/li>\n<li>Multi-cam desenli plaka ta\u015f\u0131y\u0131c\u0131<\/li>\n<li>Omuzlardan ve belden bedenlere g\u00f6re ayarlanabilir<\/li>\n<li>Yelek a\u011f\u0131rl\u0131\u011f\u0131 : 1250 gram<\/li>\n<li>Plaka cebi \u00f6l\u00e7\u00fcs\u00fc : 25x30cm<\/li>\n<li>D\u0131\u015f kuma\u015f : Polyamid 6.6 700D<\/li>\n<li>Aksesuarlar: 6 adet \u015farj\u00f6r cep, , 1 adet telsiz cebi, 4 adet bomba cebi, 1 adet suluk, 1 adet \u00e7ok maskatl\u0131 cep, 1 adet bo\u015f mermi cebi<\/li>\n<li>Plaka cepleri : \u00d6n, arka, yan<\/li>\n<\/ul>\n","protected":false},"excerpt":{"rendered":"<p>Model No \u2013 GG-PCR-0003 Multi-cam desenli plaka ta\u015f\u0131y\u0131c\u0131 Omuzlardan ve belden bedenlere g\u00f6re ayarlanabilir Yelek a\u011f\u0131rl\u0131\u011f\u0131 : 1250 gram Plaka cebi \u00f6l\u00e7\u00fcs\u00fc : 25x30cm D\u0131\u015f kuma\u015f : Polyamid 6.6 700D Aksesuarlar: 6 adet \u015farj\u00f6r cep, , 1 adet telsiz cebi, 4 adet bomba cebi, 1 adet suluk, 1 adet \u00e7ok maskatl\u0131 cep, 1 adet bo\u015f [&hellip;]<\/p>\n","protected":false},"featured_media":14198,"template":"","meta":[],"class_list":["post-14115","product","type-product","status-publish","has-post-thumbnail","hentry","product_cat-balistik-koruyucu-sistemler"],"_links":{"self":[{"href":"https:\/\/www.garantikompozit.com\/tr\/wp-json\/wp\/v2\/product\/14115","targetHints":{"allow":["GET"]}}],"collection":[{"href":"https:\/\/www.garantikompozit.com\/tr\/wp-json\/wp\/v2\/product"}],"about":[{"href":"https:\/\/www.garantikompozit.com\/tr\/wp-json\/wp\/v2\/types\/product"}],"wp:featuredmedia":[{"embeddable":true,"href":"https:\/\/www.garantikompozit.com\/tr\/wp-json\/wp\/v2\/media\/14198"}],"wp:attachment":[{"href":"https:\/\/www.garantikompozit.com\/tr\/wp-json\/wp\/v2\/media?parent=14115"}],"curies":[{"name":"wp","href":"https:\/\/api.w.org\/{rel}","templated":true}]}}