{"id":14111,"date":"2021-04-08T22:14:43","date_gmt":"2021-04-08T19:14:43","guid":{"rendered":"https:\/\/www.garantikompozit.com\/urun\/ballistic-vest-3\/"},"modified":"2021-04-09T13:41:41","modified_gmt":"2021-04-09T10:41:41","slug":"ballistic-vest-3","status":"publish","type":"product","link":"https:\/\/www.garantikompozit.com\/tr\/urun\/ballistic-vest-3\/","title":{"rendered":"BALLISTIC VEST"},"content":{"rendered":"<ul>\n<li>Model No \u2013 \u00a0GG-NIJ6-IIIA-PT2001<\/li>\n<li>Kamuflaj desenli Balistik Taktik Yelek<\/li>\n<li>Omuzlardan ve belden hassas ayarlanabilir<\/li>\n<li>Beden : S\/M\/L\/XL\/XXL<\/li>\n<li>Koruma seviyesi : NIJ Level IIIA<\/li>\n<li>Ta\u015f\u0131y\u0131c\u0131 bo\u015f a\u011f\u0131rl\u0131\u011f\u0131 :1040 gram<\/li>\n<li>Yelek a\u011f\u0131rl\u0131\u011f\u0131( L beden) : 3450 gram<\/li>\n<li>Yelek koruma alan\u0131 (L beden ) : 34,5 dm\u00b2<\/li>\n<li>D\u0131\u015f kuma\u015f : Polyamid 6.6 700D<\/li>\n<li>Aksesuarlar: 5 adet \u015farj\u00f6r cep, 1 adet s\u0131rt \u00e7antas\u0131, 1 adet \u00e7ok maksatl\u0131 cep, 1 adet batarya cebi, 1 adet telsiz cebi, 2 adet \u00a0bomba cebi, 2 adet gaz fi\u015fe\u011fi cep, 1 adet ask\u0131 kay\u0131\u015f\u0131, 4 adet MP4 cebi<\/li>\n<li>Plaka cepleri : \u00f6n, arka<\/li>\n<li>Ekstra koruma &#8211; \u00a0Kas\u0131k korumal\u0131<\/li>\n<\/ul>\n","protected":false},"excerpt":{"rendered":"<p>Model No \u2013 \u00a0GG-NIJ6-IIIA-PT2001 Kamuflaj desenli Balistik Taktik Yelek Omuzlardan ve belden hassas ayarlanabilir Beden : S\/M\/L\/XL\/XXL Koruma seviyesi : NIJ Level IIIA Ta\u015f\u0131y\u0131c\u0131 bo\u015f a\u011f\u0131rl\u0131\u011f\u0131 :1040 gram Yelek a\u011f\u0131rl\u0131\u011f\u0131( L beden) : 3450 gram Yelek koruma alan\u0131 (L beden ) : 34,5 dm\u00b2 D\u0131\u015f kuma\u015f : Polyamid 6.6 700D Aksesuarlar: 5 adet \u015farj\u00f6r cep, [&hellip;]<\/p>\n","protected":false},"featured_media":14174,"template":"","meta":[],"class_list":["post-14111","product","type-product","status-publish","has-post-thumbnail","hentry","product_cat-balistik-koruyucu-sistemler"],"_links":{"self":[{"href":"https:\/\/www.garantikompozit.com\/tr\/wp-json\/wp\/v2\/product\/14111","targetHints":{"allow":["GET"]}}],"collection":[{"href":"https:\/\/www.garantikompozit.com\/tr\/wp-json\/wp\/v2\/product"}],"about":[{"href":"https:\/\/www.garantikompozit.com\/tr\/wp-json\/wp\/v2\/types\/product"}],"wp:featuredmedia":[{"embeddable":true,"href":"https:\/\/www.garantikompozit.com\/tr\/wp-json\/wp\/v2\/media\/14174"}],"wp:attachment":[{"href":"https:\/\/www.garantikompozit.com\/tr\/wp-json\/wp\/v2\/media?parent=14111"}],"curies":[{"name":"wp","href":"https:\/\/api.w.org\/{rel}","templated":true}]}}