{"id":14104,"date":"2021-04-08T22:05:04","date_gmt":"2021-04-08T19:05:04","guid":{"rendered":"https:\/\/www.garantikompozit.com\/urun\/ballistic-vest\/"},"modified":"2021-04-09T13:33:26","modified_gmt":"2021-04-09T10:33:26","slug":"ballistic-vest","status":"publish","type":"product","link":"https:\/\/www.garantikompozit.com\/tr\/urun\/ballistic-vest\/","title":{"rendered":"BALLISTIC VEST"},"content":{"rendered":"<ul>\n<li>Model No : GG-NIJ6-IIIA-PT2002<\/li>\n<li>Laser \u00a0kesim molle sistemi, \u00d6zel Harekat Balistik Taktik Yelek 2<\/li>\n<li>Omuzlardan ve belden hassas ayarlanabilir<\/li>\n<li>Beden : S\/M\/L\/XL\/XXL<\/li>\n<li>Koruma seviyesi : NIJ Level IIIA<\/li>\n<li>Ta\u015f\u0131y\u0131c\u0131 bo\u015f a\u011f\u0131rl\u0131\u011f\u0131 :1500 gram<\/li>\n<li>Yelek a\u011f\u0131rl\u0131\u011f\u0131 : 5600 gram<\/li>\n<li>Yelek koruma alan\u0131 L beden i\u00e7in \u2013 72,5 \u00a0dm2<\/li>\n<li>D\u0131\u015f kuma\u015f : Polyamid 6.6 1000D<\/li>\n<li>Aksesuarlar\u0131: 4 adet \u015farj\u00f6r cep, 1 adet telsiz cep, 2 adet bomba cep, 1 adet s\u0131rt \u00e7antas\u0131<\/li>\n<li>Plaka cepleri : \u00d6n, arka<\/li>\n<li>Ekstra koruma : kas\u0131k, boyun, g\u0131rtlak, omuz, kollar,<\/li>\n<\/ul>\n","protected":false},"excerpt":{"rendered":"<p>Model No : GG-NIJ6-IIIA-PT2002 Laser \u00a0kesim molle sistemi, \u00d6zel Harekat Balistik Taktik Yelek 2 Omuzlardan ve belden hassas ayarlanabilir Beden : S\/M\/L\/XL\/XXL Koruma seviyesi : NIJ Level IIIA Ta\u015f\u0131y\u0131c\u0131 bo\u015f a\u011f\u0131rl\u0131\u011f\u0131 :1500 gram Yelek a\u011f\u0131rl\u0131\u011f\u0131 : 5600 gram Yelek koruma alan\u0131 L beden i\u00e7in \u2013 72,5 \u00a0dm2 D\u0131\u015f kuma\u015f : Polyamid 6.6 1000D Aksesuarlar\u0131: 4 [&hellip;]<\/p>\n","protected":false},"featured_media":14153,"template":"","meta":[],"class_list":["post-14104","product","type-product","status-publish","has-post-thumbnail","hentry","product_cat-balistik-koruyucu-sistemler"],"_links":{"self":[{"href":"https:\/\/www.garantikompozit.com\/tr\/wp-json\/wp\/v2\/product\/14104","targetHints":{"allow":["GET"]}}],"collection":[{"href":"https:\/\/www.garantikompozit.com\/tr\/wp-json\/wp\/v2\/product"}],"about":[{"href":"https:\/\/www.garantikompozit.com\/tr\/wp-json\/wp\/v2\/types\/product"}],"wp:featuredmedia":[{"embeddable":true,"href":"https:\/\/www.garantikompozit.com\/tr\/wp-json\/wp\/v2\/media\/14153"}],"wp:attachment":[{"href":"https:\/\/www.garantikompozit.com\/tr\/wp-json\/wp\/v2\/media?parent=14104"}],"curies":[{"name":"wp","href":"https:\/\/api.w.org\/{rel}","templated":true}]}}