{"id":12770,"date":"2020-12-23T10:30:27","date_gmt":"2020-12-23T07:30:27","guid":{"rendered":"https:\/\/www.garantikompozit.com\/?post_type=product&#038;p=12770"},"modified":"2020-12-28T15:24:20","modified_gmt":"2020-12-28T12:24:20","slug":"balistik-koruyucu-boyunluk","status":"publish","type":"product","link":"https:\/\/www.garantikompozit.com\/tr\/urun\/balistik-koruyucu-boyunluk\/","title":{"rendered":"Balistik Koruyucu Boyunluk"},"content":{"rendered":"<div>\u00dcr\u00fcn\u00fcn tamam\u0131nda 17 gr FSP ye kar\u015f\u0131 V50 de\u011feri > 240 m\/s olup yaka i\u00e7 k\u0131sm\u0131na seyyar olarak koyulabilen g\u00fc\u00e7lendirici kuma\u015f sayesinde 17 gr FSP ye kar\u015f\u0131 V50 de\u011feri > 320 m\/s ye y\u00fckseltilmektedir.<\/div>\n<p><\/p>\n<div class=\"fl w87 ml30 argePageTitle fl mt20\">\u00dcr\u00fcn \u00d6zellikleri<\/div>\n<p><\/p>\n<table>\n<tr>\n<td><strong>Koruma Seviyeleri<\/strong><\/td>\n<td><strong>STANAG 2920 min V50 m\/s 2 gr RCC<\/strong><\/td>\n<td><strong>STANAG 2920 min V50 m\/s 17 gr FSP<\/strong><\/td>\n<td><strong>ISO 13997 Seviye<\/strong><\/td>\n<td><strong>ISO 13997 Kuvvet N<\/strong><\/td>\n<td><strong>DIN 388 Seviye<\/strong><\/td>\n<\/tr>\n<tr>\n<td>G\u00f6vde<\/td>\n<td>290<\/td>\n<td>235<\/td>\n<td>B<\/td>\n<td>6,4<\/td>\n<td>2<\/td>\n<\/tr>\n<tr>\n<td>Yaka<\/td>\n<td>380<\/td>\n<td>315<\/td>\n<td>D<\/td>\n<td>15,6<\/td>\n<td>4<\/td>\n<\/tr>\n<\/table>\n","protected":false},"excerpt":{"rendered":"<p>\u00dcr\u00fcn\u00fcn tamam\u0131nda 17 gr FSP ye kar\u015f\u0131 V50 de\u011feri > 240 m\/s olup yaka i\u00e7 k\u0131sm\u0131na seyyar olarak koyulabilen g\u00fc\u00e7lendirici kuma\u015f sayesinde 17 gr FSP ye kar\u015f\u0131 V50 de\u011feri > 320 m\/s ye y\u00fckseltilmektedir. \u00dcr\u00fcn \u00d6zellikleri Koruma Seviyeleri STANAG 2920 min V50 m\/s 2 gr RCC STANAG 2920 min V50 m\/s 17 gr FSP ISO [&hellip;]<\/p>\n","protected":false},"featured_media":12771,"template":"","meta":[],"class_list":["post-12770","product","type-product","status-publish","has-post-thumbnail","hentry","product_cat-balistik-korucuyucu-ic-dis"],"_links":{"self":[{"href":"https:\/\/www.garantikompozit.com\/tr\/wp-json\/wp\/v2\/product\/12770","targetHints":{"allow":["GET"]}}],"collection":[{"href":"https:\/\/www.garantikompozit.com\/tr\/wp-json\/wp\/v2\/product"}],"about":[{"href":"https:\/\/www.garantikompozit.com\/tr\/wp-json\/wp\/v2\/types\/product"}],"wp:featuredmedia":[{"embeddable":true,"href":"https:\/\/www.garantikompozit.com\/tr\/wp-json\/wp\/v2\/media\/12771"}],"wp:attachment":[{"href":"https:\/\/www.garantikompozit.com\/tr\/wp-json\/wp\/v2\/media?parent=12770"}],"curies":[{"name":"wp","href":"https:\/\/api.w.org\/{rel}","templated":true}]}}